{"id":15983,"date":"2022-02-07T21:22:10","date_gmt":"2022-02-07T20:22:10","guid":{"rendered":"https:\/\/www.packpapierverlag.de\/?page_id=15983"},"modified":"2025-07-30T21:21:17","modified_gmt":"2025-07-30T19:21:17","slug":"texte-flyer-download","status":"publish","type":"page","link":"https:\/\/www.packpapierverlag.de\/?page_id=15983","title":{"rendered":"Texte + Flyer &#8211; Download"},"content":{"rendered":"<p>Hier ver\u00f6ffentlichen wir kurze oder aktuelle Text, oder auch interessante Fundst\u00fccke:<\/p>\n<p>&nbsp;<\/p>\n<p>Zur 27. Klimakonferenz: \u201e\u2026auf dem Weg in die Klimah\u00f6lle\u2026\u201cvon J\u00fcrgen Tallig (Mitbegr\u00fcnder des Neuen Forums in Leipzig) ===&gt; <a href=\"https:\/\/www.packpapierverlag.de\/wp-content\/uploads\/2022\/12\/J.Tallig-Klimahoelle-1.pdf\"><span style=\"color: #ff0000;\">Scharm-el-Scheich<\/span><\/a><\/p>\n<p>49. Einwurf des Ziegelbrenners: Der Anti-Kriegs-Einwurf ===&gt; <span style=\"color: #ff0000;\"><a style=\"color: #ff0000;\" href=\"https:\/\/www.packpapierverlag.de\/wp-content\/uploads\/2022\/11\/Gerald-Ukraine-A4.pdf\">Ukraine<\/a><\/span><\/p>\n<p>J\u00fcrgen Tallig: Vor der Klimakatastrophe &#8211; Last Exit Glasgow ===&gt; <span style=\"color: #ff0000;\"><a style=\"color: #ff0000;\" href=\"https:\/\/www.packpapierverlag.de\/wp-content\/uploads\/2022\/11\/J.Tallig-Glasgow.pdf\">Glasgow<\/a><\/span><\/p>\n<p>Gerald Gr\u00fcneklee &#8211; Wilde Tiere, abgeholzte W\u00e4lder (Corona und das Problem der Zoonosen) <span style=\"color: #ff0000;\">==&gt;<a style=\"color: #ff0000;\" href=\"https:\/\/www.packpapierverlag.de\/wp-content\/uploads\/2022\/02\/Zoonosen.pdf\">Zoonosen<\/a><\/span><\/p>\n<p>&nbsp;<\/p>\n<p>Cropp, Grimm: &#8222;Das <b>Lumpengesindel <\/b>&#8211; und die Geschichte hinter der Geschichte&#8220;\u00a0 28 Seiten in einer &#8222;bibliophilen&#8220; Papier-Ausgabe f\u00fcr 3,- Euro bei uns zu bestellen ( http:\/\/www.packpapierverlag.de\/?cat=18 ), oder nachfolgend etwas billiger (wenn man den Energieverbrauch nicht rechnet) Lumpengesindel.pdf <span style=\"color: #ff6600;\"><a style=\"color: #ff6600;\" href=\"http:\/\/packpapierverlag-textarchiv.de\/mediapool\/38\/381970\/data\/Lumpengesindel.pdf\" target=\"_blank\" rel=\"noopener\"><b>Download<\/b><\/a><\/span><\/p>\n<p>&nbsp;<\/p>\n<p>Cropp\/ETA Hoffmann\/Mart: &#8222;<b>Meister Floh<\/b> &#8211; Gerechtigkeit, ein M\u00e4rchen&#8220;\u00a0 32 Seiten in einer &#8222;bibliophilen&#8220; Papier-Ausgabe f\u00fcr 3,- Euro bei uns zu bestellen ( http:\/\/www.packpapierverlag.de\/?cat=18 ), oder nachfolgend etwas billiger (wenn man den Energieverbrauch nicht rechnet) Meister Floh.pdf\u00a0 <span style=\"color: #ff6600;\"><a style=\"color: #ff6600;\" href=\"http:\/\/packpapierverlag-textarchiv.de\/mediapool\/38\/381970\/data\/Meister_Floh.pdf\" target=\"_blank\" rel=\"noopener\"><b>Download<\/b><\/a><\/span><\/p>\n<p>&nbsp;<\/p>\n<p>Herrmann Cropp: <b>&#8222;Solit\u00e4r &#8211; Glasperlenspiele&#8220;<\/b>\u00a0 20 Seiten, illustriert, als Papier-Ausgabe f\u00fcr 1,- Euro bei uns zu bestellen ( http:\/\/www.packpapierverlag.de\/?cat=18 ), oder nachfolgend etwas billiger (wenn man den Energieverbrauch nicht rechnet) Solit\u00e4r.pdf\u00a0 <span style=\"color: #ff0000;\"><a style=\"color: #ff0000;\" href=\"http:\/\/packpapierverlag-textarchiv.de\/mediapool\/38\/381970\/data\/Solit_r.pdf\" target=\"_blank\" rel=\"noopener\"><b>Download<\/b><\/a><\/span><\/p>\n<p><strong>B\u00fccher und Leser &#8211; ein Beispiel:<\/strong> In Antiquariaten findet man viele alte B\u00fccher, das ist sch\u00f6n f\u00fcr B\u00fccherfreunde, und es sind gar nicht die besterhaltenen ungelesenen unbefleckten ohne Knick und Lesespuren, sondern grade die B\u00fccher, denen man ansieht da\u00df sie ein Menschenleben begleitet haben:<span style=\"color: #ff0000;\"> <a style=\"color: #ff0000;\" href=\"https:\/\/www.packpapierverlag.de\/wp-content\/uploads\/2024\/05\/BuecherLeser1-Netzversion.pdf\" target=\"_blank\" rel=\"noopener\">(===&gt;)<\/a><\/span><\/p>\n<p>&nbsp;<\/p>\n<p><span style=\"color: #339966;\"><strong><span style=\"color: #339966;\">Bildgedichte Dreizeiler F\u00fcnfzeile<\/span>r<\/strong><\/span> <a href=\"https:\/\/www.packpapierverlag.de\/?product=dreizeiler-fuenfzeiler-bildgedichte\" target=\"_blank\" rel=\"noopener\">===&gt;<\/a><\/p>\n","protected":false},"excerpt":{"rendered":"<p>Hier ver\u00f6ffentlichen wir kurze oder aktuelle Text, oder auch interessante [&hellip;] &hellip; <a href=\"https:\/\/www.packpapierverlag.de\/?page_id=15983\">Weiterlesen <span class=\"meta-nav\">&rarr;<\/span><\/a><\/p>\n","protected":false},"author":8,"featured_media":0,"parent":0,"menu_order":0,"comment_status":"closed","ping_status":"closed","template":"","meta":{"footnotes":""},"class_list":["post-15983","page","type-page","status-publish","hentry"],"_links":{"self":[{"href":"https:\/\/www.packpapierverlag.de\/index.php?rest_route=\/wp\/v2\/pages\/15983","targetHints":{"allow":["GET"]}}],"collection":[{"href":"https:\/\/www.packpapierverlag.de\/index.php?rest_route=\/wp\/v2\/pages"}],"about":[{"href":"https:\/\/www.packpapierverlag.de\/index.php?rest_route=\/wp\/v2\/types\/page"}],"author":[{"embeddable":true,"href":"https:\/\/www.packpapierverlag.de\/index.php?rest_route=\/wp\/v2\/users\/8"}],"replies":[{"embeddable":true,"href":"https:\/\/www.packpapierverlag.de\/index.php?rest_route=%2Fwp%2Fv2%2Fcomments&post=15983"}],"version-history":[{"count":14,"href":"https:\/\/www.packpapierverlag.de\/index.php?rest_route=\/wp\/v2\/pages\/15983\/revisions"}],"predecessor-version":[{"id":15989,"href":"https:\/\/www.packpapierverlag.de\/index.php?rest_route=\/wp\/v2\/pages\/15983\/revisions\/15989"}],"wp:attachment":[{"href":"https:\/\/www.packpapierverlag.de\/index.php?rest_route=%2Fwp%2Fv2%2Fmedia&parent=15983"}],"curies":[{"name":"wp","href":"https:\/\/api.w.org\/{rel}","templated":true}]}}