{"id":2030,"date":"2011-01-23T16:45:21","date_gmt":"2011-01-23T15:45:21","guid":{"rendered":"http:\/\/www.packpapierverlag.de\/neu\/?page_id=2030"},"modified":"2025-06-21T12:56:06","modified_gmt":"2025-06-21T10:56:06","slug":"unterstutzung","status":"publish","type":"page","link":"https:\/\/www.packpapierverlag.de\/?page_id=2030","title":{"rendered":"Unterst\u00fctzung"},"content":{"rendered":"<p>Danke f\u00fcr freundliche Wort, zum Beispiel:<\/p>\n<p>&nbsp;<\/p>\n<p><a href=\"https:\/\/www.packpapierverlag.de\/wp-content\/uploads\/2011\/01\/Dankesch\u00f6n-mit-Blume2.jpg\"><img loading=\"lazy\" decoding=\"async\" class=\"size-full wp-image-18979 alignnone\" src=\"https:\/\/www.packpapierverlag.de\/wp-content\/uploads\/2025\/06\/250621linett-scaled.jpg\" alt=\"\" width=\"1991\" height=\"2560\" srcset=\"https:\/\/www.packpapierverlag.de\/wp-content\/uploads\/2025\/06\/250621linett-scaled.jpg 1991w, https:\/\/www.packpapierverlag.de\/wp-content\/uploads\/2025\/06\/250621linett-scaled-300x386.jpg 300w, https:\/\/www.packpapierverlag.de\/wp-content\/uploads\/2025\/06\/250621linett-233x300.jpg 233w, https:\/\/www.packpapierverlag.de\/wp-content\/uploads\/2025\/06\/250621linett-797x1024.jpg 797w, https:\/\/www.packpapierverlag.de\/wp-content\/uploads\/2025\/06\/250621linett-1195x1536.jpg 1195w, https:\/\/www.packpapierverlag.de\/wp-content\/uploads\/2025\/06\/250621linett-1593x2048.jpg 1593w\" sizes=\"auto, (max-width: 1991px) 100vw, 1991px\" \/><\/a><\/p>\n<p>&nbsp;<\/p>\n<p><a href=\"https:\/\/www.packpapierverlag.de\/wp-content\/uploads\/2011\/01\/Dankesch\u00f6n-mit-Blume.jpg\"><img loading=\"lazy\" decoding=\"async\" class=\"alignright size-medium wp-image-5509\" title=\"My beautiful picture\" src=\"https:\/\/www.packpapierverlag.de\/wp-content\/uploads\/2011\/01\/Dankesch\u00f6n-mit-Blume-159x300.jpg\" alt=\"\" width=\"159\" height=\"300\" srcset=\"https:\/\/www.packpapierverlag.de\/wp-content\/uploads\/2011\/01\/Dankesch\u00f6n-mit-Blume-159x300.jpg 159w, https:\/\/www.packpapierverlag.de\/wp-content\/uploads\/2011\/01\/Dankesch\u00f6n-mit-Blume-300x565.jpg 300w, https:\/\/www.packpapierverlag.de\/wp-content\/uploads\/2011\/01\/Dankesch\u00f6n-mit-Blume-543x1024.jpg 543w, https:\/\/www.packpapierverlag.de\/wp-content\/uploads\/2011\/01\/Dankesch\u00f6n-mit-Blume.jpg 1024w\" sizes=\"auto, (max-width: 159px) 100vw, 159px\" \/><\/a><\/p>\n<p>Unterst\u00fctzung netzseite<\/p>\n<div style=\"text-align: left;\"><small style=\"color: #043d1b;\"><span style=\"font-family: Helvetica,Arial,sans-serif; font-weight: bold;\">Als<br \/>\nKlein(st)verlag zu \u00fcberleben, ist nicht einfach und d`rum<br \/>\nhilfreich, wenn Mensch Unterst\u00fctzung erf\u00e4hrt.<\/span><br style=\"font-family: Helvetica,Arial,sans-serif;\" \/><span style=\"font-family: Helvetica,Arial,sans-serif;\"><br \/>\nWer daran mitwirken m\u00f6chte, da\u00df der Verlag und damit<br \/>\nauch<br \/>\nseine B\u00fccher fortbestehen, vertiefe sich in die folgende<br \/>\nM\u00f6glichkeitenliste. Und so er f\u00fcndig wird, schreibe<br \/>\ner\/sie<br \/>\nuns einfach eine mail: packpapierverlag(at)web.de ODER einen Brief:<br \/>\nPackpapier Verlag \u2013 Postfach 1811 \u2013 49008<br \/>\nOsnabr\u00fcck.<br \/>\nBei Warenzusendungen bitte unsere Hausanschrift erfragen.<\/span><br style=\"font-family: Helvetica,Arial,sans-serif;\" \/><span style=\"font-family: Helvetica,Arial,sans-serif;\"><br \/>\n.<\/span><br style=\"font-family: Helvetica,Arial,sans-serif;\" \/><span style=\"font-family: Helvetica,Arial,sans-serif; font-weight: bold;\"><br \/>\nLesen!<\/span><br style=\"font-family: Helvetica,Arial,sans-serif;\" \/><span style=\"font-family: Helvetica,Arial,sans-serif;\"><br \/>\nIst nat\u00fcrlich immer die allerbeste Unterst\u00fctzung.<\/span><br style=\"font-family: Helvetica,Arial,sans-serif;\" \/><span style=\"font-family: Helvetica,Arial,sans-serif;\"><br \/>\n.<\/span><br style=\"font-family: Helvetica,Arial,sans-serif;\" \/><span style=\"font-family: Helvetica,Arial,sans-serif; font-weight: bold;\"><br \/>\nMundpropaganda!<\/span><br style=\"font-family: Helvetica,Arial,sans-serif;\" \/><span style=\"font-family: Helvetica,Arial,sans-serif;\"><br \/>\nIst auch was Feines- allerdings meinen wir damit nicht, da\u00df<br \/>\nIhr<br \/>\ntausende links auf Facebook platziert (blo\u00df nicht!). Lieber<br \/>\ndirekt von Mensch zu Mensch- vielleicht indem Ihr ein Buch von uns<br \/>\nverschenkt oder unsere B\u00fccherlisten verteilt.<\/span><br style=\"font-family: Helvetica,Arial,sans-serif;\" \/><span style=\"font-family: Helvetica,Arial,sans-serif;\"><br \/>\n.<\/span><br style=\"font-family: Helvetica,Arial,sans-serif;\" \/><span style=\"font-family: Helvetica,Arial,sans-serif; font-weight: bold;\"><br \/>\nWiederverkaufen!<\/span><br style=\"font-family: Helvetica,Arial,sans-serif;\" \/><span style=\"font-family: Helvetica,Arial,sans-serif;\"><br \/>\nFeste, Projekte, Demos, M\u00e4rkte,&#8230; vielleicht habt Ihr Lust,<br \/>\neinen<br \/>\nB\u00fcchertisch mit unserem Lesefutter zu machen und so den Verlag<br \/>\nzu<br \/>\nunterst\u00fctzen? Fragt uns nach den Konditionen f\u00fcr<br \/>\nWiederverk\u00e4ufer.<\/span><br style=\"font-family: Helvetica,Arial,sans-serif;\" \/><span style=\"font-family: Helvetica,Arial,sans-serif;\"><br \/>\n.<\/span><br style=\"font-family: Helvetica,Arial,sans-serif;\" \/><span style=\"font-family: Helvetica,Arial,sans-serif; font-weight: bold;\"><br \/>\nEinladen 1!<\/span><br style=\"font-family: Helvetica,Arial,sans-serif;\" \/><span style=\"font-family: Helvetica,Arial,sans-serif;\"><br \/>\nWir lassen uns gerne von Euch einladen, um selbst einen<br \/>\nB\u00fcchertisch zu machen. Unser Anfahrtsweg sollte aber in einem<br \/>\nsinnvollen Verh\u00e4ltnis zu der zu erwartenden Leserschaft<br \/>\nstehen.<br \/>\nB\u00fcchertische machen wir z.B. auf Demos, Festivals,<br \/>\nProjektveranstaltungen, Kommunetreffen,&#8230;<\/span><br style=\"font-family: Helvetica,Arial,sans-serif;\" \/><span style=\"font-family: Helvetica,Arial,sans-serif;\"><br \/>\n.<\/span><br style=\"font-family: Helvetica,Arial,sans-serif;\" \/><span style=\"font-family: Helvetica,Arial,sans-serif; font-weight: bold;\"><br \/>\nDirekt- Verpackungs- Recycling!<\/span><br style=\"font-family: Helvetica,Arial,sans-serif;\" \/><span style=\"font-family: Helvetica,Arial,sans-serif;\"><br \/>\nGeschenkverpackungen zuhause, ungeliebte Poster auf dem Dachboden,<br \/>\ngelaufene Luftpolstertaschen in Betrieb- werft das mal nicht weg!<br \/>\nSondern sammelt und schickt uns die Dinge zu, die geeignet sind, darin<br \/>\nB\u00fccher f\u00fcr den Versand einzuwickeln. Das verringert<br \/>\nden<br \/>\nM\u00fcllberg und erspart uns `ne Menge Nebenkosten. <\/span><br style=\"font-family: Helvetica,Arial,sans-serif;\" \/><span style=\"font-family: Helvetica,Arial,sans-serif;\"><br \/>\n.<\/span><br style=\"font-family: Helvetica,Arial,sans-serif;\" \/><span style=\"font-family: Helvetica,Arial,sans-serif; font-weight: bold;\"><br \/>\nPapierspenden!<\/span><br style=\"font-family: Helvetica,Arial,sans-serif;\" \/><span style=\"font-family: Helvetica,Arial,sans-serif;\"><br \/>\nAls Verlag mit kleiner Werkstattdruckerei ben\u00f6tigen wir immer<br \/>\nviel<br \/>\nPapier. Falls Ihr Personen oder Firmen kennt, die Lagerware abzugeben<br \/>\nhaben, die sie nicht mehr brauchen oder wenn Ihr selbst Papier<br \/>\nloswerden wollt, dann nehmen wir es gerne. Gemeint ist<br \/>\nnat\u00fcrlich<br \/>\nnicht irgendein Papier, sondern Bl\u00e4tter im Format DIN A5 bis<br \/>\nDIN<br \/>\nA1; am h\u00e4ufigsten ben\u00f6tigen wir A4- Papier. Ansonsten<br \/>\nist uns<br \/>\nalles recht, bunt oder nicht bunt, d\u00fcnnes oder dickes Papier<br \/>\noder<br \/>\nKarton. Wichtig: falls jemand auf den Gedanken kommen sollte, uns kein<br \/>\naltes Papier oder Papierausschuss zu spenden, sondern es f\u00fcr<br \/>\nuns<br \/>\nkaufen m\u00f6chte, dann bitte ausschlie\u00dflich nicht<br \/>\ngebleichtes<br \/>\nRecyclingpapier!<\/span><br style=\"font-family: Helvetica,Arial,sans-serif;\" \/><span style=\"font-family: Helvetica,Arial,sans-serif;\"><br \/>\n.<\/span><br style=\"font-family: Helvetica,Arial,sans-serif;\" \/><span style=\"font-family: Helvetica,Arial,sans-serif; font-weight: bold;\"><br \/>\nBriefmarkenspenden!<\/span><br style=\"font-family: Helvetica,Arial,sans-serif;\" \/><span style=\"font-family: Helvetica,Arial,sans-serif;\"><br \/>\nWer Geldspenden doof findet, aber dennoch spenden m\u00f6chte, kann<br \/>\nuns<br \/>\npostfrische deutsche Briefmarken zusenden, denn die brauchen wir<br \/>\nf\u00fcr den Buchversand nat\u00fcrlich t\u00e4glich. <\/span><br style=\"font-family: Helvetica,Arial,sans-serif;\" \/><span style=\"font-family: Helvetica,Arial,sans-serif;\"><br \/>\n.<\/span><br style=\"font-family: Helvetica,Arial,sans-serif;\" \/><span style=\"font-family: Helvetica,Arial,sans-serif; font-weight: bold;\"><br \/>\nEinladen 2!<\/span><br style=\"font-family: Helvetica,Arial,sans-serif;\" \/><span style=\"font-family: Helvetica,Arial,sans-serif;\"><br \/>\nWir machen nicht nur B\u00fccher, sondern halten auch<br \/>\nVortr\u00e4ge mit<br \/>\nBild- und Musikuntermalung zu verschiedenen Themen (z.B. Kulturrevolte<br \/>\nder Hippies, Vagabunden, Zensur, Krieg und Frieden,&#8230;);<br \/>\nau\u00dferdem<br \/>\nbieten wir Literatursalons (gemeinsame Lesung und Diskussion) zu<br \/>\nverschiedenen Autoren an. Das Honorar ist Verhandlungssache und richtet<br \/>\nsich u.a. nach unserer Anfahrtszeit und Euren M\u00f6glichkeiten.<\/span><br style=\"font-family: Helvetica,Arial,sans-serif;\" \/><span style=\"font-family: Helvetica,Arial,sans-serif;\"><br \/>\n.<\/span><br style=\"font-family: Helvetica,Arial,sans-serif;\" \/><span style=\"font-family: Helvetica,Arial,sans-serif; font-weight: bold;\"><br \/>\nPatenschaften!<\/span><br style=\"font-family: Helvetica,Arial,sans-serif;\" \/><span style=\"font-family: Helvetica,Arial,sans-serif;\">B\u00fccher<br \/>\nzu<br \/>\ndrucken ist teuer und manchmal k\u00f6nnen wir nicht<br \/>\nalle B\u00fccher liefern. Das ist schade f\u00fcr die<br \/>\nB\u00fccher und<br \/>\nihre Leser. Vielleicht war auch schon Euer Lieblingsbuch nicht<br \/>\nlieferbar oder Ihr wartet schon lange darauf, da\u00df es wieder<br \/>\nerscheint? Was k\u00f6nnt Ihr tun? Ihr k\u00f6nnt allein oder<br \/>\nmit<br \/>\nmehreren f\u00fcr das Buch, das Euch wichtig ist, eine<br \/>\nPatenschaft \u00fcbernehmen, indem Ihr entweder den Druck dieses<br \/>\nBuches<br \/>\n(mit-)finanziert (als Dankesch\u00f6n gibt es Rabatte f\u00fcr<br \/>\nden<br \/>\nEinkauf bei uns oder gemischte B\u00fccherpakete) oder indem Ihr<br \/>\neine<br \/>\ngr\u00f6\u00dfere Anzahl<br \/>\nInteressenten findet, die verbindlich zusagen, das Buch nach dem Druck<br \/>\nzu kaufen. Bei Interesse erl\u00e4utern wir mit Euch gerne die<br \/>\nEinzelheiten.<\/span><br style=\"font-family: Helvetica,Arial,sans-serif;\" \/><span style=\"font-family: Helvetica,Arial,sans-serif;\"><br \/>\n.<\/span><br style=\"font-family: Helvetica,Arial,sans-serif;\" \/><span style=\"font-family: Helvetica,Arial,sans-serif; font-weight: bold;\"><br \/>\nEigene Ideen?<\/span><br style=\"font-family: Helvetica,Arial,sans-serif;\" \/><span style=\"font-family: Helvetica,Arial,sans-serif;\"><br \/>\nImmer her damit!<\/span><br style=\"font-family: Helvetica,Arial,sans-serif;\" \/><span style=\"font-family: Helvetica,Arial,sans-serif;\"><br \/>\n&#8230;..<\/span><\/small><\/div>\n<p>&nbsp;<\/p>\n","protected":false},"excerpt":{"rendered":"<p>Danke f\u00fcr freundliche Wort, zum Beispiel: &nbsp; &nbsp; Unterst\u00fctzung netzseite [&hellip;] &hellip; <a href=\"https:\/\/www.packpapierverlag.de\/?page_id=2030\">Weiterlesen <span class=\"meta-nav\">&rarr;<\/span><\/a><\/p>\n","protected":false},"author":8,"featured_media":0,"parent":0,"menu_order":0,"comment_status":"closed","ping_status":"open","template":"","meta":{"footnotes":""},"class_list":["post-2030","page","type-page","status-publish","hentry"],"_links":{"self":[{"href":"https:\/\/www.packpapierverlag.de\/index.php?rest_route=\/wp\/v2\/pages\/2030","targetHints":{"allow":["GET"]}}],"collection":[{"href":"https:\/\/www.packpapierverlag.de\/index.php?rest_route=\/wp\/v2\/pages"}],"about":[{"href":"https:\/\/www.packpapierverlag.de\/index.php?rest_route=\/wp\/v2\/types\/page"}],"author":[{"embeddable":true,"href":"https:\/\/www.packpapierverlag.de\/index.php?rest_route=\/wp\/v2\/users\/8"}],"replies":[{"embeddable":true,"href":"https:\/\/www.packpapierverlag.de\/index.php?rest_route=%2Fwp%2Fv2%2Fcomments&post=2030"}],"version-history":[{"count":11,"href":"https:\/\/www.packpapierverlag.de\/index.php?rest_route=\/wp\/v2\/pages\/2030\/revisions"}],"predecessor-version":[{"id":18981,"href":"https:\/\/www.packpapierverlag.de\/index.php?rest_route=\/wp\/v2\/pages\/2030\/revisions\/18981"}],"wp:attachment":[{"href":"https:\/\/www.packpapierverlag.de\/index.php?rest_route=%2Fwp%2Fv2%2Fmedia&parent=2030"}],"curies":[{"name":"wp","href":"https:\/\/api.w.org\/{rel}","templated":true}]}}