{"id":2055,"date":"2011-01-23T16:54:03","date_gmt":"2011-01-23T15:54:03","guid":{"rendered":"http:\/\/www.packpapierverlag.de\/neu\/?page_id=2055"},"modified":"2020-10-18T19:09:31","modified_gmt":"2020-10-18T17:09:31","slug":"unsere-buchpartner","status":"publish","type":"page","link":"https:\/\/www.packpapierverlag.de\/?page_id=2055","title":{"rendered":"Unsere Buchpartner"},"content":{"rendered":"<div style=\"color: #336666; font-family: Helvetica,Arial,sans-serif; text-align: center;\">\n<p>BUCHPARTNER?<br \/>\nZun\u00e4chst sind nat\u00fcrlich alle Leser unserer B\u00fccher auch Buchpartner, genauso, wie unsere Autoren und die Menschen, die dem Verlag in der Not geholfen haben und helfen. Ihnen allen an dieser Stelle ein dickes Dankesch\u00f6n! Hier sollen aber vor allem jene Buchprojekte und Verlage erw\u00e4hnt werden, mit denen der Packpapier Verlag Buchkooperationen pflegt und B\u00fccher tauscht. Los geht`s:<br \/>\n(&#8230; Die Einzelvorstellungen sind noch in Vorbereitung, aber n paar links gibt`s schon&#8230;.)<\/p>\n<p>&nbsp;<\/p>\n<p>BODENSTATION<br \/>\n&#8230;&#8230;&#8230;<\/p>\n<p>&nbsp;<\/p>\n<p>MAUSVERSAND<br \/>\nwww.maus-versand.de<\/p>\n<p>&nbsp;<\/p>\n<p>DER RABE RALF<br \/>\nDer Rabe Ralf ist die Umweltzeitung der Gr\u00fcnen Liga e.V. in Berlin, einem Umweltschutzverband, dessen Wurzeln in der Friedens-.und Umweltbewegung der DDR liegen. Im Raben gibt es Neuigkeiten zur Umweltpolitik in Berlin und weltweit, dazu den Gentechnik- Ticker, Veranstaltungs- und Aktionshinweise- und Berichte sowie Anregungen zum G\u00e4rtnern in der Stadt. 2009 standen wir auf der gro\u00dfen AntiAtomDemo am Brandenburger Tor zuf\u00e4llig mit unserem B\u00fcchertisch neben dem Stand der Gr\u00fcnen Liga. Eine &#8222;R\u00e4bin&#8220; kam neugierig zu uns: &#8222;Seid Ihr etwa der wundervolle Packpapierverlag?&#8220;- &#8222;Und seid Ihr der wundervolle Rabe Ralf?&#8220; Auf der n\u00e4chsten AntiAtomDemo am Berliner Hauptbahnhof besprachen wir dann mit der Kr\u00e4uter- und Pilzexpertin Elisabeth Westphal, die ihre Sammel- und Rezeptideen im Raben ver\u00f6ffentlicht, die gemeinsame Raben\/Packpapier- Ausgabe des Wildkr\u00e4uter- Buches, das Ihr bei uns oder bei der Gr\u00fcnen Liga kaufen k\u00f6nnt. Wir verteilen den Raben bei unseren B\u00fcchertouren durch die Biol\u00e4den in Berlin und Brandenburg und die Raben verteilen unsere B\u00fccherlisten. Wenn Ihr an einem Raben-Abo interessiert seid, dann meldet Euch bei der Gr\u00fcnen Liga &#8211; oder bei uns, dann geben wir den Abo-Wunsch weiter. Der Rabe erscheint ca. alle 2 Monate, kostet nicht viel und wir k\u00f6nnen ihn sehr empfehlen!<\/p>\n<p>raberalf.grueneliga-berlin.de<\/p>\n<p>&nbsp;<\/p>\n<p><a href=\"https:\/\/www.packpapierverlag.de\/wp-content\/uploads\/2011\/01\/1-Wir-wollen-leben1.jpg\"><img loading=\"lazy\" decoding=\"async\" class=\"alignleft size-medium wp-image-5975\" title=\"1-Wir-wollen-leben\" src=\"https:\/\/www.packpapierverlag.de\/wp-content\/uploads\/2011\/01\/1-Wir-wollen-leben1-232x300.jpg\" alt=\"\" width=\"232\" height=\"300\" srcset=\"https:\/\/www.packpapierverlag.de\/wp-content\/uploads\/2011\/01\/1-Wir-wollen-leben1-232x300.jpg 232w, https:\/\/www.packpapierverlag.de\/wp-content\/uploads\/2011\/01\/1-Wir-wollen-leben1-scaled-300x387.jpg 300w, https:\/\/www.packpapierverlag.de\/wp-content\/uploads\/2011\/01\/1-Wir-wollen-leben1-794x1024.jpg 794w, https:\/\/www.packpapierverlag.de\/wp-content\/uploads\/2011\/01\/1-Wir-wollen-leben1-scaled.jpg 1985w\" sizes=\"auto, (max-width: 232px) 100vw, 232px\" \/><\/a><a href=\"https:\/\/www.packpapierverlag.de\/wp-content\/uploads\/2011\/01\/2-Strahlemann_Energiewende1.jpg\"><img loading=\"lazy\" decoding=\"async\" class=\"alignleft size-medium wp-image-5976\" title=\"2-Strahlemann_Energiewende\" src=\"https:\/\/www.packpapierverlag.de\/wp-content\/uploads\/2011\/01\/2-Strahlemann_Energiewende1-300x210.jpg\" alt=\"\" width=\"300\" height=\"210\" srcset=\"https:\/\/www.packpapierverlag.de\/wp-content\/uploads\/2011\/01\/2-Strahlemann_Energiewende1-300x210.jpg 300w, https:\/\/www.packpapierverlag.de\/wp-content\/uploads\/2011\/01\/2-Strahlemann_Energiewende1-1024x720.jpg 1024w\" sizes=\"auto, (max-width: 300px) 100vw, 300px\" \/><\/a><\/p>\n<p><a href=\"https:\/\/www.packpapierverlag.de\/wp-content\/uploads\/2011\/01\/3-Fortschrittslied_Klagelied_Wir-wollen-leben.jpg\"><img loading=\"lazy\" decoding=\"async\" class=\"alignleft size-medium wp-image-5977\" title=\"3-Fortschrittslied_Klagelied_Wir-wollen-leben\" src=\"https:\/\/www.packpapierverlag.de\/wp-content\/uploads\/2011\/01\/3-Fortschrittslied_Klagelied_Wir-wollen-leben-300x230.jpg\" alt=\"\" width=\"300\" height=\"230\" srcset=\"https:\/\/www.packpapierverlag.de\/wp-content\/uploads\/2011\/01\/3-Fortschrittslied_Klagelied_Wir-wollen-leben-300x230.jpg 300w, https:\/\/www.packpapierverlag.de\/wp-content\/uploads\/2011\/01\/3-Fortschrittslied_Klagelied_Wir-wollen-leben-1024x785.jpg 1024w\" sizes=\"auto, (max-width: 300px) 100vw, 300px\" \/><\/a><\/p>\n<p><span style=\"font-weight: bold;\">\u00a0<\/span><\/p>\n<p>&nbsp;<\/p>\n<p>&nbsp;<\/p>\n<p>&nbsp;<\/p>\n<p>&nbsp;<\/p>\n<p>&nbsp;<\/p>\n<p>&nbsp;<\/p>\n<p>&nbsp;<\/p>\n<p><span style=\"font-weight: bold;\">EINF\u00c4LLE STATT ABF\u00c4LLE<\/span><br \/>\nGemeinsam mit Christian Kuhtz` Verlag aus Kiel, den die meisten von Euch kennen werden, haben wir Antje Ohlhoffs Anleitung zum Bau eines Lehmfachwerkhauses herausgegeben. Wir verkaufen neben diesem Buch und der ebenfalls gemeinsam herausgegebenen Kleinen Ofenkunde nat\u00fcrlich auch alle EsA- Hefte zum Wind-, Sonnenanlagen-, Ofen- und Fahrradbau und die anderen Anleitungen zum Bau \u00f6kologischer Maschinen f\u00fcr den Hausgebrauch. Menschen- und umweltfreundliche T\u00fcfteleien, die aus Wohlstandsm\u00fcll und Schrott und damit f\u00fcr wenig Geld hergestellt werden k\u00f6nnen, sind eine Alternative f\u00fcr alle, die kein Geld f\u00fcr teure Technik und Handwerker haben und f\u00fcr diejenigen, die ohnehin keine Lust auf Konsum, sondern auf`s Selbermachen haben!<br \/>\nWeniger bekannt ist, da\u00df Christian auch singt und Gitarre spielt- &#8222;naja, Lagerfeuerdiplom vierter Klasse&#8220;, sagt er bescheiden.<br \/>\n<span style=\"font-weight: bold; color: #663366;\">Er hat f\u00fcr Euch zur kreativ-widerst\u00e4ndigen Verbreitung drei Lieder geschrieben, die Ihr hier als mp3 anh\u00f6ren und als pdf ausdrucken k\u00f6nnt. Download und nichtkommerzielle Weitergabe (mit Angabe des Urhebers) und Weiter-Umdichtungen sind ausdr\u00fccklich erw\u00fcnscht!<\/span><\/p>\n<p>&nbsp;<\/p>\n<p><a href=\"https:\/\/www.packpapierverlag.de\/wp-content\/uploads\/2011\/01\/1-Wir-wollen-leben.mp3\">1-Wir-wollen-leben<\/a><\/p>\n<p><a href=\"https:\/\/www.packpapierverlag.de\/wp-content\/uploads\/2011\/01\/2-Strahleman.mp3\">2-Strahleman<\/a><\/p>\n<p><a href=\"https:\/\/www.packpapierverlag.de\/wp-content\/uploads\/2011\/01\/3-Fortschrittslied_Klagelied-Wir-wollen-leben.mp3\">3-Fortschrittslied_Klagelied-Wir-wollen-leben<\/a><br \/>\n<small><\/small><\/p>\n<p>&nbsp;<\/p>\n<p>VERLAG KETABHA (Schweiz)<br \/>\n&#8230;&#8230;&#8230;<\/p>\n<p>PROJEKTWERKSTATT SAASEN<\/p>\n<p>Gar so viele aktive Anarchisten gibt es ja leider nicht mehr. Manch einer bezeichnet sich zwar selbst als Anarchisten, ist dabei aber zum Beispiel Institutsleiter an der Uni oder Steinewerfer im schwarzen Block. Das mag gut oder weniger gut sein, konsequente Anarchie ist es nicht. Und wo es im Alltag gelebte Anarchie gibt, z.B. in Wohnprojekten oder Kommunen (die allerdings eher irgendeine Form der \u201eBasisdemokratie\u201c praktizieren), fehlt es meist an theoretischen Einlassungen oder kritischen Untersuchungen der alternativen Szene. Anders bei J\u00f6rg Bergstedt und der Projektwerkstatt: hier kommen gelebte Anarchie, widerst\u00e4ndlerischer Umweltschutz und kritische Analyse zusammen. Pers\u00f6nlich hat J\u00f6rg keinen Bedarf an Geld &#8211; und auch die Projektwerkstatt sowie alle von dort ausgehenden Aktionen sind unabh\u00e4ngig organisiert. Mit den \u00d6ko-Aktivist*innen in Saasen tauschen wir Packpapier-B\u00fccher gegen die dort erscheinenden Seitenhieb-Verlagsver\u00f6ffentlichungen.<br \/>\n<a href=\"https:\/\/deref-web.de\/mail\/client\/7cbHE6lYRyE\/dereferrer\/?redirectUrl=http%3A%2F%2Fwww.projektwerkstatt.de%2Fsaasen\" target=\"_blank\" rel=\"noopener noreferrer\">www.projektwerkstatt.de\/saasen<\/a><\/p>\n<p>.<br \/>\nJAN STERNECK<br \/>\nwww.sterneck.net<\/p>\n<p><small>\u00a0<\/small><\/p>\n<\/div>\n","protected":false},"excerpt":{"rendered":"<p>BUCHPARTNER? Zun\u00e4chst sind nat\u00fcrlich alle Leser unserer B\u00fccher auch Buchpartner, [&hellip;] &hellip; <a href=\"https:\/\/www.packpapierverlag.de\/?page_id=2055\">Weiterlesen <span class=\"meta-nav\">&rarr;<\/span><\/a><\/p>\n","protected":false},"author":8,"featured_media":0,"parent":0,"menu_order":0,"comment_status":"closed","ping_status":"open","template":"","meta":{"footnotes":""},"class_list":["post-2055","page","type-page","status-publish","hentry"],"_links":{"self":[{"href":"https:\/\/www.packpapierverlag.de\/index.php?rest_route=\/wp\/v2\/pages\/2055","targetHints":{"allow":["GET"]}}],"collection":[{"href":"https:\/\/www.packpapierverlag.de\/index.php?rest_route=\/wp\/v2\/pages"}],"about":[{"href":"https:\/\/www.packpapierverlag.de\/index.php?rest_route=\/wp\/v2\/types\/page"}],"author":[{"embeddable":true,"href":"https:\/\/www.packpapierverlag.de\/index.php?rest_route=\/wp\/v2\/users\/8"}],"replies":[{"embeddable":true,"href":"https:\/\/www.packpapierverlag.de\/index.php?rest_route=%2Fwp%2Fv2%2Fcomments&post=2055"}],"version-history":[{"count":19,"href":"https:\/\/www.packpapierverlag.de\/index.php?rest_route=\/wp\/v2\/pages\/2055\/revisions"}],"predecessor-version":[{"id":14405,"href":"https:\/\/www.packpapierverlag.de\/index.php?rest_route=\/wp\/v2\/pages\/2055\/revisions\/14405"}],"wp:attachment":[{"href":"https:\/\/www.packpapierverlag.de\/index.php?rest_route=%2Fwp%2Fv2%2Fmedia&parent=2055"}],"curies":[{"name":"wp","href":"https:\/\/api.w.org\/{rel}","templated":true}]}}