{"id":2105,"date":"2011-02-27T16:05:51","date_gmt":"2011-02-27T15:05:51","guid":{"rendered":"http:\/\/www.packpapierverlag.de\/neu\/?page_id=2105"},"modified":"2017-07-13T12:30:15","modified_gmt":"2017-07-13T10:30:15","slug":"okologische-projekte","status":"publish","type":"page","link":"https:\/\/www.packpapierverlag.de\/?page_id=2105","title":{"rendered":"\u00d6kologische Projekte, Gemeinschaften &#038; Co."},"content":{"rendered":"<p><a href=\"https:\/\/www.packpapierverlag.de\/wp-content\/uploads\/2011\/02\/macht-kaputt-baum.jpg\"><img loading=\"lazy\" decoding=\"async\" class=\"alignleft size-medium wp-image-2280\" title=\"macht kaputt baum\" src=\"https:\/\/www.packpapierverlag.de\/wp-content\/uploads\/2011\/02\/macht-kaputt-baum-300x225.jpg\" alt=\"\" width=\"300\" height=\"225\" srcset=\"https:\/\/www.packpapierverlag.de\/wp-content\/uploads\/2011\/02\/macht-kaputt-baum-300x225.jpg 300w, https:\/\/www.packpapierverlag.de\/wp-content\/uploads\/2011\/02\/macht-kaputt-baum-1024x768.jpg 1024w, https:\/\/www.packpapierverlag.de\/wp-content\/uploads\/2011\/02\/macht-kaputt-baum.jpg 1280w\" sizes=\"auto, (max-width: 300px) 100vw, 300px\" \/><\/a><small style=\"color: #004100;\"><span style=\"font-family: Helvetica,Arial,sans-serif;\"><span style=\"font-weight: bold;\">Auf dieser Seite m\u00f6chten wir Euch nach und nach verschiedene Projekte und Lebensgemeinschaften politisch bzw. \u00f6kologisch engagierter Menschen vorstellen.<\/span><br \/>\nNat\u00fcrlich gibt es zahlreiche gute und unterst\u00fctzenswerte Projekte, Vereine und Kommunen und noch mehr Netzseiten, auf denen diese vorgestellt werden, und etliche Gruppen pr\u00e4sentieren sich auch selbst im Internet. Uns geht es hier nicht darum, einen m\u00f6glichst gro\u00dfen \u00dcberblick zu geben oder Gewichtungen vorzunehmen, sondern wir stellen Euch einfach ein paar sch\u00f6ne Initiativen vor, mit denen der Verlag oder mit denen wir pers\u00f6nlich in Verbindung stehen. Immer, wenn etwas Zeit im Verlag ist, laden wir wieder ein neues Projekt hoch- schaut einfach immer mal wieder rein, ob jemand dazugekommen ist. Au\u00dferdem lohnt es, einen Blick auf unsere Autoren- und die Ladenseite zu werfen, denn auch dort gibt es einige sch\u00f6ne (Ein- und mehr Personen-) Projekte zu entdecken.<\/span><\/small><\/p>\n<p><a href=\"https:\/\/www.packpapierverlag.de\/wp-content\/uploads\/2011\/02\/uthlede2.jpg\"><img loading=\"lazy\" decoding=\"async\" class=\"alignleft size-medium wp-image-6478\" title=\"uthlede2\" src=\"https:\/\/www.packpapierverlag.de\/wp-content\/uploads\/2011\/02\/uthlede2-300x212.jpg\" alt=\"\" width=\"300\" height=\"212\" srcset=\"https:\/\/www.packpapierverlag.de\/wp-content\/uploads\/2011\/02\/uthlede2-300x212.jpg 300w, https:\/\/www.packpapierverlag.de\/wp-content\/uploads\/2011\/02\/uthlede2-1024x724.jpg 1024w\" sizes=\"auto, (max-width: 300px) 100vw, 300px\" \/><\/a>Hier wohnt jetzt Martin (ehemals Burg Lutter) mit seinem H\u00f6nkeldruck. Die Kommune Uthlede sucht noch Mitbewohner, Besucher sind willkommen!<\/p>\n<p>&nbsp;<\/p>\n<p>&nbsp;<\/p>\n<p>&nbsp;<\/p>\n<p>&nbsp;<\/p>\n<p><small style=\"color: #004100;\"><span style=\"font-family: Helvetica,Arial,sans-serif;\"><span style=\"font-weight: bold; color: #993399;\">Die Regenbogenschmiede<\/span><\/span><\/small><small style=\"color: #004100;\"><span style=\"font-family: Helvetica,Arial,sans-serif;\"><br \/>\n<a href=\"https:\/\/www.packpapierverlag.de\/wp-content\/uploads\/2011\/02\/Regenbogenschmiede.jpg\"><img loading=\"lazy\" decoding=\"async\" class=\"alignright size-medium wp-image-5478\" title=\"Regenbogenschmiede\" src=\"https:\/\/www.packpapierverlag.de\/wp-content\/uploads\/2011\/02\/Regenbogenschmiede-300x230.jpg\" alt=\"\" width=\"300\" height=\"230\" srcset=\"https:\/\/www.packpapierverlag.de\/wp-content\/uploads\/2011\/02\/Regenbogenschmiede-300x230.jpg 300w, https:\/\/www.packpapierverlag.de\/wp-content\/uploads\/2011\/02\/Regenbogenschmiede.jpg 1024w\" sizes=\"auto, (max-width: 300px) 100vw, 300px\" \/><\/a><br \/>\nEine kleine Gruppe von Menschen aus dem Hunsr\u00fcck m\u00f6chte mit ihrem Projekt \u201eModelle einer zukunftsf\u00e4higen Lebenskultur\u201c entwickeln. Die Wohn- und Projektteilnehmer bauen in ihrem Selbstversorgergarten alte Kulturpflanzen an, deren Saatgut sie vermehren und auf M\u00e4rkten zusammen mit ihren selbstgesammelten Wildkr\u00e4utertees verkaufen. Die Regenbogenschmieder besch\u00e4ftigen sich mit alten (Kunst-)Handwerkstechniken wie Glaskunst, Spinnen, Weben, T\u00f6pfern, Lehmbau und Tischlerei. Gedichtvortr\u00e4ge, M\u00e4rchenlesestunden und gemeinsames Musizieren sollen den achtsamen Umgang miteinander f\u00f6rdern. Sabine und Matthias machen unter anderem St\u00e4nde bei der Kulturellen Landpartie im Wendland und verkaufen neben den Erzeugnissen aus der Regenbogenschmiede auch B\u00fccher vom Packpapier Verlag. Regenbogenschmiede * Hunolstein 72 * 54497 Morbach<\/span><\/small><\/p>\n<p>&nbsp;<\/p>\n<p><small style=\"color: #004100;\"><span style=\"font-family: Helvetica,Arial,sans-serif;\"><span style=\"font-weight: bold; color: #802a80;\">Die Hofgemeinschaft &#8222;Kranich e.V.&#8220; (Kreativ R\u00e4ume Alternativ Nutzen In Ch\u00fcden)<\/span><\/span><\/small><small style=\"color: #004100;\"><span style=\"font-family: Helvetica,Arial,sans-serif;\"><br \/>\n<a href=\"https:\/\/www.packpapierverlag.de\/wp-content\/uploads\/2011\/02\/kranich-ev.jpg\"><img loading=\"lazy\" decoding=\"async\" class=\"alignleft size-medium wp-image-5597\" title=\"kranich ev\" src=\"https:\/\/www.packpapierverlag.de\/wp-content\/uploads\/2011\/02\/kranich-ev-300x237.jpg\" alt=\"\" width=\"300\" height=\"237\" srcset=\"https:\/\/www.packpapierverlag.de\/wp-content\/uploads\/2011\/02\/kranich-ev-300x237.jpg 300w, https:\/\/www.packpapierverlag.de\/wp-content\/uploads\/2011\/02\/kranich-ev-1024x809.jpg 1024w\" sizes=\"auto, (max-width: 300px) 100vw, 300px\" \/><\/a><br \/>\nIn Gro\u00df Ch\u00fcden, dort, wo sich das heutige Hof- und\u00a0 Wohnprojekt Kranich e.V. befindet, wurde in den 1990ern der Grundstein f\u00fcr das sp\u00e4tere \u00d6kodorf Sieben Linden gelegt. Im Jahr 2000 entschlossen sich die Bewohner des damaligen Projektzentrums in Gro\u00df Ch\u00fcden, aus dem \u00d6kodorf auszusteigen. Im Jahr 2009 kauften die Hofbewohner, die sich inzwischen zum Verein \u201eKranich e.V.\u201c zusammengeschlossen hatten, ihr Hofgel\u00e4nde, um es vor Bauspekulation zu sch\u00fctzen und ihren Traum von einem umwelt- und menschenfreundlichen \u201ePatchwork der alternativen Vielfalt\u201c weiterzuentwicklen. In der Hofgemeinschaft in Gro\u00df Ch\u00fcden wohnen meistens zwischen 15 und 20 Kinder und Erwachsene, die gr\u00f6\u00dftenteils in Kleinfamilien zusammenleben. Au\u00dfer dem monatlichen Plenum gibt es kein festes Regelwerk, das die Beziehungen untereinander organisiert; die Mitglieder vertrauen der kreativen Freiwilligkeit und Kooperationsbereitschaft des jeweils anderen. Respekt und Sympathie ersetzen seit vielen Jahren konventionelle und auf N\u00fctzlichkeit ausgerichtete Umgangsformen. Der Gemeinschaftshof in Gro\u00df Ch\u00fcden beherbergt ein Tagungshaus (die bunte vier), einen Buchladen- und Versand (B\u00fccherWinkeL), eine Filzwerkstatt (filzefanz), eine Food-Coop (EVG Immersatt e.V.) und eine Reitschule (mit therapeutischem Schwerpunkt). Es gibt Gemeinschaftsg\u00e4rten (Gem\u00fcse, Obst, Permakultur), H\u00fchner und Schafe. Kranich e.V. unterst\u00fctzt au\u00dferdem Menschen bei der Gemeinschaftssuche in der Altmark und pflegt und vermittelt Kontakte zu diversen Wohn- und Arbeitsprojekten, dem \u00d6kodorf Poppau, Artabana-Solidargemeinschaften, den Freien Schulen in Depekolk und Salzwedel und zu Projekten im Wendland. Lose Vernetzungen gibt es zudem zur deutschen und weltweiten Gemeinschaftsszene und zur Transition Town-Bewegung. Kontakt zu den Kranichen k\u00f6nnt Ihr hier aufnehmen: Kranich e.V. * Pretzierer Str.25 * 29410 Salzwedel OT Gro\u00df Ch\u00fcden * Tel.: 03901-82949 * kranichueden(\u00e4tt)web.de <\/span><\/small><br \/>\n<a href=\"https:\/\/www.packpapierverlag.de\/wp-content\/uploads\/2011\/02\/Sieben-Linden-Mix.jpg\"><img loading=\"lazy\" decoding=\"async\" class=\"alignright size-medium wp-image-5514\" title=\"Sieben Linden Mix\" src=\"https:\/\/www.packpapierverlag.de\/wp-content\/uploads\/2011\/02\/Sieben-Linden-Mix-265x300.jpg\" alt=\"\" width=\"265\" height=\"300\" srcset=\"https:\/\/www.packpapierverlag.de\/wp-content\/uploads\/2011\/02\/Sieben-Linden-Mix-265x300.jpg 265w, https:\/\/www.packpapierverlag.de\/wp-content\/uploads\/2011\/02\/Sieben-Linden-Mix-300x339.jpg 300w, https:\/\/www.packpapierverlag.de\/wp-content\/uploads\/2011\/02\/Sieben-Linden-Mix-906x1024.jpg 906w, https:\/\/www.packpapierverlag.de\/wp-content\/uploads\/2011\/02\/Sieben-Linden-Mix.jpg 1024w\" sizes=\"auto, (max-width: 265px) 100vw, 265px\" \/><\/a><br \/>\n<small style=\"color: #004100;\"><span style=\"font-family: Helvetica,Arial,sans-serif;\"><span style=\"font-weight: bold; color: #802a80;\">Das \u00d6kodorf Sieben Linden&#8230;<\/span><\/span><\/small><small style=\"color: #004100;\"><span style=\"font-family: Helvetica,Arial,sans-serif;\"><br \/>\n&#8230; ist eine genossenschaftlich verwaltete Gro\u00dfkommune in Poppau (Sachsen-Anhalt), in der momentan 140 Erwachsene und Kinder leben. Gegr\u00fcndet wurde das Siedlungsprojekt in den sp\u00e4ten 1980er Jahren; seitdem w\u00e4chst es langsam und stetig und soll einmal 300 Menschen ein basisdemokratisches, \u00f6kologisches und generationen\u00fcbergreifendes Zuhause bieten. Das \u00d6kodorf ist bewu\u00dft dezentral angelegt; Entscheidungen werden im Konsens getroffen, wobei nicht alle Bewohner an allen Entscheidungsprozessen teilnehmen, sondern prim\u00e4r diejenigen, die f\u00fcr ein geplantes Projekt die zuk\u00fcnftige Verantwortung tragen oder die direkt von einer Entscheidung betroffen sind. Nat\u00fcrlich gibt es auch Themen, die alle Bewohner etwas angehen, denn \u00fcber die Genossenschaft ist jeder Miteigent\u00fcmer des \u00d6kodorfes und kann und soll mitbestimmen, wie das Dorf sich insgesamt entwickeln, z.B. wie schnell es wachsen soll. Das Ziel von Sieben Linden ist nicht nur die weitgehende Selbstversorgung mit Nahrung, sondern auch mit Energie, Baustoffen, Betreuung und Bildung. Das bedeutet nicht, da\u00df das Dorf sich \u201eautark\u201c nach au\u00dfen abschottet, im Gegenteil: der kreative und \u00f6konomische Austausch mit der Region und mit anderen Kommunen des \u201eGlobal Ecovillage Networks\u201c ist ein wichtiger Teil des Versuchs, heutigen und zuk\u00fcnftigen Generationen eine lebenswerte Zukunft zu erm\u00f6glichen. Da die Bewohner von Sieben Linden ganz unterschiedliche Lebensstile und Lebensziele haben, entwickelten sich \u00fcber die Jahre eine gro\u00dfe Anzahl von Wohn,- Wirtschafts- und Kulturformen, die hier nicht alle vorgestellt werden k\u00f6nnen. Ein Blick auf die umfangreiche Internetseite des Dorfes kann Euch einen guten \u00dcberblick verschaffen- vielleicht habt Ihr danach Lust, mal an einem der vielen Seminare in Sieben Linden teilzunehmen und wer wei\u00df- vielleicht gef\u00e4llt es Euch dort so gut, da\u00df Ihr bleiben m\u00f6chtet. www.siebenlinden.de<\/span><\/small><\/p>\n<p>&nbsp;<\/p>\n<p><small style=\"color: #004100;\"><span style=\"font-family: Helvetica,Arial,sans-serif;\"><span style=\"font-weight: bold; color: #802a80;\">Gl\u00fccksacker und Gr\u00fcne Kirche in Jeggen<\/span><\/span><\/small><\/p>\n<p><small style=\"color: #004100;\"><span style=\"font-family: Helvetica,Arial,sans-serif;\">&#8230;.ist ein 2017 gestarteter Versuch, auf dem Acker und in den Treibh\u00e4usern des ehemaligen Biolandhofs Jeggen mit mehreren Menschen aus dem Landkreis und den St\u00e4dten Osnabr\u00fcck und Melle zu g\u00e4rtnern, zu kochen, sich auszutauschen und dem blinden (und blindw\u00fctigen) Konsum ein st\u00fcckweit zu entkommen. Wir werden sehen, was wir draus machen und wie es in den n\u00e4chsten Monaten (und Jahren?) weitergeht. Bisher: gl\u00fcckselige Arbeit, feierabendliche Schlemmerei und immer weniger Eink\u00e4ufe! \ud83d\ude42<\/span><\/small><\/p>\n<p>&nbsp;<\/p>\n<p><a href=\"https:\/\/www.packpapierverlag.de\/wp-content\/uploads\/2011\/02\/Regenwald-Logo.jpg\"><img loading=\"lazy\" decoding=\"async\" class=\"alignright size-full wp-image-5501\" title=\"Regenwald Logo\" src=\"https:\/\/www.packpapierverlag.de\/wp-content\/uploads\/2011\/02\/Regenwald-Logo.jpg\" alt=\"\" width=\"211\" height=\"93\" \/><\/a><small style=\"color: #004100;\"><span style=\"font-family: Helvetica,Arial,sans-serif;\"><br \/>\n<span style=\"font-weight: bold; color: #802a80;\">Rettet den Regenwald e.V.<\/span><br \/>\nDen Verein Rettet den Regenwald gibt es seit Mitte der 1980er Jahre. Er setzt sich f\u00fcr den Schutz der Regenw\u00e4lder, die Erhaltung der Artenvielfalt und f\u00fcr Indigene und Kleinbauern ein. Rettet den Regenwald arbeitet weltweit mit Betroffenen und Aktivisten zusammen und unterst\u00fctzt sie durch Spenden, Unterschriften, Mithilfe vor Ort und durch die Publizierung von Mi\u00dfst\u00e4nden.\u00a0 Seit 2010 unterst\u00fctzen wir die Vereinsarbeit, indem wir den Regenwaldreport verteilen, ihn den Buchsendungen unserer Leser beilegen, Infoflyer und Unterschriftenlisten drucken und verbreiten und auf Demos und Festivals, auf denen wir B\u00fcchertische machen, einen Infostand f\u00fcr Rettet den Regenwald aufbauen. Den Gewinn aus dem Verkauf des Buttons \u201ePalm\u00f6l? Nein Danke!\u201c geben wir an den Verein weiter- kauft doch mal einen \ud83d\ude09 Wenn Ihr den Regenwaldreport verteilen, Unterschriften geben und sammeln, f\u00fcr den Regenwaldankauf spenden oder Euch \u00fcber die Situation der Urw\u00e4lder informieren m\u00f6chtet, dann meldet Euch bei: Rettet den Regenwald e.V. * Jupiterweg 15 * 22391 Hamburg * Tel.: 040-4103804 * www.regenwald.org * info(at)regenwald.org Untenstehend findet Ihr 3 pdf- Downloads zum Palm\u00f6l, dem Regenwaldkiller! Und wenn Ihr schon beim Runterladen seid, dann schickt die Dateien doch auch gleich an Eure Freunde und Bekannten weiter.<\/span><\/small><br \/>\n<a href=\"https:\/\/www.packpapierverlag.de\/wp-content\/uploads\/2011\/02\/Palmzucker-und-Palm\u00f6l.pdf\">Palmzucker und Palm\u00f6l<\/a><br \/>\n<a href=\"https:\/\/www.packpapierverlag.de\/wp-content\/uploads\/2011\/02\/Infoblatt-Palm\u00f6l.pdf\">Infoblatt Palm\u00f6l<\/a><br \/>\n<a href=\"https:\/\/www.packpapierverlag.de\/wp-content\/uploads\/2011\/02\/Infoblatt-Lufthansa.pdf\">Infoblatt Lufthansa<\/a><\/p>\n<p><small style=\"color: #004100;\"><span style=\"font-family: Helvetica,Arial,sans-serif;\"><span style=\"font-weight: bold; color: #802a80;\"><span style=\"color: #b70b25;\">LEBENDIGE VERGANGENHEIT:<\/span><br \/>\n<\/span><\/span><\/small><small style=\"color: #004100;\"><span style=\"font-family: Helvetica,Arial,sans-serif;\"><br \/>\nEs gibt nat\u00fcrlich auch etliche gute Projekte, die sich aufgel\u00f6st haben oder deren Gr\u00fcnder inzwischen gestorben sind &#8211; und die dennoch weiterwirken:<\/span><\/small><\/p>\n<p><a href=\"https:\/\/www.packpapierverlag.de\/wp-content\/uploads\/2011\/02\/willy-ackermann1.jpg\"><img loading=\"lazy\" decoding=\"async\" class=\"alignleft size-medium wp-image-5682\" title=\"willy ackermann\" src=\"https:\/\/www.packpapierverlag.de\/wp-content\/uploads\/2011\/02\/willy-ackermann1-206x300.jpg\" alt=\"\" width=\"206\" height=\"300\" srcset=\"https:\/\/www.packpapierverlag.de\/wp-content\/uploads\/2011\/02\/willy-ackermann1-206x300.jpg 206w, https:\/\/www.packpapierverlag.de\/wp-content\/uploads\/2011\/02\/willy-ackermann1-300x435.jpg 300w, https:\/\/www.packpapierverlag.de\/wp-content\/uploads\/2011\/02\/willy-ackermann1-705x1024.jpg 705w, https:\/\/www.packpapierverlag.de\/wp-content\/uploads\/2011\/02\/willy-ackermann1.jpg 1024w\" sizes=\"auto, (max-width: 206px) 100vw, 206px\" \/><\/a><small style=\"color: #004100;\"><span style=\"font-family: Helvetica,Arial,sans-serif;\"><span style=\"font-weight: bold; color: #802a80;\">WILLY &amp; FRIEDA ACKERMANN<\/span><\/span><\/small><small style=\"color: #004100;\"><span style=\"font-family: Helvetica,Arial,sans-serif;\"><br \/>\nWeil Hermann Hesse den Vagabunden Willy nach tagelanger Pilgerreise an der Haust\u00fcr abwies, waren Willys eigene T\u00fcren sp\u00e4ter immer offen. Genauer: das Tor, das er jedem seiner Besucher mit unnachahmlichem Pathos vorstellte, das Tor zur TAT. \u00dcber Willys Vagabundenjahre und \u00fcber die Jahre mit Frieda auf dem gemeinsamen Selbstversorgerhof werden wir Euch bald ausf\u00fchrlicher berichten&#8230;<\/span><\/small><\/p>\n<p><a href=\"https:\/\/www.packpapierverlag.de\/wp-content\/uploads\/2011\/02\/lichtheimatlogo2.jpg\"><img loading=\"lazy\" decoding=\"async\" class=\"alignright size-full wp-image-5600\" title=\"lichtheimatlogo\" src=\"https:\/\/www.packpapierverlag.de\/wp-content\/uploads\/2011\/02\/lichtheimatlogo2.jpg\" alt=\"\" width=\"161\" height=\"161\" srcset=\"https:\/\/www.packpapierverlag.de\/wp-content\/uploads\/2011\/02\/lichtheimatlogo2.jpg 161w, https:\/\/www.packpapierverlag.de\/wp-content\/uploads\/2011\/02\/lichtheimatlogo2-100x100.jpg 100w, https:\/\/www.packpapierverlag.de\/wp-content\/uploads\/2011\/02\/lichtheimatlogo2-150x150.jpg 150w\" sizes=\"auto, (max-width: 161px) 100vw, 161px\" \/><\/a><br \/>\n<small style=\"color: #004100;\"><span style=\"font-family: Helvetica,Arial,sans-serif;\"><span style=\"font-weight: bold; color: #802a80;\">LICHTHEIMAT KOMMUNE<\/span><\/span><\/small><small style=\"color: #004100;\"><span style=\"font-family: Helvetica,Arial,sans-serif;\"><br \/>\n(PARVATEE &amp; SARASVATEE &amp; SHANKARA &amp; ANANDA<br \/>\n&amp; andere&#8230;)<br \/>\nDie Lichtheimat-Gemeinschaft existierte von 1977 bis zum Ende der 1980er Jahre. Gegr\u00fcndet wurde der Lichtheimatverein von Shankara (Hubert) und Parvatee (Brigitta), die (ganz im Geist der Hippiezeit) eine \u00f6kologisch nachhaltige, spirituelle Selbstversorger- Kommune aufbauen wollten. Zun\u00e4chst in \u00d6sterreich, sp\u00e4ter in der Toscana lebten immer zwischen 5 und 12 Menschen auf gemeinsam umgebauten H\u00f6fen zwischen Selbstversorger-Garten, Ziegen, Schafen und K\u00fchen. Anfang der 1980er Jahre begannen die Kommunemitglieder, ihr Wissen zusammenzutragen und es in handgeschriebenen und illustrierten B\u00fcchern f\u00fcr die Allgemeinheit zug\u00e4nglich zu machen. Die gro\u00dfe Nachfrage nach Anleitungen zur Selbstversorgung machte es n\u00f6tig, einen kleinen Verlag zu gr\u00fcnden, was Shankaras Bruder Klaus \u00fcbernahm. Lange Zeit versuchte er, die Verlagsgesch\u00e4fte von \u00d6sterreich aus am Leben zu erhalten, w\u00e4hrend die Kommune zunehmend mit zwischenmenschlichen und finanziellen Problemen zu k\u00e4mpfen hatte. Nachdem man den ersten Kommunehof in \u00d6sterreich aufgegeben hatte, begann eine Odyssee durch die Toscana, die die verbliebenen und bisweilen auch neuen Mitglieder von Pescia nach Palaia, weiter nach Riparbella und zur\u00fcck nach Pescia, dann nach Dicomano und schlie\u00dflich in die Geburtsstadt Leonardos, nach Vinci f\u00fchrte- wo sie sich aufl\u00f6ste. Klaus schaffte es trotz aller Bem\u00fchungen nicht, den Verlag, der auch \u201eAltschulden\u201c der Kommune \u00fcbernommen hatte, fortzuf\u00fchren und \u00fcbergab die Verlagsrechte an den Packpapier Verlag, mit dem die Kommune durch einen regen B\u00fccheraustausch seit Jahren in Kontakt stand. Das damalige Gr\u00fcndungsmitglied Parvatee arbeitet heute als Olivenb\u00e4uerin auf einem Hof in der Toscana- sie hat nach dem Ende der Gemeinschaft bei uns ein Buch \u00fcber Oliven\u00f6l (Anbau und Verarbeitung) ver\u00f6ffentlicht. Es gab in den 1970ern und 1980ern sehr viele Hippieprojekte wie das der Lichtheimat- durchgehalten haben die wenigsten und die meisten Kommunen sind heute in Vergessenheit geraten. \u201eWozu also das Ganze?\u201c mag der skeptische Zeitgenosse fragen und auch Klaus befand in den 1990ern, da\u00df die Erlebnisse der Lichtheimatkommune nur eine \u201eganz nette Geschichte\u201c w\u00e4ren- h\u00e4tten ihre Mitglieder nicht ihre praktischen Erfahrungen schriftlich festgehalten. Heute stehen in fast allen Selbstversorgerkommunen Europas die B\u00fccher der Lichtheimat, wie uns Kommune- Reisende immer wieder erz\u00e4hlen, und wir bekommen regelm\u00e4\u00dfig Bestellungen von Auswanderern, die sich die praktischen Anleitungen nach Griechenland, Spanien, Schweden, Ungarn, Lateinamerika und in viele andere L\u00e4nder und Kontinente schicken lassen- der am weitesten entfernte Aussteiger meldete sich aus Borneo. Man kann Gemeinschaften nicht nur daran messen, wie lange sie ihr Experiment durchhalten, sondern auch daran, welchen Einflu\u00df ihr Handeln auf andere Menschen jenseits des Projektes hat. Hier kann die Lichtheimatkommune als eine der wichtigsten Selbstversorger-Projekte im deutschen Sprachraum gelten.<\/span><\/small><small style=\"color: #004100;\"> <\/small><\/p>\n","protected":false},"excerpt":{"rendered":"<p>Auf dieser Seite m\u00f6chten wir Euch nach und nach verschiedene [&hellip;] &hellip; <a href=\"https:\/\/www.packpapierverlag.de\/?page_id=2105\">Weiterlesen <span class=\"meta-nav\">&rarr;<\/span><\/a><\/p>\n","protected":false},"author":8,"featured_media":0,"parent":0,"menu_order":0,"comment_status":"closed","ping_status":"closed","template":"","meta":{"footnotes":""},"class_list":["post-2105","page","type-page","status-publish","hentry"],"_links":{"self":[{"href":"https:\/\/www.packpapierverlag.de\/index.php?rest_route=\/wp\/v2\/pages\/2105","targetHints":{"allow":["GET"]}}],"collection":[{"href":"https:\/\/www.packpapierverlag.de\/index.php?rest_route=\/wp\/v2\/pages"}],"about":[{"href":"https:\/\/www.packpapierverlag.de\/index.php?rest_route=\/wp\/v2\/types\/page"}],"author":[{"embeddable":true,"href":"https:\/\/www.packpapierverlag.de\/index.php?rest_route=\/wp\/v2\/users\/8"}],"replies":[{"embeddable":true,"href":"https:\/\/www.packpapierverlag.de\/index.php?rest_route=%2Fwp%2Fv2%2Fcomments&post=2105"}],"version-history":[{"count":40,"href":"https:\/\/www.packpapierverlag.de\/index.php?rest_route=\/wp\/v2\/pages\/2105\/revisions"}],"predecessor-version":[{"id":7081,"href":"https:\/\/www.packpapierverlag.de\/index.php?rest_route=\/wp\/v2\/pages\/2105\/revisions\/7081"}],"wp:attachment":[{"href":"https:\/\/www.packpapierverlag.de\/index.php?rest_route=%2Fwp%2Fv2%2Fmedia&parent=2105"}],"curies":[{"name":"wp","href":"https:\/\/api.w.org\/{rel}","templated":true}]}}