{"id":2108,"date":"2011-02-27T16:06:09","date_gmt":"2011-02-27T15:06:09","guid":{"rendered":"http:\/\/www.packpapierverlag.de\/neu\/?page_id=2108"},"modified":"2017-11-25T17:14:46","modified_gmt":"2017-11-25T16:14:46","slug":"friedensarbeit","status":"publish","type":"page","link":"https:\/\/www.packpapierverlag.de\/?page_id=2108","title":{"rendered":"Friedensarbeit"},"content":{"rendered":"<p><a href=\"https:\/\/www.packpapierverlag.de\/wp-content\/uploads\/2011\/02\/tolerance2.jpg\"><img loading=\"lazy\" decoding=\"async\" class=\"alignleft size-medium wp-image-2390\" title=\"tolerance2\" src=\"https:\/\/www.packpapierverlag.de\/wp-content\/uploads\/2011\/02\/tolerance2-300x123.jpg\" alt=\"\" width=\"300\" height=\"123\" srcset=\"https:\/\/www.packpapierverlag.de\/wp-content\/uploads\/2011\/02\/tolerance2-300x123.jpg 300w, https:\/\/www.packpapierverlag.de\/wp-content\/uploads\/2011\/02\/tolerance2.jpg 1024w\" sizes=\"auto, (max-width: 300px) 100vw, 300px\" \/><\/a><small style=\"color: #223e4c;\"><br style=\"font-family: Helvetica,Arial,sans-serif;\" \/>.<br \/>\n.<br \/>\n.<br \/>\n.<br \/>\n.<\/small><\/p>\n<p>&nbsp;<\/p>\n<p style=\"text-align: left;\"><small><span style=\"font-family: Helvetica,Arial,sans-serif; font-weight: bold; color: #ae0000;\"> <a href=\"https:\/\/www.packpapierverlag.de\/wp-content\/uploads\/2011\/02\/Simla-am-08.07.2017..jpg\" rel=\"attachment wp-att-7651\"><img loading=\"lazy\" decoding=\"async\" class=\"size-medium wp-image-7651 alignleft\" src=\"https:\/\/www.packpapierverlag.de\/wp-content\/uploads\/2011\/02\/Simla-am-08.07.2017.-300x225.jpg\" alt=\"Simla am 08.07.2017.\" width=\"300\" height=\"225\" srcset=\"https:\/\/www.packpapierverlag.de\/wp-content\/uploads\/2011\/02\/Simla-am-08.07.2017.-300x225.jpg 300w, https:\/\/www.packpapierverlag.de\/wp-content\/uploads\/2011\/02\/Simla-am-08.07.2017.-768x576.jpg 768w, https:\/\/www.packpapierverlag.de\/wp-content\/uploads\/2011\/02\/Simla-am-08.07.2017.-1024x768.jpg 1024w\" sizes=\"auto, (max-width: 300px) 100vw, 300px\" \/><\/a>Herbstrundmail September 2017 und AKTION \u201eRETTET SIMLA\u201c<\/span><br style=\"font-family: Helvetica,Arial,sans-serif;\" \/><br style=\"font-family: Helvetica,Arial,sans-serif;\" \/><span style=\"font-family: Helvetica,Arial,sans-serif;\">Hallo liebe Leute.<\/span><br style=\"font-family: Helvetica,Arial,sans-serif;\" \/><span style=\"font-family: Helvetica,Arial,sans-serif;\">Der Herbst ist da, die Bl\u00e4tter beginnen, sich bunt zu f\u00e4rben&#8230; und so manches \u201eNutztier\u201c wird get\u00f6tet, um die winterlichen Futterkosten zu senken; das ist im \u201ewestlichen Kulturkreis\u201c so \u00fcblich, ob im konventionellen oder im \u00f6kologischen Landwirtschaftsbetrieb. Die einen lassen Tiere, die es immer schon schlecht hatten, in Massentransportern \u00fcber die Autobahnen Europas karren, mehr oder weniger brutal im Schlachthof t\u00f6ten und von Dumpingl\u00f6hnern zerst\u00fcckeln. Die anderen versuchen, ihre Nutztiere einigerma\u00dfen tiergerecht zu halten, sie gut zu versorgen und ihren Tod so schmerzfrei wie m\u00f6glich zu gestalten. Und dann gibt es ganz wenige, die den Tieren nach \u201egetaner Arbeit\u201c ein Gnadenbrot gew\u00e4hren und sie in W\u00fcrde altern lassen.<\/span><br style=\"font-family: Helvetica,Arial,sans-serif;\" \/><span style=\"font-family: Helvetica,Arial,sans-serif;\">Leider ist die letztgenannte Variante den meisten zu teuer und keiner sagt es so recht, aber bei Schlachtpreisen von bis zu 1000 Euro zB pro Kuh geht es um Geld und nicht um den \u201enat\u00fcrlichen Lauf der Dinge\u201c. <\/span><br style=\"font-family: Helvetica,Arial,sans-serif;\" \/><span style=\"font-family: Helvetica,Arial,sans-serif;\">Der Nat\u00fcrlichkeitsbegriff wird gern dort angewandt, wo etwas anderes nicht hochkommen soll, was der Natur des Menschen viel besser entspricht, als wirtschaftliches Kalk\u00fcl: Empathie. Freilich verh\u00e4lt es sich auch mit diesem Begriff etwas seltsam, denn es ist durchaus m\u00f6glich, da\u00df Menschen voll sisyphoshaften Engagements kleine Z\u00e4une am Stra\u00dfenrand aufbauen, um Kr\u00f6ten davor zu bewahren, von Autos \u00fcberrollt zu werden, um sich nach Abschlu\u00df ihrer Tierrettungsaktion im Restaurant eine Kalbshaxe schmecken zu lassen. Empathie scheint etwas mit selektiver Wahrnehmung zu tun zu haben, und vermutlich m\u00fcssen wir damit zufrieden sein und d\u00fcrfen nicht mehr erwarten. Es sind Inseln der Empathie, die Gesellschaften vor der Verrohung bewahren und hoffentlich k\u00f6nnen wir mit unseren B\u00fcchern das Entstehen solcher Inseln f\u00f6rdern.<\/span><br style=\"font-family: Helvetica,Arial,sans-serif;\" \/><br style=\"font-family: Helvetica,Arial,sans-serif;\" \/><span style=\"font-family: Helvetica,Arial,sans-serif;\">Manchmal aber braucht es etwas anderes als B\u00fccher, manchmal ist keine Zeit f\u00fcr LeseMu\u00dfe, sondern es mu\u00df schnell gehen, am besten \u00fcbers Internet, \u00fcbers Telefon, \u00fcber alle eiligen Kan\u00e4le. <\/span><br style=\"font-family: Helvetica,Arial,sans-serif;\" \/><span style=\"font-family: Helvetica,Arial,sans-serif;\">Heute wollen wir den Packpapierverteiler nutzen, um eine vierbeinige Nachbarin, die Kuh Simla, zu retten. Sie soll get\u00f6tet werden, weil ein Bauer und ein P\u00e4chter aufgeben. Die Gr\u00fcnde sind menschlich, die Konsequenz unmenschlich. <\/span><br style=\"font-family: Helvetica,Arial,sans-serif;\" \/><br style=\"font-family: Helvetica,Arial,sans-serif;\" \/><span style=\"font-family: Helvetica,Arial,sans-serif;\">Wir hoffen auf Eure Mithilfe, damit Simla leben darf. Bitte h\u00f6rt Euch um, leitet diesen oder den untenstehenden Text weiter, stellt ihn mit Bildern von Simla auf Eure Internetseite oder, wenn Ihr die M\u00f6glichkeit habt, gebt Simla ein neues Zuhause bei Euch!<\/span><br style=\"font-family: Helvetica,Arial,sans-serif;\" \/><br style=\"font-family: Helvetica,Arial,sans-serif;\" \/><span style=\"font-family: Helvetica,Arial,sans-serif;\">Mit den besten Gr\u00fc\u00dfen,<\/span><br style=\"font-family: Helvetica,Arial,sans-serif;\" \/><span style=\"font-family: Helvetica,Arial,sans-serif;\">Herrmann und Pamela<\/span><br style=\"font-family: Helvetica,Arial,sans-serif;\" \/><span style=\"font-family: Helvetica,Arial,sans-serif;\">************************************<\/span><br style=\"font-family: Helvetica,Arial,sans-serif;\" \/><span style=\"font-family: Helvetica,Arial,sans-serif; font-weight: bold; color: #ae0000;\"><a href=\"https:\/\/www.packpapierverlag.de\/wp-content\/uploads\/2011\/02\/Simla-am-18.06.2017..jpg\" rel=\"attachment wp-att-7650\"><img loading=\"lazy\" decoding=\"async\" class=\"size-medium wp-image-7650 alignleft\" src=\"https:\/\/www.packpapierverlag.de\/wp-content\/uploads\/2011\/02\/Simla-am-18.06.2017.-300x225.jpg\" alt=\"Simla am 18.06.2017.\" width=\"300\" height=\"225\" srcset=\"https:\/\/www.packpapierverlag.de\/wp-content\/uploads\/2011\/02\/Simla-am-18.06.2017.-300x225.jpg 300w, https:\/\/www.packpapierverlag.de\/wp-content\/uploads\/2011\/02\/Simla-am-18.06.2017.-768x576.jpg 768w, https:\/\/www.packpapierverlag.de\/wp-content\/uploads\/2011\/02\/Simla-am-18.06.2017.-1024x768.jpg 1024w\" sizes=\"auto, (max-width: 300px) 100vw, 300px\" \/><\/a>SIMLA SOLL NICHT STERBEN<\/span><br style=\"font-family: Helvetica,Arial,sans-serif;\" \/><br style=\"font-family: Helvetica,Arial,sans-serif;\" \/><span style=\"font-family: Helvetica,Arial,sans-serif;\">Die sanfte Riesin wurde im Januar 2006 im Landkreis Osnabr\u00fcck geboren. Dort lebte sie auf einer gro\u00dfen Wiese mit Bachlauf ohne Stall und Beifutter als Selbstversorgerin. Sie brachte ihre K\u00e4lbchen, mit denen sie meistens ein Jahr und l\u00e4nger zusammenleben durfte, allein zur Welt. Simla ist gesund, sehr ruhig und entspannt, sie ist die Gesellschaft anderer K\u00fche und die von Schafen gewohnt, ebenso, da\u00df Menschen \u00fcber ihre Weide laufen oder sich l\u00e4ngere Zeit dort aufhalten. Sie ist zur\u00fcckhaltend gegen\u00fcber fremden Menschen, aber Leckerbissen gegen\u00fcber nicht abgeneigt und wird dann auch handzahm. <\/span><br style=\"font-family: Helvetica,Arial,sans-serif;\" \/><span style=\"font-family: Helvetica,Arial,sans-serif;\">Simla steht jetzt bereits beim Viehh\u00e4ndler, der sie noch wenige Wochen beh\u00e4lt, damit sie ihr K\u00e4lbchen stillen kann. Es liegt der seltene Fall vor, da\u00df Simla nicht freigekauft werden mu\u00df, da der bisherige Besitzer bereit ist, auf das Schlachtgeld zu verzichten, wenn jemand sie aufnimmt.<\/span><br style=\"font-family: Helvetica,Arial,sans-serif;\" \/><span style=\"font-family: Helvetica,Arial,sans-serif;\">***************<\/span><br style=\"font-family: Helvetica,Arial,sans-serif;\" \/><span style=\"font-family: Helvetica,Arial,sans-serif;\">SIMLA BEN\u00d6TIGT SO SCHNELL WIE M\u00d6GLICH EIN NEUES ZUHAUSE, UM DER T\u00d6TUNG ZU ENTGEHEN! Landkreis Osnabr\u00fcck oder N\u00e4he w\u00e4ren optimal, aber wir bitten, alles anzubieten, wo Simla in W\u00fcrde alt werden darf. Der Wunsch des kleinen Simla-Freundeskreises ist es, da\u00df sie nicht mehr Nutz- sondern einfach nur noch Tier sein darf. Eine noch tolerable Alternative w\u00e4re eine extensive Haltung z.B. als Milchkuh im kleinb\u00e4uerlich-\u00f6kologischen Bereich mit viel Auslauf und der festen Zusage, ihr nach der \u201eNutzung\u201c das Gnadenbrot zu gew\u00e4hren.<\/span><br style=\"font-family: Helvetica,Arial,sans-serif;\" \/><span style=\"font-family: Helvetica,Arial,sans-serif;\">**************<\/span><br style=\"font-family: Helvetica,Arial,sans-serif; font-weight: bold; color: #ae0000;\" \/><\/small><\/p>\n<p style=\"text-align: left;\"><small><span style=\"font-family: Helvetica,Arial,sans-serif; font-weight: bold; color: #ae0000;\">Oktober 2017:<br \/>\n<\/span><\/small><\/p>\n<p style=\"text-align: left;\"><small><span style=\"font-family: Helvetica,Arial,sans-serif; font-weight: bold; color: #ae0000;\">Free at last!<\/span><span style=\"font-family: Helvetica,Arial,sans-serif;\"><br \/>\nSimla und ihr K\u00e4lbchen sind seit Mitte Oktober 2017 in Sicherheit. Sie werden ihr Leben fortan in dem \u201eKuhaltersheim\u201c von Hofzeit e.V. in der Eifel verbringen, wo sie viel Auslauf und einen Offenstall haben, nichts mehr \u201eleisten\u201c und einfach nur Tiere sein d\u00fcrfen.<br \/>\nWir bedanken uns ganz herzlich bei allen Menschen, die sich f\u00fcr Simla und ihre J\u00fcngste eingesetzt oder angeboten haben, sie bei sich aufzunehmen. Die Resonanz war riesig- was bei uns zum Teil logistisches und kommunikatives Chaos verursachte- an dieser Stelle auch Danke an alle Packpapier-Kunden, die Verst\u00e4ndnis daf\u00fcr hatten, da\u00df die Bearbeitung ihrer Buchbestellungen l\u00e4nger dauerte! Ein besonderer Dank geht an Silke vom Gnadenhof Die Geretteten f\u00fcr Infos und Mutmachen, an Angelika von Free Animal f\u00fcr das Suchen nach Paten, M\u00f6glichkeiten und die finanzielle Unterst\u00fctzung, an Mirjam von Veganz (fr\u00fcher Veganladenbetreiberin in Berlin Kreuzberg! Ahoi!) f\u00fcr Ihre Hilfsangebote, an Susanne f\u00fcrs Kontaktekn\u00fcpfen, an Wilde Hilde und Hagelhof f\u00fcr die Aufnahmebereitschaft und nat\u00fcrlich an Hofzeit eV, wo die beiden Geh\u00f6rnten jetzt stehen.<\/span><\/small><\/p>\n<p>*******************************************************************************<\/p>\n<p>&nbsp;<\/p>\n<p><!--StartFragment --><\/p>\n<p><strong><span style=\"color: #008000;\"><a href=\"https:\/\/www.packpapierverlag.de\/wp-content\/uploads\/2011\/02\/Rabe-Ralf-\u00fcber-Schwerter-zu-Pflugscharen.jpg\" rel=\"attachment wp-att-7933\"><img loading=\"lazy\" decoding=\"async\" class=\"size-medium wp-image-7933 alignleft\" src=\"https:\/\/www.packpapierverlag.de\/wp-content\/uploads\/2011\/02\/Rabe-Ralf-\u00fcber-Schwerter-zu-Pflugscharen-300x175.jpg\" alt=\"Rabe Ralf \u00fcber Schwerter zu Pflugscharen\" width=\"300\" height=\"175\" srcset=\"https:\/\/www.packpapierverlag.de\/wp-content\/uploads\/2011\/02\/Rabe-Ralf-\u00fcber-Schwerter-zu-Pflugscharen-300x175.jpg 300w, https:\/\/www.packpapierverlag.de\/wp-content\/uploads\/2011\/02\/Rabe-Ralf-\u00fcber-Schwerter-zu-Pflugscharen-768x447.jpg 768w, https:\/\/www.packpapierverlag.de\/wp-content\/uploads\/2011\/02\/Rabe-Ralf-\u00fcber-Schwerter-zu-Pflugscharen-1024x596.jpg 1024w\" sizes=\"auto, (max-width: 300px) 100vw, 300px\" \/><\/a>Betrifft den Aufkleber &#8222;Schwerter zu Pflugscharen&#8220; und unseren <a style=\"color: #008000;\" href=\"https:\/\/www.packpapierverlag.de\/wp-content\/uploads\/2011\/01\/Flyer-zum-Kirchentag.pdf\" target=\"_blank\">Flyer<\/a> zum Kirchentag wegen einer Kollekte f\u00fcr die Abmahnanw\u00e4lte &#8211; auf Umwegen erreichte uns zwar die Nachricht, da\u00df die AGDF keine Forderungen mehr wegen dieses Aufklebers gegen uns erhebe, doch DAS WURDE UNS BISHER\u00a0 NICHT MITGETEILT !<br \/>\n<\/span><\/strong><\/p>\n<p><span style=\"font-weight: bold;\">\u00a0<\/span><\/p>\n<p><span style=\"font-weight: bold;\">\u00a0<\/span><\/p>\n<p><span style=\"font-weight: bold;\">\u00a0<\/span><\/p>\n<p><span style=\"font-weight: bold;\">\u00a0<\/span><\/p>\n<p><span style=\"font-weight: bold;\">\u00a0<\/span><\/p>\n<p><span style=\"font-weight: bold;\">*******************************************************************************<br \/>\n<\/span><span style=\"color: #234646; font-family: Helvetica,Arial,sans-serif;\"><small><span style=\"font-weight: bold; color: #4f0922;\">OSTERMARSCH RHEIN-RUHR , zum Beispiel: 2013<\/span><br \/>\nMitmarschieren konnten wir aus Zeitgr\u00fcnden diesmal leider nicht (dabei ist der Friedensmarsch durch den Pott immer ein sehr sch\u00f6nes Erlebnis, Arbeiteratmosph\u00e4re trotz Hartz4, Naturlandschaften trotz Urbanit\u00e4t und eine lebendige Gemeinschaft der Unterschiede), aber Herrmann hat zwei B\u00fcchertische gemacht: am Samstag, den 30. M\u00e4rz auf dem Gelsenkirchener \u201eO-Ton-Festival gegen Krieg und Faschismus\u201c im Paul-Loebe-Haus und am 1. April auf dem Abschlu\u00dffest des Rhein-Ruhr-Ostermarsches im Dortmunder Wichernhaus. In diesem Jahr waren mehr Menschen auf den Beinen als im Vorjahr, und es waren auch deutlich mehr Ruhrp\u00f6tter mit<br \/>\nt\u00fcrkischem Background unterwegs, da mit Mehmet Kuba\u015fik ein Dortmunder von den Terroristen des NSU ermordet wurde. Entsprechend waren die Morde und der beh\u00f6rdliche Umgang mit den Opfern sowie die \u201eErmittlungspannen\u201c Thema bei den diesj\u00e4hrigen Friedensansprachen- neben der Kritik an einer Europ\u00e4isierung der globalen Kriege und der Hochtechnologisierung und Banalisierung der Kriege auf Zocker- Niveau (Drohnen-Kriege). Die Anonymisierung des Krieges erzeugt nat\u00fcrlich weiterhin konkrete Opfer: es sterben Kinder, Geschwister und Eltern und auch der Krieger am Laptop entgeht der Traumatisierung nicht, denn ganz offensichtlich ist der Mensch aller Zivilisationskritik zum Trotz noch immer kein Roboter geworden.<br \/>\nAuf den Osterm\u00e4rschen zeigen die Menschen, was sie verbindet- ihre Menschlichkeit und ihre F\u00e4higkeit, NEIN zu sagen- NEIN zu Rassismus, Krieg und Gewalt.<br \/>\n<span style=\"font-weight: bold;\">In diesem Sinne: la\u00dft die Blumen bl\u00fchen und den Fr\u00fchling beginnen!<\/span><\/small><\/span><\/p>\n<p>Hier die pdf mit dem diesj\u00e4hrigen Programm der Ruhrp\u00f6tter Friedensaktivisten:<br \/>\n<a href=\"https:\/\/www.packpapierverlag.de\/wp-content\/uploads\/2011\/12\/Ostermarsch-Rhein-Ruhr-2013.pdf\">Ostermarsch Rhein Ruhr 2013<\/a><\/p>\n<p>&nbsp;<\/p>\n<p>*******************************************************************************<\/p>\n<p>&nbsp;<\/p>\n<p><a href=\"https:\/\/www.packpapierverlag.de\/wp-content\/uploads\/2011\/02\/Susanne-in-Indien.jpg\"><img loading=\"lazy\" decoding=\"async\" class=\"alignright size-medium wp-image-5487\" title=\"Susanne in Indien\" src=\"https:\/\/www.packpapierverlag.de\/wp-content\/uploads\/2011\/02\/Susanne-in-Indien-300x213.jpg\" alt=\"\" width=\"300\" height=\"213\" srcset=\"https:\/\/www.packpapierverlag.de\/wp-content\/uploads\/2011\/02\/Susanne-in-Indien-300x213.jpg 300w, https:\/\/www.packpapierverlag.de\/wp-content\/uploads\/2011\/02\/Susanne-in-Indien.jpg 1024w\" sizes=\"auto, (max-width: 300px) 100vw, 300px\" \/><\/a><\/p>\n<p><big style=\"font-weight: bold; color: #7b145b;\"><span style=\"font-family: Helvetica,Arial,sans-serif;\">Susanne Saathoff &#8211; Hilfe f\u00fcr die Familien der Seidenstra\u00dfe in Indien<\/span><\/big><br style=\"font-family: Helvetica,Arial,sans-serif;\" \/><span style=\"font-family: Helvetica,Arial,sans-serif;\">Auf ihren Reisen entlang der indischen Seidenstra\u00dfe begegnet Susanne Saathoff (siehe auch unter L\u00e4den und M\u00e4rkten bei den H\u00e4ndlerportraits) immer wieder Menschen, deren Hilfsbereitschaft und deren Schicksale sie tief beeindrucken. Die kleinen Gew\u00fcrzbauern und H\u00e4ndler, die ohnehin mit sehr wenig auskommen m\u00fcssen, geraten in Not, wenn ihre Felder von den zunehmenden Naturkatastrophen zerst\u00f6rt werden. Die Regierung hilft<br \/>\nin den meisten F\u00e4llen nicht, sondern nutzt das Elend der Familien aus, um deren Felder gegen einen winzigen Betrag aufzukaufen, wodurch viele Bauern in die Obdachlosigkeit getrieben werden. Susanne besucht und begleitet einige Familien seit vielen Jahren und<br \/>\nunterst\u00fctzt sie durch den Verkauf von Kr\u00e4utern und Gew\u00fcrzen und durch<br \/>\nSpenden, um ihnen die M\u00f6glichkeit zu geben, neues Land zu kaufen und das Schulgeld f\u00fcr die Kinder zu bezahlen. Sie betreibt weder Elendstourismus noch ist sie Teil einer Organisation, sondern sie hilftdirekt, von Mensch zu Mensch; darum sind die von ihr begleiteten Familien auch keine \u201ePaten\u201c oder &#8222;Hilfsbed\u00fcrftige&#8220;, sondern ihre Freunde.<\/span><br style=\"font-family: Helvetica,Arial,sans-serif;\" \/><span style=\"font-family: Helvetica,Arial,sans-serif;\">Wer die direkte Solidarit\u00e4t Susannes z.B. durch Spenden oder<br \/>\nGew\u00fcrzeinkauf unterst\u00fctzen m\u00f6chte, kann sich gerne an uns oder direkt an<br \/>\nSusanne wenden: Susanne Saathoff * Dorfstra\u00dfe 3 * 27243 Colnrade *<\/span><\/p>\n<p>*******************************************************************************<\/p>\n<p>&nbsp;<\/p>\n<p><strong>FRIEDENSGARTEN OSNABR\u00dcCK<\/strong> &gt;&gt;&gt;&gt;&gt; https:\/\/friedensgartenos.de<\/p>\n","protected":false},"excerpt":{"rendered":"<p>. . . . . &nbsp; Herbstrundmail September 2017 und [&hellip;] &hellip; <a href=\"https:\/\/www.packpapierverlag.de\/?page_id=2108\">Weiterlesen <span class=\"meta-nav\">&rarr;<\/span><\/a><\/p>\n","protected":false},"author":8,"featured_media":0,"parent":0,"menu_order":0,"comment_status":"closed","ping_status":"closed","template":"","meta":{"footnotes":""},"class_list":["post-2108","page","type-page","status-publish","hentry"],"_links":{"self":[{"href":"https:\/\/www.packpapierverlag.de\/index.php?rest_route=\/wp\/v2\/pages\/2108","targetHints":{"allow":["GET"]}}],"collection":[{"href":"https:\/\/www.packpapierverlag.de\/index.php?rest_route=\/wp\/v2\/pages"}],"about":[{"href":"https:\/\/www.packpapierverlag.de\/index.php?rest_route=\/wp\/v2\/types\/page"}],"author":[{"embeddable":true,"href":"https:\/\/www.packpapierverlag.de\/index.php?rest_route=\/wp\/v2\/users\/8"}],"replies":[{"embeddable":true,"href":"https:\/\/www.packpapierverlag.de\/index.php?rest_route=%2Fwp%2Fv2%2Fcomments&post=2108"}],"version-history":[{"count":22,"href":"https:\/\/www.packpapierverlag.de\/index.php?rest_route=\/wp\/v2\/pages\/2108\/revisions"}],"predecessor-version":[{"id":7937,"href":"https:\/\/www.packpapierverlag.de\/index.php?rest_route=\/wp\/v2\/pages\/2108\/revisions\/7937"}],"wp:attachment":[{"href":"https:\/\/www.packpapierverlag.de\/index.php?rest_route=%2Fwp%2Fv2%2Fmedia&parent=2108"}],"curies":[{"name":"wp","href":"https:\/\/api.w.org\/{rel}","templated":true}]}}