{"id":7189,"date":"2017-04-23T07:58:05","date_gmt":"2017-04-23T05:58:05","guid":{"rendered":"http:\/\/www.packpapierverlag.de\/?page_id=7189"},"modified":"2025-12-06T23:09:27","modified_gmt":"2025-12-06T22:09:27","slug":"autoren-projekte","status":"publish","type":"page","link":"https:\/\/www.packpapierverlag.de\/?page_id=7189","title":{"rendered":"Musikseite"},"content":{"rendered":"<h2><a href=\"https:\/\/www.packpapierverlag.de\/wp-content\/uploads\/2025\/12\/251206-kuenstleressay.pdf\" target=\"_blank\" rel=\"noopener\">Wer ist K\u00fcnstler? Wer nicht?<\/a> Essay zur Vertiefung des nachfolgenden Kritik.<\/h2>\n<h2>Konzertkritik, ein kleines feines <a href=\"https:\/\/www.packpapierverlag.de\/wp-content\/uploads\/2025\/09\/250919-Konzertkritik.pdf\" target=\"_blank\" rel=\"noopener\">Abendkonzert<\/a> in Osnabr\u00fcck mit \u2026? schau mal rein !<\/h2>\n<h2>&#8230; und demn\u00e4chst in diesem Theater: <img loading=\"lazy\" decoding=\"async\" class=\"alignright wp-image-18931 size-medium\" src=\"https:\/\/www.packpapierverlag.de\/wp-content\/uploads\/2025\/06\/250125-Musik-222x300.jpg\" alt=\"\" width=\"222\" height=\"300\" srcset=\"https:\/\/www.packpapierverlag.de\/wp-content\/uploads\/2025\/06\/250125-Musik-222x300.jpg 222w, https:\/\/www.packpapierverlag.de\/wp-content\/uploads\/2025\/06\/250125-Musik-300x406.jpg 300w, https:\/\/www.packpapierverlag.de\/wp-content\/uploads\/2025\/06\/250125-Musik-757x1024.jpg 757w, https:\/\/www.packpapierverlag.de\/wp-content\/uploads\/2025\/06\/250125-Musik-1136x1536.jpg 1136w, https:\/\/www.packpapierverlag.de\/wp-content\/uploads\/2025\/06\/250125-Musik-1515x2048.jpg 1515w, https:\/\/www.packpapierverlag.de\/wp-content\/uploads\/2025\/06\/250125-Musik.jpg 1772w\" sizes=\"auto, (max-width: 222px) 100vw, 222px\" \/><br \/>\nein lyrisches Oratorium &#8222;Die Suche nach dem verlorenen Sinn&#8220; in Mehrkanalaufnahme<br \/>\n\u2014 <a href=\"https:\/\/www.packpapierverlag.de\/wp-content\/uploads\/2025\/04\/250303dm-vom-andern-Stern.mp3\">Von einem andern Stern<\/a> \/verbesserte Aufnahme \u2026 ist ein utopisches Oratorium vom Goldenen Zeitalter, ganz frisch aufgenommen und ersonnen (als MP3 und <a href=\"https:\/\/www.packpapierverlag.de\/wp-content\/uploads\/2025\/03\/vom-andern-stern.pdf\" target=\"_blank\" rel=\"noopener\">PDF einfach runterladen<\/a>)<br \/>\n\u2014 &#8230;<br \/>\n\u2014 Katja Dahnke: <a href=\"https:\/\/www.packpapierverlag.de\/?product=katja-dahnke-ich-war-punk-104-s-11abb-e144-1190e\" target=\"_blank\" rel=\"noopener\">Ich war Punk<\/a> 104 S.+11abb. Tagebuchaufzeichnungen mit 11 Collagen &amp; Fotos von Katja Dahncke, Adrian Raasch &amp; Rudolf Schwanke<br \/>\n\u2014 Das <a href=\"https:\/\/www.packpapierverlag.de\/?product=das-strasenliederbuch\" target=\"_blank\" rel=\"noopener\">Stra\u00dfenlieder<\/a>-Buch 177 Seiten, mit Texten, Noten und Akkorden zur Begleitung auf der Gitarre. Mit stabilem Umschlag und somit ideal f\u00fcr Reise und Stra\u00dfe<br \/>\n\u2014 Die kleine <a href=\"https:\/\/www.packpapierverlag.de\/?product=didgeridoofibel\" target=\"_blank\" rel=\"noopener\">Didgeridoofibel<\/a>, Brosch\u00fcre mit 48 Seiten, DIN A 5<br \/>\n\u2014 The Songs of <a href=\"https:\/\/www.packpapierverlag.de\/?product=folksongs-aus-irland\" target=\"_blank\" rel=\"noopener\">Ireland<\/a>, 72 Seiten, DIN A 5 auf Umweltpapier. 32 Songs aus dem Herzen Irlands<br \/>\n\u2014 <a href=\"https:\/\/www.packpapierverlag.de\/?product=vagabundenlyrik\" target=\"_blank\" rel=\"noopener\">Vagabunden<\/a>. Lyrik und Prosa. Eine Anthologie, 64 Seiten, mit 9 Abbildungen<br \/>\n\u2014 Theo Hellmund (Devi Danu): <a href=\"https:\/\/www.packpapierverlag.de\/?product=theo-hellmund-devi-danu-herz-im-kopf-buch-cd\" target=\"_blank\" rel=\"noopener\">Herz im Kopf<\/a> (112 Seiten, randvoll mit Raps\/Gedichten, Zeichnungen und Photos) und CD (29 Tracks)<br \/>\n\u2014 Willi Dommer: Meine <a href=\"https:\/\/www.packpapierverlag.de\/?product=willi-dommer-meine-kelten\" target=\"_blank\" rel=\"noopener\">Kelten<\/a>, 175 Seiten und zahlreiche Abbildungen.<br \/>\n\u2014 Raoul Hausmann: Elektronische <a href=\"https:\/\/www.packpapierverlag.de\/wp-content\/uploads\/2025\/09\/i16-Hausmann-Eidophonie.pdf\" target=\"_blank\" rel=\"noopener\">Eidophonie<\/a><br \/>\n\u2014 Canciones<br \/>\n\u2014 Liederb\u00fccher.pdfs und Spezialit\u00e4ten f\u00fcr Freunde\/Forscher der Musik. <a href=\"https:\/\/www.packpapierverlag.de\/wp-content\/uploads\/2025\/09\/Struwwelputschlied-SW.pdf\" target=\"_blank\" rel=\"noopener\">Gustav Struve<\/a> \u2014 si me <a href=\"https:\/\/www.packpapierverlag.de\/wp-content\/uploads\/2025\/09\/Si-me-quieres-escribir.jpg\" target=\"_blank\" rel=\"noopener\">quieres escribir<\/a> \u2014 <a href=\"https:\/\/www.packpapierverlag.de\/wp-content\/uploads\/2025\/09\/schwarz-rotes-liederbuch.pdf\" target=\"_blank\" rel=\"noopener\">schwarzrotes Liederbuch<\/a> \u2014 <a href=\"https:\/\/www.packpapierverlag.de\/wp-content\/uploads\/2025\/09\/GUANTANAMERA.jpg\" target=\"_blank\" rel=\"noopener\">GUANTANAMERA<\/a> \u2014 \u2014 \u2014 Deutscher <a href=\"https:\/\/www.packpapierverlag.de\/wp-content\/uploads\/2025\/09\/Dt-Michel-5sw.pdf\" target=\"_blank\" rel=\"noopener\">Michel 1642<\/a> \u2014 <a href=\"https:\/\/www.packpapierverlag.de\/wp-content\/uploads\/2025\/09\/1848-Heckerlied-farb.jpg\" target=\"_blank\" rel=\"noopener\">Heckerlied<\/a> 1848 \u2014 <a href=\"https:\/\/www.packpapierverlag.de\/wp-content\/uploads\/2025\/09\/Baenkelsaenger-05-scaled.jpg\" target=\"_blank\" rel=\"noopener\">Stra\u00dfenmusik<\/a> anno&#8230; \u2014 \u2014 \u2014<br \/>\n\u2014<br \/>\n\u2014 Art <a href=\"https:\/\/www.packpapierverlag.de\/?product=artzen-missus-beastly\" target=\"_blank\" rel=\"noopener\">Zen<\/a> (MissusBeastly, Embryo) verschiedene Aufnahmen und seine letzte CD: Protest \u2013 8 Songs zum runterladen<br \/>\n\u2014 Musik von Walter von Lingen\u00a0\/ Klangspielwiese \u2013\u00a0<a href=\"https:\/\/www.packpapierverlag.de\/?product=musik-von-walter-von-lingen-diverse-cds-m01-6e\" target=\"_blank\" rel=\"noopener\"> CDs (m01) 6\u20ac<\/a> und eine <a href=\"https:\/\/www.packpapierverlag.de\/?product=musik-von-walter-von-lingen-klangspielwiese-dvd-m02-12e\" target=\"_blank\" rel=\"noopener\">DVD (m02) 12\u20ac<\/a> aus seinem langj\u00e4hrigen Schaffen<br \/>\n\u2014 kl.dickes Liederbuch<br \/>\n\u2014 Songlyrik<br \/>\n\u2014 Rolf Schwendter: <a href=\"https:\/\/www.packpapierverlag.de\/wp-content\/uploads\/2025\/09\/u35schwendter.pdf\" target=\"_blank\" rel=\"noopener\">utopische Lieder<\/a> + kleine Theorie der Subkultur<br \/>\n\u2014 Bildgedicht &#8222;<a href=\"https:\/\/www.packpapierverlag.de\/wp-content\/uploads\/2025\/06\/250125-Musik.jpg\" target=\"_blank\" rel=\"noopener\">musik wird uns retten<\/a>&#8220;<br \/>\n\u2014 Das Projekt Gr\u00fcne Haare * <a href=\"https:\/\/www.packpapierverlag.de\/wp-content\/uploads\/2025\/09\/01Projekt-Gruene-HaareX.pdf\" target=\"_blank\" rel=\"noopener\">Die Bewegung tanzt<\/a> * \u2026oder die\u00a0 <a href=\"https:\/\/www.packpapierverlag.de\/wp-content\/uploads\/2025\/09\/02oder-die-Verhaeltnisse-tanzenX.pdf\" target=\"_blank\" rel=\"noopener\">Verh\u00e4ltnisse tanzen<\/a>, Chaostage 95 * Die <a href=\"https:\/\/www.packpapierverlag.de\/wp-content\/uploads\/2025\/09\/03ChaosstudieX.pdf\" target=\"_blank\" rel=\"noopener\">Chaosstudie<\/a> * <a href=\"https:\/\/www.packpapierverlag.de\/wp-content\/uploads\/2025\/09\/04GenXX.pdf\" target=\"_blank\" rel=\"noopener\">Gen X<\/a>? Eine Jugend-Studie * <a href=\"https:\/\/www.packpapierverlag.de\/wp-content\/uploads\/2025\/09\/05VeganismuskritikX.pdf\" target=\"_blank\" rel=\"noopener\">Veganismus<\/a> als Kritik * Mein Freund <a href=\"https:\/\/www.packpapierverlag.de\/wp-content\/uploads\/2025\/09\/06Rio-ReiserX.pdf\" target=\"_blank\" rel=\"noopener\">Rio Reiser<\/a> * Klaus der Geiger on tour * Das extreme K\u00f6rperkonzept * Alternative \u00d6konomie ohne Ideologie und Antifa-G\u00fctesiegel * New Work \u2013 Wir haben die L\u00f6sung * Tekkno-Message: Love! * Dr. Motte im Gespr\u00e4ch \u00fcber Musik, Drogen und Sinnfragen * Klaus Bischoff_ Eine neue Qualit\u00e4t der Konsumkultur * TekLex &amp; Jargon, ein aktuelles W\u00f6rterverzeichnis * Sim: Der Trip zur Love-Parade * Musikalische Innovationen * Lucky Strike- Zuf\u00e4lligkeit und Selbstorganisation &#8212; alles aus Herrmann Cropp: <a href=\"https:\/\/www.packpapierverlag.de\/?product=cropp-projekt-grune-haare\" target=\"_blank\" rel=\"noopener\">Das Projekt Gr\u00fcne Haare<\/a> oder: Die Bewegung tanzt<\/h2>\n<h2><\/h2>\n","protected":false},"excerpt":{"rendered":"<p>Wer ist K\u00fcnstler? Wer nicht? Essay zur Vertiefung des nachfolgenden [&hellip;] &hellip; <a href=\"https:\/\/www.packpapierverlag.de\/?page_id=7189\">Weiterlesen <span class=\"meta-nav\">&rarr;<\/span><\/a><\/p>\n","protected":false},"author":8,"featured_media":0,"parent":0,"menu_order":0,"comment_status":"closed","ping_status":"closed","template":"","meta":{"footnotes":""},"class_list":["post-7189","page","type-page","status-publish","hentry"],"_links":{"self":[{"href":"https:\/\/www.packpapierverlag.de\/index.php?rest_route=\/wp\/v2\/pages\/7189","targetHints":{"allow":["GET"]}}],"collection":[{"href":"https:\/\/www.packpapierverlag.de\/index.php?rest_route=\/wp\/v2\/pages"}],"about":[{"href":"https:\/\/www.packpapierverlag.de\/index.php?rest_route=\/wp\/v2\/types\/page"}],"author":[{"embeddable":true,"href":"https:\/\/www.packpapierverlag.de\/index.php?rest_route=\/wp\/v2\/users\/8"}],"replies":[{"embeddable":true,"href":"https:\/\/www.packpapierverlag.de\/index.php?rest_route=%2Fwp%2Fv2%2Fcomments&post=7189"}],"version-history":[{"count":11,"href":"https:\/\/www.packpapierverlag.de\/index.php?rest_route=\/wp\/v2\/pages\/7189\/revisions"}],"predecessor-version":[{"id":19156,"href":"https:\/\/www.packpapierverlag.de\/index.php?rest_route=\/wp\/v2\/pages\/7189\/revisions\/19156"}],"wp:attachment":[{"href":"https:\/\/www.packpapierverlag.de\/index.php?rest_route=%2Fwp%2Fv2%2Fmedia&parent=7189"}],"curies":[{"name":"wp","href":"https:\/\/api.w.org\/{rel}","templated":true}]}}