{"id":1069,"date":"2010-12-17T16:54:52","date_gmt":"2010-12-17T15:54:52","guid":{"rendered":"http:\/\/www.packpapierverlag.de\/neu\/?p=1069"},"modified":"2022-12-20T09:15:33","modified_gmt":"2022-12-20T08:15:33","slug":"krupskaja-kinderbucher","status":"publish","type":"product","link":"https:\/\/www.packpapierverlag.de\/?product=krupskaja-kinderbucher","title":{"rendered":"Nadeshda Krupskaja: Kinderbuch und Elternbuch (a11)"},"content":{"rendered":"<p>Nadeshda Krupskaja: Kinderbuch und Elternbuch (a11) 48 Seiten, DinA5 &#8211; 3,50<\/p>\n<p>\u00dcber das Buch f\u00fcr Eltern &#8211; Welche B\u00fccher man Vorschulkindern geben soll &#8211; Zur Frage des Kinderbuch &#8211; 1. F\u00fcr das Vorschulkind &#8211; 2. F\u00fcr Acht- bis Dreizehnj\u00e4hrige &#8211; 3. F\u00fcr das \u00dcbergangsalter &#8211; \u00dcber die Bewertung des Kinderbuches &#8211; Herausragendes Mittel sozialistischer Erziehung &#8211; Was f\u00fcr ein Buch brauchen unsere Kinder? &#8211; \u00dcber das Kinderbuch.<\/p>\n","protected":false},"excerpt":{"rendered":"<p>Nadeshda Krupskaja: Kinderbuch und Elternbuch (a11) 48 Seiten, DinA5 &#8211; [&hellip;] &hellip; <a href=\"https:\/\/www.packpapierverlag.de\/?product=krupskaja-kinderbucher\">Weiterlesen <span class=\"meta-nav\">&rarr;<\/span><\/a><\/p>\n","protected":false},"featured_media":0,"template":"","meta":[],"product_brand":[],"product_cat":[10,3],"product_tag":[],"class_list":{"0":"post-1069","1":"product","2":"type-product","3":"status-publish","5":"product_cat-erziehung","6":"product_cat-produkte","8":"first","9":"instock","10":"shipping-taxable","11":"purchasable","12":"product-type-simple"},"_links":{"self":[{"href":"https:\/\/www.packpapierverlag.de\/index.php?rest_route=\/wp\/v2\/product\/1069","targetHints":{"allow":["GET"]}}],"collection":[{"href":"https:\/\/www.packpapierverlag.de\/index.php?rest_route=\/wp\/v2\/product"}],"about":[{"href":"https:\/\/www.packpapierverlag.de\/index.php?rest_route=\/wp\/v2\/types\/product"}],"wp:attachment":[{"href":"https:\/\/www.packpapierverlag.de\/index.php?rest_route=%2Fwp%2Fv2%2Fmedia&parent=1069"}],"wp:term":[{"taxonomy":"product_brand","embeddable":true,"href":"https:\/\/www.packpapierverlag.de\/index.php?rest_route=%2Fwp%2Fv2%2Fproduct_brand&post=1069"},{"taxonomy":"product_cat","embeddable":true,"href":"https:\/\/www.packpapierverlag.de\/index.php?rest_route=%2Fwp%2Fv2%2Fproduct_cat&post=1069"},{"taxonomy":"product_tag","embeddable":true,"href":"https:\/\/www.packpapierverlag.de\/index.php?rest_route=%2Fwp%2Fv2%2Fproduct_tag&post=1069"}],"curies":[{"name":"wp","href":"https:\/\/api.w.org\/{rel}","templated":true}]}}