{"id":1080,"date":"2010-12-17T16:58:24","date_gmt":"2010-12-17T15:58:24","guid":{"rendered":"http:\/\/www.packpapierverlag.de\/neu\/?p=1080"},"modified":"2024-06-06T10:18:42","modified_gmt":"2024-06-06T08:18:42","slug":"wera-schmidt-aufsatze","status":"publish","type":"product","link":"https:\/\/www.packpapierverlag.de\/?product=wera-schmidt-aufsatze","title":{"rendered":"Wera Schmidt: Aufs\u00e4tze (a41) 7,-"},"content":{"rendered":"<p>Brosch\u00fcre vom Zentralrat der Berliner Kinderl\u00e4den,<\/p>\n<p>&nbsp;<\/p>\n<p>&#8230; Seiten, DinA5 &#8211; Nr.a41<\/p>\n","protected":false},"excerpt":{"rendered":"<p>Brosch\u00fcre vom Zentralrat der Berliner Kinderl\u00e4den, &nbsp; &#8230; Seiten, DinA5 [&hellip;] &hellip; <a href=\"https:\/\/www.packpapierverlag.de\/?product=wera-schmidt-aufsatze\">Weiterlesen <span class=\"meta-nav\">&rarr;<\/span><\/a><\/p>\n","protected":false},"featured_media":0,"template":"","meta":[],"product_brand":[],"product_cat":[10,3],"product_tag":[],"class_list":{"0":"post-1080","1":"product","2":"type-product","3":"status-publish","5":"product_cat-erziehung","6":"product_cat-produkte","8":"first","9":"instock","10":"shipping-taxable","11":"purchasable","12":"product-type-simple"},"_links":{"self":[{"href":"https:\/\/www.packpapierverlag.de\/index.php?rest_route=\/wp\/v2\/product\/1080","targetHints":{"allow":["GET"]}}],"collection":[{"href":"https:\/\/www.packpapierverlag.de\/index.php?rest_route=\/wp\/v2\/product"}],"about":[{"href":"https:\/\/www.packpapierverlag.de\/index.php?rest_route=\/wp\/v2\/types\/product"}],"wp:attachment":[{"href":"https:\/\/www.packpapierverlag.de\/index.php?rest_route=%2Fwp%2Fv2%2Fmedia&parent=1080"}],"wp:term":[{"taxonomy":"product_brand","embeddable":true,"href":"https:\/\/www.packpapierverlag.de\/index.php?rest_route=%2Fwp%2Fv2%2Fproduct_brand&post=1080"},{"taxonomy":"product_cat","embeddable":true,"href":"https:\/\/www.packpapierverlag.de\/index.php?rest_route=%2Fwp%2Fv2%2Fproduct_cat&post=1080"},{"taxonomy":"product_tag","embeddable":true,"href":"https:\/\/www.packpapierverlag.de\/index.php?rest_route=%2Fwp%2Fv2%2Fproduct_tag&post=1080"}],"curies":[{"name":"wp","href":"https:\/\/api.w.org\/{rel}","templated":true}]}}