{"id":1083,"date":"2010-12-17T16:59:08","date_gmt":"2010-12-17T15:59:08","guid":{"rendered":"http:\/\/www.packpapierverlag.de\/neu\/?p=1083"},"modified":"2020-07-25T17:10:33","modified_gmt":"2020-07-25T15:10:33","slug":"soz-erziehung","status":"publish","type":"product","link":"https:\/\/www.packpapierverlag.de\/?product=soz-erziehung","title":{"rendered":"Erziehung+Klassenkampf &#8211; Bibliografie (a43)"},"content":{"rendered":"<p>Erziehung und Klassenkampf (Bibliografie)<\/p>\n<p>Oder deren Geschichte nebst einer relativ vollst\u00e4ndigen Bibliografie unterschlagener, verbotener, verbrannter Schriften zu revolution\u00e4ren sozialistischen Erziehung.<\/p>\n<p>Anleitung f\u00fcr eine revolution\u00e4re Erziehung herausgegeben vom Zentralrat der sozialistischen Kinderl\u00e4den in Westberlin, 1969<\/p>\n<p>124 Seiten, DinA5<\/p>\n","protected":false},"excerpt":{"rendered":"<p>Erziehung und Klassenkampf (Bibliografie) Oder deren Geschichte nebst einer relativ [&hellip;] &hellip; <a href=\"https:\/\/www.packpapierverlag.de\/?product=soz-erziehung\">Weiterlesen <span class=\"meta-nav\">&rarr;<\/span><\/a><\/p>\n","protected":false},"featured_media":0,"template":"","meta":[],"product_brand":[],"product_cat":[10,3],"product_tag":[],"class_list":{"0":"post-1083","1":"product","2":"type-product","3":"status-publish","5":"product_cat-erziehung","6":"product_cat-produkte","8":"first","9":"instock","10":"shipping-taxable","11":"purchasable","12":"product-type-simple"},"_links":{"self":[{"href":"https:\/\/www.packpapierverlag.de\/index.php?rest_route=\/wp\/v2\/product\/1083","targetHints":{"allow":["GET"]}}],"collection":[{"href":"https:\/\/www.packpapierverlag.de\/index.php?rest_route=\/wp\/v2\/product"}],"about":[{"href":"https:\/\/www.packpapierverlag.de\/index.php?rest_route=\/wp\/v2\/types\/product"}],"wp:attachment":[{"href":"https:\/\/www.packpapierverlag.de\/index.php?rest_route=%2Fwp%2Fv2%2Fmedia&parent=1083"}],"wp:term":[{"taxonomy":"product_brand","embeddable":true,"href":"https:\/\/www.packpapierverlag.de\/index.php?rest_route=%2Fwp%2Fv2%2Fproduct_brand&post=1083"},{"taxonomy":"product_cat","embeddable":true,"href":"https:\/\/www.packpapierverlag.de\/index.php?rest_route=%2Fwp%2Fv2%2Fproduct_cat&post=1083"},{"taxonomy":"product_tag","embeddable":true,"href":"https:\/\/www.packpapierverlag.de\/index.php?rest_route=%2Fwp%2Fv2%2Fproduct_tag&post=1083"}],"curies":[{"name":"wp","href":"https:\/\/api.w.org\/{rel}","templated":true}]}}