{"id":1129,"date":"2010-12-17T17:07:33","date_gmt":"2010-12-17T16:07:33","guid":{"rendered":"http:\/\/www.packpapierverlag.de\/neu\/?p=1129"},"modified":"2022-01-16T11:19:01","modified_gmt":"2022-01-16T10:19:01","slug":"allan-watts-zen","status":"publish","type":"product","link":"https:\/\/www.packpapierverlag.de\/?product=allan-watts-zen","title":{"rendered":"Michael Benaglio: Blumen der Boheme 6,60\u20ac (l37)"},"content":{"rendered":"<p style=\"text-align: left;\"><a href=\"https:\/\/www.packpapierverlag.de\/wp-content\/uploads\/2017\/04\/Benaglio-Blumen-der-Boheme.jpg\" rel=\"attachment wp-att-7234\"><img loading=\"lazy\" decoding=\"async\" class=\"size-medium wp-image-7234 alignleft\" src=\"https:\/\/www.packpapierverlag.de\/wp-content\/uploads\/2017\/04\/Benaglio-Blumen-der-Boheme-210x300.jpg\" alt=\"Benaglio Blumen der Boheme\" width=\"210\" height=\"300\" srcset=\"https:\/\/www.packpapierverlag.de\/wp-content\/uploads\/2017\/04\/Benaglio-Blumen-der-Boheme-210x300.jpg 210w, https:\/\/www.packpapierverlag.de\/wp-content\/uploads\/2017\/04\/Benaglio-Blumen-der-Boheme-300x428.jpg 300w, https:\/\/www.packpapierverlag.de\/wp-content\/uploads\/2017\/04\/Benaglio-Blumen-der-Boheme-768x1097.jpg 768w, https:\/\/www.packpapierverlag.de\/wp-content\/uploads\/2017\/04\/Benaglio-Blumen-der-Boheme-717x1024.jpg 717w, https:\/\/www.packpapierverlag.de\/wp-content\/uploads\/2017\/04\/Benaglio-Blumen-der-Boheme.jpg 1024w\" sizes=\"auto, (max-width: 210px) 100vw, 210px\" \/><\/a>Michael Benaglio: Die Blumen der Boheme<br \/>\n136 Seiten, A6, etliche, z.T. farbige Abbildungen, 6,60\u20ac (l37)<\/p>\n<p style=\"text-align: left;\">Mit Gastbeitr\u00e4gen von Pamela Pfitzner und Manfred Stangl, Aufs\u00e4tze, Essays, Prosast\u00fccke und Lyrik geben einen bunten Einblick in die historische und heutige (Caf\u00e9haus-) Szene der Boheme (oder was von ihr \u00fcbrigblieb) in San Francisco, Wien, Graz und Berlin.<br \/>\nINHALT:<br \/>\nB\u00fcrgerschreck und K\u00fcnstleravantgarde. Die Boh\u00e8me.<br \/>\nLicht in den Nebeln San Franciscos<br \/>\n\u201eW\u00e4re doch einmal nur einer gr\u00f6\u00dfenwahnsinnig!\u201c Die Caf\u00e9hauskultur der historischen Boh\u00e8me und Else Lasker-Sch\u00fcler (Gastbeitrag von Pamela Pfitzner)<br \/>\nBoh\u00e8mian Night \u00e0 la Graz<br \/>\nRock around the Wiener Kaffeehauskultur (Caf\u00e9 Kafka, Caf\u00e9 Hawelka, Caf\u00e9 Mocca, Caf\u00e9 Schopehnauer)<br \/>\nAmerlinghaus. Eine literarische Solidarit\u00e4tserkl\u00e4rung<br \/>\nStadtbahn Impressionen (Gasbeitrag von Manfred Stangl)<br \/>\nBoh\u00e8mian Spirit, Lyrikkollektion (Eintagsfliege im Caf\u00e9 Mocca, Jazz Cafe. Wien, Lounge- Musik im F4, Gegenwelten, Es ist ok Roter Engel, Avalon, In den G\u00e4rten der Boh\u00e8me)<\/p>\n","protected":false},"excerpt":{"rendered":"<p>Michael Benaglio: Die Blumen der Boheme 136 Seiten, A6, etliche, [&hellip;] &hellip; <a href=\"https:\/\/www.packpapierverlag.de\/?product=allan-watts-zen\">Weiterlesen <span class=\"meta-nav\">&rarr;<\/span><\/a><\/p>\n","protected":false},"featured_media":7234,"template":"","meta":[],"product_brand":[],"product_cat":[18,6,3],"product_tag":[],"class_list":{"0":"post-1129","1":"product","2":"type-product","3":"status-publish","4":"has-post-thumbnail","6":"product_cat-literatur","7":"product_cat-politik-und-geschichte","8":"product_cat-produkte","10":"first","11":"instock","12":"shipping-taxable","13":"purchasable","14":"product-type-simple"},"_links":{"self":[{"href":"https:\/\/www.packpapierverlag.de\/index.php?rest_route=\/wp\/v2\/product\/1129","targetHints":{"allow":["GET"]}}],"collection":[{"href":"https:\/\/www.packpapierverlag.de\/index.php?rest_route=\/wp\/v2\/product"}],"about":[{"href":"https:\/\/www.packpapierverlag.de\/index.php?rest_route=\/wp\/v2\/types\/product"}],"wp:featuredmedia":[{"embeddable":true,"href":"https:\/\/www.packpapierverlag.de\/index.php?rest_route=\/wp\/v2\/media\/7234"}],"wp:attachment":[{"href":"https:\/\/www.packpapierverlag.de\/index.php?rest_route=%2Fwp%2Fv2%2Fmedia&parent=1129"}],"wp:term":[{"taxonomy":"product_brand","embeddable":true,"href":"https:\/\/www.packpapierverlag.de\/index.php?rest_route=%2Fwp%2Fv2%2Fproduct_brand&post=1129"},{"taxonomy":"product_cat","embeddable":true,"href":"https:\/\/www.packpapierverlag.de\/index.php?rest_route=%2Fwp%2Fv2%2Fproduct_cat&post=1129"},{"taxonomy":"product_tag","embeddable":true,"href":"https:\/\/www.packpapierverlag.de\/index.php?rest_route=%2Fwp%2Fv2%2Fproduct_tag&post=1129"}],"curies":[{"name":"wp","href":"https:\/\/api.w.org\/{rel}","templated":true}]}}