{"id":1192,"date":"2010-12-17T17:19:26","date_gmt":"2010-12-17T16:19:26","guid":{"rendered":"http:\/\/www.packpapierverlag.de\/neu\/?p=1192"},"modified":"2020-04-10T11:12:07","modified_gmt":"2020-04-10T09:12:07","slug":"10-karten-huhnerfreiheit","status":"publish","type":"product","link":"https:\/\/www.packpapierverlag.de\/?product=10-karten-huhnerfreiheit","title":{"rendered":"H\u00fchnerfreiheit &#8211; 10 Postkarten (pk57)"},"content":{"rendered":"<p>K\u00e4figh\u00fchner im Gespr\u00e4ch: Du musst nur ganz Du selbst sein&#8230;!- Ach?, DinA6 &#8211; Nr.pk57<br \/>\n<img loading=\"lazy\" decoding=\"async\" class=\"alignleft size-full wp-image-13690\" src=\"https:\/\/www.packpapierverlag.de\/wp-content\/uploads\/2020\/04\/pk57-H\u00fchnerfreiheit.jpg\" alt=\"\" width=\"595\" height=\"861\" srcset=\"https:\/\/www.packpapierverlag.de\/wp-content\/uploads\/2020\/04\/pk57-H\u00fchnerfreiheit.jpg 595w, https:\/\/www.packpapierverlag.de\/wp-content\/uploads\/2020\/04\/pk57-H\u00fchnerfreiheit-300x434.jpg 300w, https:\/\/www.packpapierverlag.de\/wp-content\/uploads\/2020\/04\/pk57-H\u00fchnerfreiheit-207x300.jpg 207w\" sizes=\"auto, (max-width: 595px) 100vw, 595px\" \/><\/p>\n","protected":false},"excerpt":{"rendered":"<p>K\u00e4figh\u00fchner im Gespr\u00e4ch: Du musst nur ganz Du selbst sein&#8230;!- [&hellip;] &hellip; <a href=\"https:\/\/www.packpapierverlag.de\/?product=10-karten-huhnerfreiheit\">Weiterlesen <span class=\"meta-nav\">&rarr;<\/span><\/a><\/p>\n","protected":false},"featured_media":13690,"template":"","meta":[],"product_brand":[],"product_cat":[21,3],"product_tag":[],"class_list":{"0":"post-1192","1":"product","2":"type-product","3":"status-publish","4":"has-post-thumbnail","6":"product_cat-postkarten","7":"product_cat-produkte","9":"first","10":"instock","11":"shipping-taxable","12":"purchasable","13":"product-type-simple"},"_links":{"self":[{"href":"https:\/\/www.packpapierverlag.de\/index.php?rest_route=\/wp\/v2\/product\/1192","targetHints":{"allow":["GET"]}}],"collection":[{"href":"https:\/\/www.packpapierverlag.de\/index.php?rest_route=\/wp\/v2\/product"}],"about":[{"href":"https:\/\/www.packpapierverlag.de\/index.php?rest_route=\/wp\/v2\/types\/product"}],"wp:featuredmedia":[{"embeddable":true,"href":"https:\/\/www.packpapierverlag.de\/index.php?rest_route=\/wp\/v2\/media\/13690"}],"wp:attachment":[{"href":"https:\/\/www.packpapierverlag.de\/index.php?rest_route=%2Fwp%2Fv2%2Fmedia&parent=1192"}],"wp:term":[{"taxonomy":"product_brand","embeddable":true,"href":"https:\/\/www.packpapierverlag.de\/index.php?rest_route=%2Fwp%2Fv2%2Fproduct_brand&post=1192"},{"taxonomy":"product_cat","embeddable":true,"href":"https:\/\/www.packpapierverlag.de\/index.php?rest_route=%2Fwp%2Fv2%2Fproduct_cat&post=1192"},{"taxonomy":"product_tag","embeddable":true,"href":"https:\/\/www.packpapierverlag.de\/index.php?rest_route=%2Fwp%2Fv2%2Fproduct_tag&post=1192"}],"curies":[{"name":"wp","href":"https:\/\/api.w.org\/{rel}","templated":true}]}}