{"id":1220,"date":"2010-12-17T17:29:47","date_gmt":"2010-12-17T16:29:47","guid":{"rendered":"http:\/\/www.packpapierverlag.de\/neu\/?p=1220"},"modified":"2017-05-03T16:19:37","modified_gmt":"2017-05-03T14:19:37","slug":"botschaft-d-haudenosaunee-an-die-westliche-welt","status":"publish","type":"product","link":"https:\/\/www.packpapierverlag.de\/?product=botschaft-d-haudenosaunee-an-die-westliche-welt","title":{"rendered":"Die Botschaft der Haudenosaunee an die westliche Welt (w81)"},"content":{"rendered":"<p><a href=\"https:\/\/www.packpapierverlag.de\/wp-content\/uploads\/2010\/12\/Botschaft-der-Haudenosaunee.jpg\"><img loading=\"lazy\" decoding=\"async\" class=\"alignleft size-medium wp-image-2986\" title=\"Botschaft der Haudenosaunee\" src=\"https:\/\/www.packpapierverlag.de\/wp-content\/uploads\/2010\/12\/Botschaft-der-Haudenosaunee-208x300.jpg\" alt=\"\" width=\"208\" height=\"300\" srcset=\"https:\/\/www.packpapierverlag.de\/wp-content\/uploads\/2010\/12\/Botschaft-der-Haudenosaunee-208x300.jpg 208w, https:\/\/www.packpapierverlag.de\/wp-content\/uploads\/2010\/12\/Botschaft-der-Haudenosaunee-300x431.jpg 300w, https:\/\/www.packpapierverlag.de\/wp-content\/uploads\/2010\/12\/Botschaft-der-Haudenosaunee-712x1024.jpg 712w, https:\/\/www.packpapierverlag.de\/wp-content\/uploads\/2010\/12\/Botschaft-der-Haudenosaunee.jpg 1024w\" sizes=\"auto, (max-width: 208px) 100vw, 208px\" \/><\/a><br \/>\n<small style=\"color: #264c4c;\"><big style=\"font-weight: bold; color: #3d7a7a;\"><span style=\"font-family: Helvetica,Arial,sans-serif;\">Die Botschaft der Haudenosaunee an die westliche Welt<\/span><\/big><br style=\"font-family: Helvetica,Arial,sans-serif;\" \/><span style=\"font-family: Helvetica,Arial,sans-serif;\">Kleines Heftchen mit 31 Seiten, DIN A 6, Druck auf Umweltpapier, mit Raum f\u00fcr eigene Notizen.<\/span><br style=\"font-family: Helvetica,Arial,sans-serif;\" \/><span style=\"font-family: Helvetica,Arial,sans-serif;\">Der folgende Text ist eines von drei Positionspapieren der Haudenosaunee (der traditionellen Versammlung von Onondaga, auch genannt die Irokesische F\u00f6rderation) an die Nichtregierungsorganisationen der UNO in Genf, Schweiz im September 1977. Die Nichtregierungsorganisationen hatten Unterlagen erbeten, in denen die Unterdr\u00fcckung der eingeborenen V\u00f6lker dargestellt wird. Die Haudenosaunee, die traditionelle Versammlung der Sechs Nationen von Onondaga, schickten drei Papiere, in denen eine kurze Analyse der westlichen Geschichte gegeben wird, und die zu einer Bewusstwerdung der heiligen Verbindung des Lebens mit dem Universum aufrufen.<\/span><br style=\"font-family: Helvetica,Arial,sans-serif;\" \/><span style=\"font-family: Helvetica,Arial,sans-serif;\">\u201eWas hier vorgestellt wird, ist nicht weniger als eine k\u00fchne Gesamtschau der industrialisierten Welt, herausgegeben von der politisch einflussreichsten, unabh\u00e4ngigen, nicht- westlichen \u00fcberlebenden Gemeinschaft in Nordamerika. Es ist, gewisserma\u00dfen, die moderne Welt durch \u201esteinzeitliche\u201c Augen gesehen &#8230;\u201c (aus Akwesasne Notes 1978)<\/span><\/small><\/p>\n","protected":false},"excerpt":{"rendered":"<p>Die Botschaft der Haudenosaunee an die westliche WeltKleines Heftchen mit [&hellip;] &hellip; <a href=\"https:\/\/www.packpapierverlag.de\/?product=botschaft-d-haudenosaunee-an-die-westliche-welt\">Weiterlesen <span class=\"meta-nav\">&rarr;<\/span><\/a><\/p>\n","protected":false},"featured_media":2986,"template":"","meta":[],"product_brand":[],"product_cat":[11,3],"product_tag":[],"class_list":{"0":"post-1220","1":"product","2":"type-product","3":"status-publish","4":"has-post-thumbnail","6":"product_cat-indianer-poster-texte","7":"product_cat-produkte","9":"first","10":"instock","11":"shipping-taxable","12":"purchasable","13":"product-type-simple"},"_links":{"self":[{"href":"https:\/\/www.packpapierverlag.de\/index.php?rest_route=\/wp\/v2\/product\/1220","targetHints":{"allow":["GET"]}}],"collection":[{"href":"https:\/\/www.packpapierverlag.de\/index.php?rest_route=\/wp\/v2\/product"}],"about":[{"href":"https:\/\/www.packpapierverlag.de\/index.php?rest_route=\/wp\/v2\/types\/product"}],"wp:featuredmedia":[{"embeddable":true,"href":"https:\/\/www.packpapierverlag.de\/index.php?rest_route=\/wp\/v2\/media\/2986"}],"wp:attachment":[{"href":"https:\/\/www.packpapierverlag.de\/index.php?rest_route=%2Fwp%2Fv2%2Fmedia&parent=1220"}],"wp:term":[{"taxonomy":"product_brand","embeddable":true,"href":"https:\/\/www.packpapierverlag.de\/index.php?rest_route=%2Fwp%2Fv2%2Fproduct_brand&post=1220"},{"taxonomy":"product_cat","embeddable":true,"href":"https:\/\/www.packpapierverlag.de\/index.php?rest_route=%2Fwp%2Fv2%2Fproduct_cat&post=1220"},{"taxonomy":"product_tag","embeddable":true,"href":"https:\/\/www.packpapierverlag.de\/index.php?rest_route=%2Fwp%2Fv2%2Fproduct_tag&post=1220"}],"curies":[{"name":"wp","href":"https:\/\/api.w.org\/{rel}","templated":true}]}}