{"id":1221,"date":"2010-12-17T17:30:14","date_gmt":"2010-12-17T16:30:14","guid":{"rendered":"http:\/\/www.packpapierverlag.de\/neu\/?p=1221"},"modified":"2017-05-08T13:20:33","modified_gmt":"2017-05-08T11:20:33","slug":"mohawk-botschaft-an-die-europaer","status":"publish","type":"product","link":"https:\/\/www.packpapierverlag.de\/?product=mohawk-botschaft-an-die-europaer","title":{"rendered":"Mohawk: Botschaft an die Europ\u00e4er (w82)"},"content":{"rendered":"<p><a href=\"https:\/\/www.packpapierverlag.de\/wp-content\/uploads\/2010\/12\/Mohawk.jpg\"><img loading=\"lazy\" decoding=\"async\" class=\"alignleft size-medium wp-image-4491\" title=\"Mohawk\" src=\"https:\/\/www.packpapierverlag.de\/wp-content\/uploads\/2010\/12\/Mohawk-218x300.jpg\" alt=\"\" width=\"218\" height=\"300\" srcset=\"https:\/\/www.packpapierverlag.de\/wp-content\/uploads\/2010\/12\/Mohawk-218x300.jpg 218w, https:\/\/www.packpapierverlag.de\/wp-content\/uploads\/2010\/12\/Mohawk-300x412.jpg 300w, https:\/\/www.packpapierverlag.de\/wp-content\/uploads\/2010\/12\/Mohawk-746x1024.jpg 746w, https:\/\/www.packpapierverlag.de\/wp-content\/uploads\/2010\/12\/Mohawk.jpg 1024w\" sizes=\"auto, (max-width: 218px) 100vw, 218px\" \/><\/a><span style=\"font-weight: bold; font-family: Helvetica,Arial,sans-serif; color: #475b6d;\">Botschaft an die Europ\u00e4er. Von John Mohawk Sotsisowah.<\/span><small style=\"font-family: Helvetica,Arial,sans-serif; color: #350f22;\"><br \/>\n<span style=\"color: #2e3b47;\">Vortrag gehalten im Juli 1980 beim Black Hills International Survival Meeting. <\/span><span style=\"color: #2e3b47;\">Heftchen mit 32 Seiten, DIN A6 (Postkartengr\u00f6\u00dfe). Aus der Reihe \u201eIndianer sprechen\u201c\/ Aktion Friedenstipi, Packpapier- Verlag.<\/span><br style=\"color: #2e3b47;\" \/><span style=\"font-weight: bold; color: #2e3b47;\">Zur Person: <\/span><span style=\"color: #2e3b47;\">John Mohawk Sotsisowah wurde 1945 geboren und durchlief das wei\u00dfe Schulsystem, ohne einen akademischen Titel zu erringen. Er studierte an den Universit\u00e4ten von Buffalo und New York Philosophie, gab aber seine Doktorarbeit nicht ab. Dennoch ist er heute ein gesuchter Gastreferent f\u00fcr indianische Philosophie und Geschichte an amerikanischen Universit\u00e4ten. Von 1977 bis 1982 war er Chefredakteur der Indianer- Zeitung AKWESASNE NOTES.<\/span><br style=\"color: #2e3b47;\" \/><span style=\"color: #2e3b47;\">John Mohawk ist ein Seneca- Indianer, aber wenn er von seinem Volk spricht, benutzt er die Bezeichnung HAUDENOSAUNEE. Wir kennen dieses Volk besser mit dem Namen, den ihnen die Franzosen gegeben haben: IROKESESN. Der V\u00f6lkerbund der Irokesen besteht aus sechs Nationen: Mohawk, Oneida, Cayuga, Onondaga, Seneca und Tuscarora. Die Irokesen leben zwar im Staat New York, anerkennen aber die Vereinigten Staaten nicht als ihre Heimat. Wenn sie an die UNO- Konferenzen nach Genf kommen, benutzen sie ihre eigenen P\u00e4sse (wie auch die Hopi).<\/span><br style=\"color: #2e3b47;\" \/><span style=\"font-weight: bold; color: #2e3b47;\">Zum Inhalt: <\/span><span style=\"color: #2e3b47;\">Bemerkenswerterweise hat die Gesetzgebung der Vereinigten Staaten mehr von der Verfassung der sechs Nationen \u00fcbernommen, als von ihren urspr\u00fcnglichen europ\u00e4ischen Heimatl\u00e4ndern.<\/span><br style=\"color: #2e3b47;\" \/><span style=\"color: #2e3b47;\">John Mohawk wie auch Phillip Deere teilen die Ansicht vieler Indianer, dass die Marktwirtschaft vor dem Zusammenbruch stehe und dass der Anbau von Nahrungsmitteln und die Selbstversorgung der Schl\u00fcssel zum \u00dcberleben sind. Die Technik wird uns nicht retten, ist seine Botschaft. Wer sich zu gegebener Zeit nicht selbst versorgen kann, wird verhungern.<\/span><\/small><\/p>\n","protected":false},"excerpt":{"rendered":"<p>Botschaft an die Europ\u00e4er. Von John Mohawk Sotsisowah. Vortrag gehalten [&hellip;] &hellip; <a href=\"https:\/\/www.packpapierverlag.de\/?product=mohawk-botschaft-an-die-europaer\">Weiterlesen <span class=\"meta-nav\">&rarr;<\/span><\/a><\/p>\n","protected":false},"featured_media":4491,"template":"","meta":[],"product_brand":[],"product_cat":[11,3],"product_tag":[],"class_list":{"0":"post-1221","1":"product","2":"type-product","3":"status-publish","4":"has-post-thumbnail","6":"product_cat-indianer-poster-texte","7":"product_cat-produkte","9":"first","10":"instock","11":"shipping-taxable","12":"purchasable","13":"product-type-simple"},"_links":{"self":[{"href":"https:\/\/www.packpapierverlag.de\/index.php?rest_route=\/wp\/v2\/product\/1221","targetHints":{"allow":["GET"]}}],"collection":[{"href":"https:\/\/www.packpapierverlag.de\/index.php?rest_route=\/wp\/v2\/product"}],"about":[{"href":"https:\/\/www.packpapierverlag.de\/index.php?rest_route=\/wp\/v2\/types\/product"}],"wp:featuredmedia":[{"embeddable":true,"href":"https:\/\/www.packpapierverlag.de\/index.php?rest_route=\/wp\/v2\/media\/4491"}],"wp:attachment":[{"href":"https:\/\/www.packpapierverlag.de\/index.php?rest_route=%2Fwp%2Fv2%2Fmedia&parent=1221"}],"wp:term":[{"taxonomy":"product_brand","embeddable":true,"href":"https:\/\/www.packpapierverlag.de\/index.php?rest_route=%2Fwp%2Fv2%2Fproduct_brand&post=1221"},{"taxonomy":"product_cat","embeddable":true,"href":"https:\/\/www.packpapierverlag.de\/index.php?rest_route=%2Fwp%2Fv2%2Fproduct_cat&post=1221"},{"taxonomy":"product_tag","embeddable":true,"href":"https:\/\/www.packpapierverlag.de\/index.php?rest_route=%2Fwp%2Fv2%2Fproduct_tag&post=1221"}],"curies":[{"name":"wp","href":"https:\/\/api.w.org\/{rel}","templated":true}]}}