{"id":1253,"date":"2010-12-17T17:34:00","date_gmt":"2010-12-17T16:34:00","guid":{"rendered":"http:\/\/www.packpapierverlag.de\/neu\/?p=1253"},"modified":"2017-10-12T17:22:16","modified_gmt":"2017-10-12T15:22:16","slug":"pieper-willkommen","status":"publish","type":"product","link":"https:\/\/www.packpapierverlag.de\/?product=pieper-willkommen","title":{"rendered":"Pieper: Willkommen! Gastfreundschaft weltweit (g166)"},"content":{"rendered":"<p><a href=\"https:\/\/www.packpapierverlag.de\/wp-content\/uploads\/2010\/12\/Willkommen.jpg\"><img loading=\"lazy\" decoding=\"async\" class=\"alignleft size-medium wp-image-4493\" title=\"Willkommen\" src=\"https:\/\/www.packpapierverlag.de\/wp-content\/uploads\/2010\/12\/Willkommen-296x300.jpg\" alt=\"\" width=\"296\" height=\"300\" srcset=\"https:\/\/www.packpapierverlag.de\/wp-content\/uploads\/2010\/12\/Willkommen-296x300.jpg 296w, https:\/\/www.packpapierverlag.de\/wp-content\/uploads\/2010\/12\/Willkommen-100x100.jpg 100w, https:\/\/www.packpapierverlag.de\/wp-content\/uploads\/2010\/12\/Willkommen-300x304.jpg 300w, https:\/\/www.packpapierverlag.de\/wp-content\/uploads\/2010\/12\/Willkommen-1012x1024.jpg 1012w, https:\/\/www.packpapierverlag.de\/wp-content\/uploads\/2010\/12\/Willkommen.jpg 1024w\" sizes=\"auto, (max-width: 296px) 100vw, 296px\" \/><\/a><br \/>\n<small style=\"font-family: Helvetica,Arial,sans-serif;\"><span style=\"color: #411231;\">Werner Pieper (Herausgeber und Co.- Autor)<\/span><span style=\"color: #411231;\">:<br \/>\n<big style=\"color: #1a2341;\"><span style=\"font-weight: bold;\">Willkommen! Gastfreundschaft weltweit.<\/span><\/big><\/span><br style=\"color: #411231;\" \/><span style=\"color: #411231;\">216 Seiten starkes Buch, gro\u00dfes Format: 20 x 20 cm. Mit sch\u00f6nen Schwarz- Wei\u00df- Photos.<\/span><br style=\"color: #411231;\" \/><span style=\"color: #411231;\">Ein wunderbares Buch, um einen ersten \u00dcberblick \u00fcber Leben und Gewohnheiten der Bev\u00f6lkerung verschiedener L\u00e4nder zu gewinnen. Die Texte wurden zusammengestellt von einem erprobten Globetrotter und Praxis- Ethnologen. Vorgestellt werden \u00fcber 70 L\u00e4nder.<\/span><br style=\"color: #411231;\" \/><span style=\"color: #411231;\"><span style=\"font-weight: bold; color: #802361;\">Klappentext:<\/span><br \/>\nDiesseits aller Statistiken ist ein Fremder ein Mitmensch, einer wie du und ich, nur von woanders. Die Begegnung mit dem Fremden ist eine Chance, eigene Vorurteile abzubauen, Laschheit, Sch\u00fcchternheit<br \/>\nund Ignoranz zu \u00fcberwinden und die Freuden der Fremden-Freundlichkeit zu kosten. Wer selber einmal den eigenen Sprach- und Kulturraum verlassen hat, wei\u00df, was eine Hilfe in der Fremde bedeuten kann. Stell dir vor, du triffst einen Menschen aus Vietnam, der T\u00fcrkei oder Lesotho; einen Moslem oder einen Juden. Du m\u00f6chtest ihn gerne einladen, wei\u00dft aber nur wenig \u00fcber seine Kultur, potentielle Vorlieben und religi\u00f6se Gebote. Dann wird dir dieses Buch ein freundschaftlicher Ratgeber sein. Hier findest du, was du schon immer \u00fcber andere Kulturen wissen wolltest:<\/span><span style=\"color: #411231;\">Kurzbeschreibungen der Begr\u00fc\u00dfungsrituale, Feiertage, Religionen, des Brauchtums, der Tabus, der Ern\u00e4hrung etc. aus rund 70 L\u00e4ndern. <\/span><span style=\"color: #411231;\">L\u00e4ngere Beitr\u00e4ge zur Gastfreundschaft in der T\u00fcrkei, S\u00fcdasien, Japan, China, Westafrika usw. * Zur Gastfreundschaft im Islam, im Judentum und bei Indianern. * lnfos \u00fcber die Geschichte der Gastfreundschaft und des Gastgewerbes bei uns. * Aufkl\u00e4rung \u00fcber die Rolle des Gastmahls, das Gastgeschenk, Essenstabus sowie die Feste vieler Kulturen. * Begegnungshilfen, Tips und Warnungen vor Fettn\u00e4pfchen. * \u00dcber Gastfremde und Fremdfreunde, \u00fcber die umgekehrte Migration, den Tourismus * Ein Ethno &#8211; Knigge f\u00fcr alle, die viel mit fremden G\u00e4sten zu tun haben: Beh\u00f6rden, Krankenpflegepersonal, Gastronomen usw., f\u00fcr potentielle Gastgeber und alle, die nicht isoliert im deutschen Glashaus hocken wollen.<\/span><br style=\"color: #411231;\" \/><span style=\"color: #741f57;\"><span style=\"font-weight: bold;\">Inhalt: Neben einer alphabetischen \u00dcbersicht \u00fcber die Gebr\u00e4uche, Riten und Gewohnheiten in den einzelnen L\u00e4ndern findet der Leser folgende Texte in diesem Buch<\/span>: <\/span><span style=\"color: #411231;\"><span style=\"font-weight: bold;\">* Vorwort * Das globale Dorf* Eine pers\u00f6nliche Einleitung des Herausgebers<\/span>: Vom Gastgeber zum Obdachlosen &#8212; Meine Karriere als Gast &#8212; Lernprozesse als Gastgeber * <span style=\"font-weight: bold;\">Von gestern und heute: Gastfreundschaft bei den Altvorderen <\/span>&#8212; Spuren fr\u00fcher Gastfreundschaft &#8212; Gastregeln aus dem Jahr 1735 kommerziellen Gastwesens &#8212; Sergius Golowin: Zur Wiederentdeckung des Gastes &#8212; Vom Tourist zum Gast &#8212; Wolle mer `n roislasse? &#8212; Nicht immer ein Kinderspiel *<span style=\"font-weight: bold;\"> Gastmahl, Essenstabus, Gesten und Feste:<\/span> Gastmahl und Tabus &#8212; Das Geschenk in der S\u00fcdsee &#8212; Zur Ordnung der Geschenke in Japan &#8212; Gastgeschenke &#8212; Gesten und Geb\u00e4rden &#8212; Der Name &#8212; Ein Jahr voller Freude &#8212; Eva- Maria Blum:\u00a0 Feiern in der multikulturellen Stadt &#8212; Feste- heilige Tage &#8212; Claudia Emmend\u00f6rfer- Br\u00f6\u00dfler: Das indische Fest Holi &#8212; Kodomo-no-hi, das japanische Fest der Kinder &#8212; Das Odwira- Fest in Ghana\u00a0 &#8212; Chanukka, das j\u00fcdische Lichterfest *<span style=\"font-weight: bold;\"> Beispiele aus aller Welt: <\/span>Achmed A.W. Khammas: Gastfreundschaft in arabischen und islamischen L\u00e4ndern &#8212; Hakan Songur:\u00a0 A la turca. T\u00fcrkische Kultur \u201ekurzbelichtet\u201c &#8212; Sharon Levinson:\u00a0 Vom Unterschied zwischen Schrift und Realit\u00e4t. Gastfreundschaft im Judentum. &#8212; Roman Schweidlenka: Ohne Zwang. Von Indianern, Zeremonien und Buffalo- Steaks &#8212; Peter Oeltze von Lobenthal, Jean Trouillet und Werner Pieper: Jemand, der gastfreundlich ist, ist auch neugierig- ein Gespr\u00e4ch \u00fcber Gastfreundschaft in Westafrika &#8212; Ludmilla T\u00fcring:\u00a0 S\u00fcdasien; Vielfalt und Tabus &#8212; Molto Menz, Evi Schmidt, Yokiko Miura: Ossis und Wessis: Japaner bei uns &#8212; Jane Majchrzak: H\u00f6here Wesen oder wilde Tiere? Fremd in China &#8212; Richard Majchrzak: \u201eWillkommen\u201c im Pazifik *<span style=\"font-weight: bold;\"> Vor und hinter der eigenen Haust\u00fcr: <\/span>Claudia M\u00fcller- Ebeling:\u00a0 Viele Kulturen unter einem Dach &#8212; Micky Remann: Gastfeinde- Fremdfreunde &#8212; Susanne Amatosero: Ein ziemlich milder Winter &#8212; Rainer Ostermuth: Homo inkognito oder: der unbekannte Andere &#8212; Haris Katsoulis: Die umgekehrte Migration- der Tourismus &#8212; Notizen zum Tourismus &#8212; Norbert Thomma: Mindestabstand zu Pinguinen- \u00fcber die INKUBI &#8212; K.- H. Wehkamp:\u00a0 Was macht Ausl\u00e4nder krank? * <span style=\"font-weight: bold;\">Stippvisiten: Das Fremde und unser Selbstverst\u00e4ndnis<\/span> &#8212; Wege\u00a0 zum Globalen Dorf &#8212; Guten Morgen, Herr M\u00fcller &#8212; Gastfreundschaft in Turkistan &#8212; Lassen wir unsere Seelen aufs Abstellgleis schieben? * <span style=\"font-weight: bold;\">Reiseb\u00fcro f\u00fcr visuelles Reisen<\/span>: Autoren und Autorinnen &#8212; Register &#8212; Weiterf\u00fchrende und benutzte Literatur &#8212; Weitere Quellen &#8212; Auf ein Neues oder zwei &#8212; Mehr Stoff<\/span><\/small><\/p>\n","protected":false},"excerpt":{"rendered":"<p>Werner Pieper (Herausgeber und Co.- Autor): Willkommen! Gastfreundschaft weltweit.216 Seiten [&hellip;] &hellip; <a href=\"https:\/\/www.packpapierverlag.de\/?product=pieper-willkommen\">Weiterlesen <span class=\"meta-nav\">&rarr;<\/span><\/a><\/p>\n","protected":false},"featured_media":4493,"template":"","meta":[],"product_brand":[],"product_cat":[11,3],"product_tag":[],"class_list":{"0":"post-1253","1":"product","2":"type-product","3":"status-publish","4":"has-post-thumbnail","6":"product_cat-indianer-poster-texte","7":"product_cat-produkte","9":"first","10":"instock","11":"shipping-taxable","12":"purchasable","13":"product-type-simple"},"_links":{"self":[{"href":"https:\/\/www.packpapierverlag.de\/index.php?rest_route=\/wp\/v2\/product\/1253","targetHints":{"allow":["GET"]}}],"collection":[{"href":"https:\/\/www.packpapierverlag.de\/index.php?rest_route=\/wp\/v2\/product"}],"about":[{"href":"https:\/\/www.packpapierverlag.de\/index.php?rest_route=\/wp\/v2\/types\/product"}],"wp:featuredmedia":[{"embeddable":true,"href":"https:\/\/www.packpapierverlag.de\/index.php?rest_route=\/wp\/v2\/media\/4493"}],"wp:attachment":[{"href":"https:\/\/www.packpapierverlag.de\/index.php?rest_route=%2Fwp%2Fv2%2Fmedia&parent=1253"}],"wp:term":[{"taxonomy":"product_brand","embeddable":true,"href":"https:\/\/www.packpapierverlag.de\/index.php?rest_route=%2Fwp%2Fv2%2Fproduct_brand&post=1253"},{"taxonomy":"product_cat","embeddable":true,"href":"https:\/\/www.packpapierverlag.de\/index.php?rest_route=%2Fwp%2Fv2%2Fproduct_cat&post=1253"},{"taxonomy":"product_tag","embeddable":true,"href":"https:\/\/www.packpapierverlag.de\/index.php?rest_route=%2Fwp%2Fv2%2Fproduct_tag&post=1253"}],"curies":[{"name":"wp","href":"https:\/\/api.w.org\/{rel}","templated":true}]}}