{"id":13634,"date":"2020-04-05T15:48:19","date_gmt":"2020-04-05T13:48:19","guid":{"rendered":"https:\/\/www.packpapierverlag.de\/?post_type=product&#038;p=13634"},"modified":"2022-01-01T18:51:27","modified_gmt":"2022-01-01T17:51:27","slug":"rosa-luxemburg-briefe-aus-dem-gefaengnis-e69-3-e","status":"publish","type":"product","link":"https:\/\/www.packpapierverlag.de\/?product=rosa-luxemburg-briefe-aus-dem-gefaengnis-e69-3-e","title":{"rendered":"Rosa Luxemburg: Briefe aus dem Gef\u00e4ngnis (e69) 3,-\u20ac"},"content":{"rendered":"<p><img loading=\"lazy\" decoding=\"async\" class=\"alignleft wp-image-13617\" src=\"https:\/\/www.packpapierverlag.de\/wp-content\/uploads\/2020\/04\/e69luxemburg.jpg\" alt=\"\" width=\"200\" height=\"279\" srcset=\"https:\/\/www.packpapierverlag.de\/wp-content\/uploads\/2020\/04\/e69luxemburg.jpg 897w, https:\/\/www.packpapierverlag.de\/wp-content\/uploads\/2020\/04\/e69luxemburg-300x419.jpg 300w, https:\/\/www.packpapierverlag.de\/wp-content\/uploads\/2020\/04\/e69luxemburg-215x300.jpg 215w, https:\/\/www.packpapierverlag.de\/wp-content\/uploads\/2020\/04\/e69luxemburg-733x1024.jpg 733w\" sizes=\"auto, (max-width: 200px) 100vw, 200px\" \/><\/p>\n<p>Rosa Luxemburg: BRIEFE AUS DEM GEF\u00c4NGNIS, 64 Seiten 3,-\u20ac, mit Nachwort und ausf\u00fchrlichen Literaturhinweisen zu den erw\u00e4hnten Schriftstellern und Gedichten.<\/p>\n<p>&nbsp;<\/p>\n<p>&nbsp;<\/p>\n<p>&nbsp;<\/p>\n<p>&nbsp;<\/p>\n<p>Zwei Jahre nach ihrer Ermordung erschienen diese Briefe an Sophie Liebknecht, die Frau des ebenfalls ermordeten Karl Liebknecht, und gaben ein ganz anderes pers\u00f6nliches Bild der politisch exponierten Rosa Luxemburg, die im 1. Weltkrieg (Februar 1915 bis 10.11.1918) fast ununterbrochen inhaftiert war. Sie schrieb von Gr\u00e4sern, Blumen und Wolken und von kleinen V\u00f6geln und auch vom Elend der Einsamkeit, sie gab Gedichte ua. von Goethe aus dem Ged\u00e4chtnis wieder oder bat Sophie Liebknecht um Gedichtabschriften und Zusendung von B\u00fcchern, sie kommentierte Hauptmann, George und viele andere und offenbarte ein \u00fcberraschend deutliches Urteil \u00fcber zeitgen\u00f6ssische Literatur.<\/p>\n<p>Das Nachwort kann hier separat als PDF geladen werden: <a href=\"https:\/\/www.packpapierverlag.de\/wp-content\/uploads\/2020\/05\/Nachwort-Lux.Briefe.pdf\" target=\"_blank\" rel=\"noopener noreferrer\">Nachwort<\/a><\/p>\n<p>&nbsp;<\/p>\n","protected":false},"excerpt":{"rendered":"<p>Rosa Luxemburg: BRIEFE AUS DEM GEF\u00c4NGNIS, 64 Seiten 3,-\u20ac, mit [&hellip;] &hellip; <a href=\"https:\/\/www.packpapierverlag.de\/?product=rosa-luxemburg-briefe-aus-dem-gefaengnis-e69-3-e\">Weiterlesen <span class=\"meta-nav\">&rarr;<\/span><\/a><\/p>\n","protected":false},"featured_media":13617,"template":"","meta":[],"product_brand":[],"product_cat":[7,18,3],"product_tag":[],"class_list":{"0":"post-13634","1":"product","2":"type-product","3":"status-publish","4":"has-post-thumbnail","6":"product_cat-anarchie-hefte-und-bucher","7":"product_cat-literatur","8":"product_cat-produkte","10":"first","11":"instock","12":"shipping-taxable","13":"purchasable","14":"product-type-simple"},"_links":{"self":[{"href":"https:\/\/www.packpapierverlag.de\/index.php?rest_route=\/wp\/v2\/product\/13634","targetHints":{"allow":["GET"]}}],"collection":[{"href":"https:\/\/www.packpapierverlag.de\/index.php?rest_route=\/wp\/v2\/product"}],"about":[{"href":"https:\/\/www.packpapierverlag.de\/index.php?rest_route=\/wp\/v2\/types\/product"}],"wp:featuredmedia":[{"embeddable":true,"href":"https:\/\/www.packpapierverlag.de\/index.php?rest_route=\/wp\/v2\/media\/13617"}],"wp:attachment":[{"href":"https:\/\/www.packpapierverlag.de\/index.php?rest_route=%2Fwp%2Fv2%2Fmedia&parent=13634"}],"wp:term":[{"taxonomy":"product_brand","embeddable":true,"href":"https:\/\/www.packpapierverlag.de\/index.php?rest_route=%2Fwp%2Fv2%2Fproduct_brand&post=13634"},{"taxonomy":"product_cat","embeddable":true,"href":"https:\/\/www.packpapierverlag.de\/index.php?rest_route=%2Fwp%2Fv2%2Fproduct_cat&post=13634"},{"taxonomy":"product_tag","embeddable":true,"href":"https:\/\/www.packpapierverlag.de\/index.php?rest_route=%2Fwp%2Fv2%2Fproduct_tag&post=13634"}],"curies":[{"name":"wp","href":"https:\/\/api.w.org\/{rel}","templated":true}]}}