{"id":15696,"date":"2021-12-31T00:07:28","date_gmt":"2021-12-30T23:07:28","guid":{"rendered":"https:\/\/www.packpapierverlag.de\/?post_type=product&#038;p=15696"},"modified":"2022-01-01T19:05:43","modified_gmt":"2022-01-01T18:05:43","slug":"erziehung-und-klassenkampf-kinderlaeden-westberlin-a43","status":"publish","type":"product","link":"https:\/\/www.packpapierverlag.de\/?product=erziehung-und-klassenkampf-kinderlaeden-westberlin-a43","title":{"rendered":"Erziehung und Klassenkampf &#8211; Kinderl\u00e4den Westberlin (a43)"},"content":{"rendered":"<p><img loading=\"lazy\" decoding=\"async\" class=\"alignleft wp-image-15538\" src=\"https:\/\/www.packpapierverlag.de\/wp-content\/uploads\/2021\/12\/a43Erz.Klassenkampf.jpg\" alt=\"\" width=\"200\" height=\"286\" srcset=\"https:\/\/www.packpapierverlag.de\/wp-content\/uploads\/2021\/12\/a43Erz.Klassenkampf.jpg 427w, https:\/\/www.packpapierverlag.de\/wp-content\/uploads\/2021\/12\/a43Erz.Klassenkampf-300x429.jpg 300w, https:\/\/www.packpapierverlag.de\/wp-content\/uploads\/2021\/12\/a43Erz.Klassenkampf-210x300.jpg 210w\" sizes=\"auto, (max-width: 200px) 100vw, 200px\" \/><br \/>\nErziehung und Klassenkampf, herausgegeben vom Zentralrat der Kinderl\u00e4den Westberlins Nr3, 140 Seiten, 8,-\u20ac (a43)<br \/>\nGeschichte nebst einer relativ vollst\u00e4ndigen Bibliographie unterschlagener, verbotener, verbrannter Schriften zur revolution\u00e4ren sozialistischen Erziehung, Vorwort vom Kinderladen Regensburgerstra\u00dfe 1969<\/p>\n<p>&nbsp;<\/p>\n","protected":false},"excerpt":{"rendered":"<p>Erziehung und Klassenkampf, herausgegeben vom Zentralrat der Kinderl\u00e4den Westberlins Nr3, [&hellip;] &hellip; <a href=\"https:\/\/www.packpapierverlag.de\/?product=erziehung-und-klassenkampf-kinderlaeden-westberlin-a43\">Weiterlesen <span class=\"meta-nav\">&rarr;<\/span><\/a><\/p>\n","protected":false},"featured_media":15538,"template":"","meta":[],"product_brand":[],"product_cat":[10],"product_tag":[],"class_list":{"0":"post-15696","1":"product","2":"type-product","3":"status-publish","4":"has-post-thumbnail","6":"product_cat-erziehung","8":"first","9":"instock","10":"shipping-taxable","11":"purchasable","12":"product-type-simple"},"_links":{"self":[{"href":"https:\/\/www.packpapierverlag.de\/index.php?rest_route=\/wp\/v2\/product\/15696","targetHints":{"allow":["GET"]}}],"collection":[{"href":"https:\/\/www.packpapierverlag.de\/index.php?rest_route=\/wp\/v2\/product"}],"about":[{"href":"https:\/\/www.packpapierverlag.de\/index.php?rest_route=\/wp\/v2\/types\/product"}],"wp:featuredmedia":[{"embeddable":true,"href":"https:\/\/www.packpapierverlag.de\/index.php?rest_route=\/wp\/v2\/media\/15538"}],"wp:attachment":[{"href":"https:\/\/www.packpapierverlag.de\/index.php?rest_route=%2Fwp%2Fv2%2Fmedia&parent=15696"}],"wp:term":[{"taxonomy":"product_brand","embeddable":true,"href":"https:\/\/www.packpapierverlag.de\/index.php?rest_route=%2Fwp%2Fv2%2Fproduct_brand&post=15696"},{"taxonomy":"product_cat","embeddable":true,"href":"https:\/\/www.packpapierverlag.de\/index.php?rest_route=%2Fwp%2Fv2%2Fproduct_cat&post=15696"},{"taxonomy":"product_tag","embeddable":true,"href":"https:\/\/www.packpapierverlag.de\/index.php?rest_route=%2Fwp%2Fv2%2Fproduct_tag&post=15696"}],"curies":[{"name":"wp","href":"https:\/\/api.w.org\/{rel}","templated":true}]}}