{"id":15698,"date":"2021-12-31T00:34:14","date_gmt":"2021-12-30T23:34:14","guid":{"rendered":"https:\/\/www.packpapierverlag.de\/?post_type=product&#038;p=15698"},"modified":"2021-12-31T00:34:15","modified_gmt":"2021-12-30T23:34:15","slug":"cheyenne-river-sioux-reservation-bs12","status":"publish","type":"product","link":"https:\/\/www.packpapierverlag.de\/?product=cheyenne-river-sioux-reservation-bs12","title":{"rendered":"Cheyenne River Sioux Reservation (bs12)"},"content":{"rendered":"<p class=\"p1\"><span class=\"s1\"><br \/>\n<img loading=\"lazy\" decoding=\"async\" class=\"wp-image-15540 alignleft\" src=\"https:\/\/www.packpapierverlag.de\/wp-content\/uploads\/2021\/12\/bs12Cheyenne-River.jpg\" alt=\"\" width=\"200\" height=\"298\" srcset=\"https:\/\/www.packpapierverlag.de\/wp-content\/uploads\/2021\/12\/bs12Cheyenne-River.jpg 427w, https:\/\/www.packpapierverlag.de\/wp-content\/uploads\/2021\/12\/bs12Cheyenne-River-300x448.jpg 300w, https:\/\/www.packpapierverlag.de\/wp-content\/uploads\/2021\/12\/bs12Cheyenne-River-201x300.jpg 201w\" sizes=\"auto, (max-width: 200px) 100vw, 200px\" \/><\/span><span class=\"s1\">Cheyenne River Sioux Reservation, englisch, 20Seiten illustriert, 2,50 (bs12) &#8211; aus der Materialsammlung eines ehemaligen Unterst\u00fctzerkreises f\u00fcr indigene Gesellschaften, teilweise mit geringen M\u00e4ngeln wegen Auslage auf Infost\u00e4nden<\/span><\/p>\n","protected":false},"excerpt":{"rendered":"<p>Cheyenne River Sioux Reservation, englisch, 20Seiten illustriert, 2,50 (bs12) &#8211; [&hellip;] &hellip; <a href=\"https:\/\/www.packpapierverlag.de\/?product=cheyenne-river-sioux-reservation-bs12\">Weiterlesen <span class=\"meta-nav\">&rarr;<\/span><\/a><\/p>\n","protected":false},"featured_media":15540,"template":"","meta":[],"product_brand":[],"product_cat":[11,40],"product_tag":[],"class_list":{"0":"post-15698","1":"product","2":"type-product","3":"status-publish","4":"has-post-thumbnail","6":"product_cat-indianer-poster-texte","7":"product_cat-zeitschriften","9":"first","10":"instock","11":"shipping-taxable","12":"purchasable","13":"product-type-simple"},"_links":{"self":[{"href":"https:\/\/www.packpapierverlag.de\/index.php?rest_route=\/wp\/v2\/product\/15698","targetHints":{"allow":["GET"]}}],"collection":[{"href":"https:\/\/www.packpapierverlag.de\/index.php?rest_route=\/wp\/v2\/product"}],"about":[{"href":"https:\/\/www.packpapierverlag.de\/index.php?rest_route=\/wp\/v2\/types\/product"}],"wp:featuredmedia":[{"embeddable":true,"href":"https:\/\/www.packpapierverlag.de\/index.php?rest_route=\/wp\/v2\/media\/15540"}],"wp:attachment":[{"href":"https:\/\/www.packpapierverlag.de\/index.php?rest_route=%2Fwp%2Fv2%2Fmedia&parent=15698"}],"wp:term":[{"taxonomy":"product_brand","embeddable":true,"href":"https:\/\/www.packpapierverlag.de\/index.php?rest_route=%2Fwp%2Fv2%2Fproduct_brand&post=15698"},{"taxonomy":"product_cat","embeddable":true,"href":"https:\/\/www.packpapierverlag.de\/index.php?rest_route=%2Fwp%2Fv2%2Fproduct_cat&post=15698"},{"taxonomy":"product_tag","embeddable":true,"href":"https:\/\/www.packpapierverlag.de\/index.php?rest_route=%2Fwp%2Fv2%2Fproduct_tag&post=15698"}],"curies":[{"name":"wp","href":"https:\/\/api.w.org\/{rel}","templated":true}]}}