{"id":15706,"date":"2022-01-01T12:32:40","date_gmt":"2022-01-01T11:32:40","guid":{"rendered":"https:\/\/www.packpapierverlag.de\/?post_type=product&#038;p=15706"},"modified":"2022-01-01T12:32:40","modified_gmt":"2022-01-01T11:32:40","slug":"how-to-take-part-on-lakota-ceremonies-bs18","status":"publish","type":"product","link":"https:\/\/www.packpapierverlag.de\/?product=how-to-take-part-on-lakota-ceremonies-bs18","title":{"rendered":"How To Take Part on Lakota Ceremonies (bs18)"},"content":{"rendered":"<p><img loading=\"lazy\" decoding=\"async\" class=\"alignleft wp-image-15546\" src=\"https:\/\/www.packpapierverlag.de\/wp-content\/uploads\/2021\/12\/bs18Lakota-Ceremonies.jpg\" alt=\"\" width=\"200\" height=\"281\" srcset=\"https:\/\/www.packpapierverlag.de\/wp-content\/uploads\/2021\/12\/bs18Lakota-Ceremonies.jpg 427w, https:\/\/www.packpapierverlag.de\/wp-content\/uploads\/2021\/12\/bs18Lakota-Ceremonies-300x421.jpg 300w, https:\/\/www.packpapierverlag.de\/wp-content\/uploads\/2021\/12\/bs18Lakota-Ceremonies-214x300.jpg 214w\" sizes=\"auto, (max-width: 200px) 100vw, 200px\" \/>How To Take Part on Lakota Ceremonies, englisch, 80 Seiten illustriert, 8,- (bs18) \u2013 aus der Materialsammlung eines ehemaligen Unterst\u00fctzerkreises f\u00fcr indigene Gesellschaften, teilweise mit geringen M\u00e4ngeln wegen Auslage auf Infost\u00e4nden<\/p>\n","protected":false},"excerpt":{"rendered":"<p>How To Take Part on Lakota Ceremonies, englisch, 80 Seiten [&hellip;] &hellip; <a href=\"https:\/\/www.packpapierverlag.de\/?product=how-to-take-part-on-lakota-ceremonies-bs18\">Weiterlesen <span class=\"meta-nav\">&rarr;<\/span><\/a><\/p>\n","protected":false},"featured_media":15546,"template":"","meta":[],"product_brand":[],"product_cat":[11,40],"product_tag":[],"class_list":{"0":"post-15706","1":"product","2":"type-product","3":"status-publish","4":"has-post-thumbnail","6":"product_cat-indianer-poster-texte","7":"product_cat-zeitschriften","9":"first","10":"instock","11":"shipping-taxable","12":"purchasable","13":"product-type-simple"},"_links":{"self":[{"href":"https:\/\/www.packpapierverlag.de\/index.php?rest_route=\/wp\/v2\/product\/15706","targetHints":{"allow":["GET"]}}],"collection":[{"href":"https:\/\/www.packpapierverlag.de\/index.php?rest_route=\/wp\/v2\/product"}],"about":[{"href":"https:\/\/www.packpapierverlag.de\/index.php?rest_route=\/wp\/v2\/types\/product"}],"wp:featuredmedia":[{"embeddable":true,"href":"https:\/\/www.packpapierverlag.de\/index.php?rest_route=\/wp\/v2\/media\/15546"}],"wp:attachment":[{"href":"https:\/\/www.packpapierverlag.de\/index.php?rest_route=%2Fwp%2Fv2%2Fmedia&parent=15706"}],"wp:term":[{"taxonomy":"product_brand","embeddable":true,"href":"https:\/\/www.packpapierverlag.de\/index.php?rest_route=%2Fwp%2Fv2%2Fproduct_brand&post=15706"},{"taxonomy":"product_cat","embeddable":true,"href":"https:\/\/www.packpapierverlag.de\/index.php?rest_route=%2Fwp%2Fv2%2Fproduct_cat&post=15706"},{"taxonomy":"product_tag","embeddable":true,"href":"https:\/\/www.packpapierverlag.de\/index.php?rest_route=%2Fwp%2Fv2%2Fproduct_tag&post=15706"}],"curies":[{"name":"wp","href":"https:\/\/api.w.org\/{rel}","templated":true}]}}