{"id":15711,"date":"2022-01-01T12:47:27","date_gmt":"2022-01-01T11:47:27","guid":{"rendered":"https:\/\/www.packpapierverlag.de\/?post_type=product&#038;p=15711"},"modified":"2022-01-01T12:47:27","modified_gmt":"2022-01-01T11:47:27","slug":"volkskunst-usa-ausstellungskatalog-bs23","status":"publish","type":"product","link":"https:\/\/www.packpapierverlag.de\/?product=volkskunst-usa-ausstellungskatalog-bs23","title":{"rendered":"Volkskunst USA, Ausstellungskatalog (bs23)"},"content":{"rendered":"<p><img loading=\"lazy\" decoding=\"async\" class=\"alignleft wp-image-15551\" src=\"https:\/\/www.packpapierverlag.de\/wp-content\/uploads\/2021\/12\/bs23Volkskunst-USA.jpg\" alt=\"\" width=\"200\" height=\"267\" srcset=\"https:\/\/www.packpapierverlag.de\/wp-content\/uploads\/2021\/12\/bs23Volkskunst-USA.jpg 427w, https:\/\/www.packpapierverlag.de\/wp-content\/uploads\/2021\/12\/bs23Volkskunst-USA-300x401.jpg 300w, https:\/\/www.packpapierverlag.de\/wp-content\/uploads\/2021\/12\/bs23Volkskunst-USA-224x300.jpg 224w\" sizes=\"auto, (max-width: 200px) 100vw, 200px\" \/>Volkskunst USA, Ausstellungskatalog, deutsch, 20 Seiten illustriert, 2,50 (bs23) \u2013 aus der Materialsammlung eines ehemaligen Unterst\u00fctzerkreises f\u00fcr indigene Gesellschaften, teilweise mit geringen M\u00e4ngeln wegen Auslage auf Infost\u00e4nden<\/p>\n","protected":false},"excerpt":{"rendered":"<p>Volkskunst USA, Ausstellungskatalog, deutsch, 20 Seiten illustriert, 2,50 (bs23) \u2013 [&hellip;] &hellip; <a href=\"https:\/\/www.packpapierverlag.de\/?product=volkskunst-usa-ausstellungskatalog-bs23\">Weiterlesen <span class=\"meta-nav\">&rarr;<\/span><\/a><\/p>\n","protected":false},"featured_media":15551,"template":"","meta":[],"product_brand":[],"product_cat":[11,40],"product_tag":[],"class_list":{"0":"post-15711","1":"product","2":"type-product","3":"status-publish","4":"has-post-thumbnail","6":"product_cat-indianer-poster-texte","7":"product_cat-zeitschriften","9":"first","10":"instock","11":"shipping-taxable","12":"purchasable","13":"product-type-simple"},"_links":{"self":[{"href":"https:\/\/www.packpapierverlag.de\/index.php?rest_route=\/wp\/v2\/product\/15711","targetHints":{"allow":["GET"]}}],"collection":[{"href":"https:\/\/www.packpapierverlag.de\/index.php?rest_route=\/wp\/v2\/product"}],"about":[{"href":"https:\/\/www.packpapierverlag.de\/index.php?rest_route=\/wp\/v2\/types\/product"}],"wp:featuredmedia":[{"embeddable":true,"href":"https:\/\/www.packpapierverlag.de\/index.php?rest_route=\/wp\/v2\/media\/15551"}],"wp:attachment":[{"href":"https:\/\/www.packpapierverlag.de\/index.php?rest_route=%2Fwp%2Fv2%2Fmedia&parent=15711"}],"wp:term":[{"taxonomy":"product_brand","embeddable":true,"href":"https:\/\/www.packpapierverlag.de\/index.php?rest_route=%2Fwp%2Fv2%2Fproduct_brand&post=15711"},{"taxonomy":"product_cat","embeddable":true,"href":"https:\/\/www.packpapierverlag.de\/index.php?rest_route=%2Fwp%2Fv2%2Fproduct_cat&post=15711"},{"taxonomy":"product_tag","embeddable":true,"href":"https:\/\/www.packpapierverlag.de\/index.php?rest_route=%2Fwp%2Fv2%2Fproduct_tag&post=15711"}],"curies":[{"name":"wp","href":"https:\/\/api.w.org\/{rel}","templated":true}]}}