{"id":15713,"date":"2022-01-01T13:32:33","date_gmt":"2022-01-01T12:32:33","guid":{"rendered":"https:\/\/www.packpapierverlag.de\/?post_type=product&#038;p=15713"},"modified":"2022-01-01T13:44:21","modified_gmt":"2022-01-01T12:44:21","slug":"das-grosse-fahrradbuch-c04","status":"publish","type":"product","link":"https:\/\/www.packpapierverlag.de\/?product=das-grosse-fahrradbuch-c04","title":{"rendered":"Das gro\u00dfe Fahrradbuch (c04)"},"content":{"rendered":"<p><img loading=\"lazy\" decoding=\"async\" class=\"alignleft wp-image-15552\" src=\"https:\/\/www.packpapierverlag.de\/wp-content\/uploads\/2021\/12\/c04-Fahrradbuch.jpg\" alt=\"\" width=\"200\" height=\"289\" srcset=\"https:\/\/www.packpapierverlag.de\/wp-content\/uploads\/2021\/12\/c04-Fahrradbuch.jpg 1108w, https:\/\/www.packpapierverlag.de\/wp-content\/uploads\/2021\/12\/c04-Fahrradbuch-300x433.jpg 300w\" sizes=\"auto, (max-width: 200px) 100vw, 200px\" \/>Das gro\u00dfe Fahrradbuch, 250 Seiten, 400 Fotos und Zeichnungen, 10,- (c04)<br \/>\nReparaturen aller Art vom Platten bis zum Rahmenbruch, auch f\u00fcr unterwegs ohne Werkstatt. Alle Fahrradbau- und Reparaturtips, Tips zum Fahrradkauf. Dreigangnaben, Kettenschaltung, Uralt-Naben, Bau eines Chopper-Rades, auch als Tandem, Bauanleitung f\u00fcr gute Tandems aus Schrott, Bauanleitungen f\u00fcr Lastenfahrr\u00e4der, vom B\u00e4cker-Fahrrad bis zum Schwerlastdreirad mit \u00fcber 100 kg Nutzlast. Bauplan eines guten Fahrradanh\u00e4ngers, mehr als 250 Seiten, \u00fcber 400 Zeichnungen und Fotos &#8211; der Sammelband der Fahrradhefte aus der Reihe Einf\u00e4lle statt Abf\u00e4lle von Christian Kuhtz<\/p>\n","protected":false},"excerpt":{"rendered":"<p>Das gro\u00dfe Fahrradbuch, 250 Seiten, 400 Fotos und Zeichnungen, 10,- [&hellip;] &hellip; <a href=\"https:\/\/www.packpapierverlag.de\/?product=das-grosse-fahrradbuch-c04\">Weiterlesen <span class=\"meta-nav\">&rarr;<\/span><\/a><\/p>\n","protected":false},"featured_media":15552,"template":"","meta":[],"product_brand":[],"product_cat":[5],"product_tag":[],"class_list":{"0":"post-15713","1":"product","2":"type-product","3":"status-publish","4":"has-post-thumbnail","6":"product_cat-selbstversorgung","8":"first","9":"instock","10":"shipping-taxable","11":"purchasable","12":"product-type-simple"},"_links":{"self":[{"href":"https:\/\/www.packpapierverlag.de\/index.php?rest_route=\/wp\/v2\/product\/15713","targetHints":{"allow":["GET"]}}],"collection":[{"href":"https:\/\/www.packpapierverlag.de\/index.php?rest_route=\/wp\/v2\/product"}],"about":[{"href":"https:\/\/www.packpapierverlag.de\/index.php?rest_route=\/wp\/v2\/types\/product"}],"wp:featuredmedia":[{"embeddable":true,"href":"https:\/\/www.packpapierverlag.de\/index.php?rest_route=\/wp\/v2\/media\/15552"}],"wp:attachment":[{"href":"https:\/\/www.packpapierverlag.de\/index.php?rest_route=%2Fwp%2Fv2%2Fmedia&parent=15713"}],"wp:term":[{"taxonomy":"product_brand","embeddable":true,"href":"https:\/\/www.packpapierverlag.de\/index.php?rest_route=%2Fwp%2Fv2%2Fproduct_brand&post=15713"},{"taxonomy":"product_cat","embeddable":true,"href":"https:\/\/www.packpapierverlag.de\/index.php?rest_route=%2Fwp%2Fv2%2Fproduct_cat&post=15713"},{"taxonomy":"product_tag","embeddable":true,"href":"https:\/\/www.packpapierverlag.de\/index.php?rest_route=%2Fwp%2Fv2%2Fproduct_tag&post=15713"}],"curies":[{"name":"wp","href":"https:\/\/api.w.org\/{rel}","templated":true}]}}