{"id":15721,"date":"2022-01-01T14:41:25","date_gmt":"2022-01-01T13:41:25","guid":{"rendered":"https:\/\/www.packpapierverlag.de\/?post_type=product&#038;p=15721"},"modified":"2022-01-01T14:41:25","modified_gmt":"2022-01-01T13:41:25","slug":"freudenberger-antisemitismus-in-bremerhaven-10-e-e126","status":"publish","type":"product","link":"https:\/\/www.packpapierverlag.de\/?product=freudenberger-antisemitismus-in-bremerhaven-10-e-e126","title":{"rendered":"Freudenberger: Antisemitismus in Bremerhaven, 10,-\u20ac (e126)"},"content":{"rendered":"<p><img loading=\"lazy\" decoding=\"async\" class=\"alignleft wp-image-15560\" src=\"https:\/\/www.packpapierverlag.de\/wp-content\/uploads\/2021\/12\/e126antisemit.BHV_.jpg\" alt=\"\" width=\"200\" height=\"281\" srcset=\"https:\/\/www.packpapierverlag.de\/wp-content\/uploads\/2021\/12\/e126antisemit.BHV_.jpg 800w, https:\/\/www.packpapierverlag.de\/wp-content\/uploads\/2021\/12\/e126antisemit.BHV_-300x421.jpg 300w, https:\/\/www.packpapierverlag.de\/wp-content\/uploads\/2021\/12\/e126antisemit.BHV_-214x300.jpg 214w, https:\/\/www.packpapierverlag.de\/wp-content\/uploads\/2021\/12\/e126antisemit.BHV_-730x1024.jpg 730w\" sizes=\"auto, (max-width: 200px) 100vw, 200px\" \/>Freudenberger: Antisemitismus in Bremerhaven, 96 Seiten, 10,-\u20ac (e126)<br \/>\neine weithin unbekannte Studie \u00fcber Antisemitismus in Bremerhaven w\u00e4hren der nationalsozialistischen Herrschaft, als Typoskript erschienen 1967, \u00fcber die Machtergreifung Hitlers, Kampfansage an das Judentum, Boykott j\u00fcdischer Gesch\u00e4fte, N\u00fcrnberger Gesetze, und die Vorstellung der Schicksale einzelner Personen und Familien bis zu den Deportationen.<\/p>\n","protected":false},"excerpt":{"rendered":"<p>Freudenberger: Antisemitismus in Bremerhaven, 96 Seiten, 10,-\u20ac (e126) eine weithin [&hellip;] &hellip; <a href=\"https:\/\/www.packpapierverlag.de\/?product=freudenberger-antisemitismus-in-bremerhaven-10-e-e126\">Weiterlesen <span class=\"meta-nav\">&rarr;<\/span><\/a><\/p>\n","protected":false},"featured_media":15560,"template":"","meta":[],"product_brand":[],"product_cat":[41],"product_tag":[],"class_list":{"0":"post-15721","1":"product","2":"type-product","3":"status-publish","4":"has-post-thumbnail","6":"product_cat-antiquariat","8":"first","9":"instock","10":"shipping-taxable","11":"purchasable","12":"product-type-simple"},"_links":{"self":[{"href":"https:\/\/www.packpapierverlag.de\/index.php?rest_route=\/wp\/v2\/product\/15721","targetHints":{"allow":["GET"]}}],"collection":[{"href":"https:\/\/www.packpapierverlag.de\/index.php?rest_route=\/wp\/v2\/product"}],"about":[{"href":"https:\/\/www.packpapierverlag.de\/index.php?rest_route=\/wp\/v2\/types\/product"}],"wp:featuredmedia":[{"embeddable":true,"href":"https:\/\/www.packpapierverlag.de\/index.php?rest_route=\/wp\/v2\/media\/15560"}],"wp:attachment":[{"href":"https:\/\/www.packpapierverlag.de\/index.php?rest_route=%2Fwp%2Fv2%2Fmedia&parent=15721"}],"wp:term":[{"taxonomy":"product_brand","embeddable":true,"href":"https:\/\/www.packpapierverlag.de\/index.php?rest_route=%2Fwp%2Fv2%2Fproduct_brand&post=15721"},{"taxonomy":"product_cat","embeddable":true,"href":"https:\/\/www.packpapierverlag.de\/index.php?rest_route=%2Fwp%2Fv2%2Fproduct_cat&post=15721"},{"taxonomy":"product_tag","embeddable":true,"href":"https:\/\/www.packpapierverlag.de\/index.php?rest_route=%2Fwp%2Fv2%2Fproduct_tag&post=15721"}],"curies":[{"name":"wp","href":"https:\/\/api.w.org\/{rel}","templated":true}]}}