{"id":15724,"date":"2022-01-01T15:11:00","date_gmt":"2022-01-01T14:11:00","guid":{"rendered":"https:\/\/www.packpapierverlag.de\/?post_type=product&#038;p=15724"},"modified":"2022-01-01T15:11:00","modified_gmt":"2022-01-01T14:11:00","slug":"erich-und-zensl-muehsam-4-e-e128","status":"publish","type":"product","link":"https:\/\/www.packpapierverlag.de\/?product=erich-und-zensl-muehsam-4-e-e128","title":{"rendered":"Erich und Zensl M\u00fchsam 4,-\u20ac (e128)"},"content":{"rendered":"<p><img loading=\"lazy\" decoding=\"async\" class=\"alignleft wp-image-15562\" src=\"https:\/\/www.packpapierverlag.de\/wp-content\/uploads\/2021\/12\/e128-Rocker-Muehsam.jpg\" alt=\"\" width=\"200\" height=\"287\" srcset=\"https:\/\/www.packpapierverlag.de\/wp-content\/uploads\/2021\/12\/e128-Rocker-Muehsam.jpg 427w, https:\/\/www.packpapierverlag.de\/wp-content\/uploads\/2021\/12\/e128-Rocker-Muehsam-300x431.jpg 300w, https:\/\/www.packpapierverlag.de\/wp-content\/uploads\/2021\/12\/e128-Rocker-Muehsam-209x300.jpg 209w\" sizes=\"auto, (max-width: 200px) 100vw, 200px\" \/>Rudolf Rocker: Erich und Zensl M\u00fchsam &#8211; Gefangene bei Hitler und Stalin, 48 Seiten, 4,-\u20ac (e128)<br \/>\nDer Beginn einer Trag\u00f6die &#8211; Erich M\u00fchsams Verhaftung &#8211; Sonnenburg &#8211; Die H\u00f6lle von Brandenburg &#8211; Oranienburg &#8211; Zensls Leben in Prag &#8211; Weshalb Zensl nach Ru\u00dfland fuhr &#8211; Zensls Briefe aus Ru\u00dfland &#8211; Die Kunde von Zensls Verhaftung &#8211; Die Hochschule der Heuchelei &#8211; Neue Lebenszeichen &#8211; Wie der Stein ins Rollen kam &#8211; Appell an das Weltgewissen &#8211; Nachwort \u00fcber Zensl M\u00fchsams &#8211; \u00dcbersiedlung nach Ostberlin DDR<\/p>\n","protected":false},"excerpt":{"rendered":"<p>Rudolf Rocker: Erich und Zensl M\u00fchsam &#8211; Gefangene bei Hitler [&hellip;] &hellip; <a href=\"https:\/\/www.packpapierverlag.de\/?product=erich-und-zensl-muehsam-4-e-e128\">Weiterlesen <span class=\"meta-nav\">&rarr;<\/span><\/a><\/p>\n","protected":false},"featured_media":15562,"template":"","meta":[],"product_brand":[],"product_cat":[7,9],"product_tag":[],"class_list":{"0":"post-15724","1":"product","2":"type-product","3":"status-publish","4":"has-post-thumbnail","6":"product_cat-anarchie-hefte-und-bucher","7":"product_cat-bewegung-widerstand","9":"first","10":"instock","11":"shipping-taxable","12":"purchasable","13":"product-type-simple"},"_links":{"self":[{"href":"https:\/\/www.packpapierverlag.de\/index.php?rest_route=\/wp\/v2\/product\/15724","targetHints":{"allow":["GET"]}}],"collection":[{"href":"https:\/\/www.packpapierverlag.de\/index.php?rest_route=\/wp\/v2\/product"}],"about":[{"href":"https:\/\/www.packpapierverlag.de\/index.php?rest_route=\/wp\/v2\/types\/product"}],"wp:featuredmedia":[{"embeddable":true,"href":"https:\/\/www.packpapierverlag.de\/index.php?rest_route=\/wp\/v2\/media\/15562"}],"wp:attachment":[{"href":"https:\/\/www.packpapierverlag.de\/index.php?rest_route=%2Fwp%2Fv2%2Fmedia&parent=15724"}],"wp:term":[{"taxonomy":"product_brand","embeddable":true,"href":"https:\/\/www.packpapierverlag.de\/index.php?rest_route=%2Fwp%2Fv2%2Fproduct_brand&post=15724"},{"taxonomy":"product_cat","embeddable":true,"href":"https:\/\/www.packpapierverlag.de\/index.php?rest_route=%2Fwp%2Fv2%2Fproduct_cat&post=15724"},{"taxonomy":"product_tag","embeddable":true,"href":"https:\/\/www.packpapierverlag.de\/index.php?rest_route=%2Fwp%2Fv2%2Fproduct_tag&post=15724"}],"curies":[{"name":"wp","href":"https:\/\/api.w.org\/{rel}","templated":true}]}}