{"id":15727,"date":"2022-01-01T15:19:42","date_gmt":"2022-01-01T14:19:42","guid":{"rendered":"https:\/\/www.packpapierverlag.de\/?post_type=product&#038;p=15727"},"modified":"2022-01-01T15:21:55","modified_gmt":"2022-01-01T14:21:55","slug":"hausmann-elektronische-eidophonie-2-e-i16","status":"publish","type":"product","link":"https:\/\/www.packpapierverlag.de\/?product=hausmann-elektronische-eidophonie-2-e-i16","title":{"rendered":"Hausmann: Elektronische Eidophonie  2,-\u20ac (i16)"},"content":{"rendered":"<p><img loading=\"lazy\" decoding=\"async\" class=\"alignleft wp-image-15565\" src=\"https:\/\/www.packpapierverlag.de\/wp-content\/uploads\/2021\/12\/i16hausmannEidophonie.jpg\" alt=\"\" width=\"200\" height=\"283\" srcset=\"https:\/\/www.packpapierverlag.de\/wp-content\/uploads\/2021\/12\/i16hausmannEidophonie.jpg 640w, https:\/\/www.packpapierverlag.de\/wp-content\/uploads\/2021\/12\/i16hausmannEidophonie-300x425.jpg 300w, https:\/\/www.packpapierverlag.de\/wp-content\/uploads\/2021\/12\/i16hausmannEidophonie-212x300.jpg 212w\" sizes=\"auto, (max-width: 200px) 100vw, 200px\" \/>Hausmann: Elektronische Eidophonie und andere Aufs\u00e4tze, 28 Seiten, 2,-\u20ac (i16) Die Artikulation der Sprache (Von Wittgenstein zu Adorno), Die Phasen des Wortes und der Geste, Elektronische Eidophonie, Typhonismus. Asthenie Pyknie und Psychomorphologie, Der deutsche Spie\u00dfer \u00e4rgert sich, Nieder mit dem deutschen Spie\u00dfer!<\/p>\n","protected":false},"excerpt":{"rendered":"<p>Hausmann: Elektronische Eidophonie und andere Aufs\u00e4tze, 28 Seiten, 2,-\u20ac (i16) [&hellip;] &hellip; <a href=\"https:\/\/www.packpapierverlag.de\/?product=hausmann-elektronische-eidophonie-2-e-i16\">Weiterlesen <span class=\"meta-nav\">&rarr;<\/span><\/a><\/p>\n","protected":false},"featured_media":15565,"template":"","meta":[],"product_brand":[],"product_cat":[41],"product_tag":[],"class_list":{"0":"post-15727","1":"product","2":"type-product","3":"status-publish","4":"has-post-thumbnail","6":"product_cat-antiquariat","8":"first","9":"instock","10":"shipping-taxable","11":"purchasable","12":"product-type-simple"},"_links":{"self":[{"href":"https:\/\/www.packpapierverlag.de\/index.php?rest_route=\/wp\/v2\/product\/15727","targetHints":{"allow":["GET"]}}],"collection":[{"href":"https:\/\/www.packpapierverlag.de\/index.php?rest_route=\/wp\/v2\/product"}],"about":[{"href":"https:\/\/www.packpapierverlag.de\/index.php?rest_route=\/wp\/v2\/types\/product"}],"wp:featuredmedia":[{"embeddable":true,"href":"https:\/\/www.packpapierverlag.de\/index.php?rest_route=\/wp\/v2\/media\/15565"}],"wp:attachment":[{"href":"https:\/\/www.packpapierverlag.de\/index.php?rest_route=%2Fwp%2Fv2%2Fmedia&parent=15727"}],"wp:term":[{"taxonomy":"product_brand","embeddable":true,"href":"https:\/\/www.packpapierverlag.de\/index.php?rest_route=%2Fwp%2Fv2%2Fproduct_brand&post=15727"},{"taxonomy":"product_cat","embeddable":true,"href":"https:\/\/www.packpapierverlag.de\/index.php?rest_route=%2Fwp%2Fv2%2Fproduct_cat&post=15727"},{"taxonomy":"product_tag","embeddable":true,"href":"https:\/\/www.packpapierverlag.de\/index.php?rest_route=%2Fwp%2Fv2%2Fproduct_tag&post=15727"}],"curies":[{"name":"wp","href":"https:\/\/api.w.org\/{rel}","templated":true}]}}