{"id":15732,"date":"2022-01-01T15:26:55","date_gmt":"2022-01-01T14:26:55","guid":{"rendered":"https:\/\/www.packpapierverlag.de\/?post_type=product&#038;p=15732"},"modified":"2022-01-01T15:26:56","modified_gmt":"2022-01-01T14:26:56","slug":"huelsenbeck-deutschland-muss-untergehen-2-e-i21","status":"publish","type":"product","link":"https:\/\/www.packpapierverlag.de\/?product=huelsenbeck-deutschland-muss-untergehen-2-e-i21","title":{"rendered":"Huelsenbeck: Deutschland muss untergehen! 2,-\u20ac (i21)"},"content":{"rendered":"<p><img loading=\"lazy\" decoding=\"async\" class=\"alignleft wp-image-15568\" src=\"https:\/\/www.packpapierverlag.de\/wp-content\/uploads\/2021\/12\/i21huelsenbeckDeutschland.jpg\" alt=\"\" width=\"200\" height=\"287\" srcset=\"https:\/\/www.packpapierverlag.de\/wp-content\/uploads\/2021\/12\/i21huelsenbeckDeutschland.jpg 640w, https:\/\/www.packpapierverlag.de\/wp-content\/uploads\/2021\/12\/i21huelsenbeckDeutschland-300x430.jpg 300w, https:\/\/www.packpapierverlag.de\/wp-content\/uploads\/2021\/12\/i21huelsenbeckDeutschland-209x300.jpg 209w\" sizes=\"auto, (max-width: 200px) 100vw, 200px\" \/>Huelsenbeck: Deutschland muss untergehen! 20 Seiten, 2,-\u20ac (i21) Generalstreik, Matrosenaufstand, Flucht des Kaisers, Absetzungen, Ausrufungen, Gro\u00dfdemonstrationen, Sch\u00fcsse auf Demonstranten, Tote, R\u00e4tebewegung, Ermordung von Karl Liebknecht und Rosa Luxemburg, Freikorpsterror unter F\u00fchrung von SPD-Noske, b\u00fcrgerkriegs\u00e4hnliche K\u00e4mpfe, hunderte politische Morde, Inflation, Hunger, angesichts dieser sich \u00fcberst\u00fcrzenden Ereignisse infolge der Kriegsniederlage Deutschlands w\u00fcnscht man sich mit Huelsenbeck: Deutschland muss untergehen!<\/p>\n","protected":false},"excerpt":{"rendered":"<p>Huelsenbeck: Deutschland muss untergehen! 20 Seiten, 2,-\u20ac (i21) Generalstreik, Matrosenaufstand, [&hellip;] &hellip; <a href=\"https:\/\/www.packpapierverlag.de\/?product=huelsenbeck-deutschland-muss-untergehen-2-e-i21\">Weiterlesen <span class=\"meta-nav\">&rarr;<\/span><\/a><\/p>\n","protected":false},"featured_media":15568,"template":"","meta":[],"product_brand":[],"product_cat":[18,6],"product_tag":[],"class_list":{"0":"post-15732","1":"product","2":"type-product","3":"status-publish","4":"has-post-thumbnail","6":"product_cat-literatur","7":"product_cat-politik-und-geschichte","9":"first","10":"instock","11":"shipping-taxable","12":"purchasable","13":"product-type-simple"},"_links":{"self":[{"href":"https:\/\/www.packpapierverlag.de\/index.php?rest_route=\/wp\/v2\/product\/15732","targetHints":{"allow":["GET"]}}],"collection":[{"href":"https:\/\/www.packpapierverlag.de\/index.php?rest_route=\/wp\/v2\/product"}],"about":[{"href":"https:\/\/www.packpapierverlag.de\/index.php?rest_route=\/wp\/v2\/types\/product"}],"wp:featuredmedia":[{"embeddable":true,"href":"https:\/\/www.packpapierverlag.de\/index.php?rest_route=\/wp\/v2\/media\/15568"}],"wp:attachment":[{"href":"https:\/\/www.packpapierverlag.de\/index.php?rest_route=%2Fwp%2Fv2%2Fmedia&parent=15732"}],"wp:term":[{"taxonomy":"product_brand","embeddable":true,"href":"https:\/\/www.packpapierverlag.de\/index.php?rest_route=%2Fwp%2Fv2%2Fproduct_brand&post=15732"},{"taxonomy":"product_cat","embeddable":true,"href":"https:\/\/www.packpapierverlag.de\/index.php?rest_route=%2Fwp%2Fv2%2Fproduct_cat&post=15732"},{"taxonomy":"product_tag","embeddable":true,"href":"https:\/\/www.packpapierverlag.de\/index.php?rest_route=%2Fwp%2Fv2%2Fproduct_tag&post=15732"}],"curies":[{"name":"wp","href":"https:\/\/api.w.org\/{rel}","templated":true}]}}