{"id":15734,"date":"2022-01-01T15:32:00","date_gmt":"2022-01-01T14:32:00","guid":{"rendered":"https:\/\/www.packpapierverlag.de\/?post_type=product&#038;p=15734"},"modified":"2022-01-01T15:32:00","modified_gmt":"2022-01-01T14:32:00","slug":"leppin-der-gefangene-gedichte-4-e-i25","status":"publish","type":"product","link":"https:\/\/www.packpapierverlag.de\/?product=leppin-der-gefangene-gedichte-4-e-i25","title":{"rendered":"Leppin: Der Gefangene, Gedichte  4,-\u20ac (i25)"},"content":{"rendered":"<p><img loading=\"lazy\" decoding=\"async\" class=\"alignleft wp-image-15569\" src=\"https:\/\/www.packpapierverlag.de\/wp-content\/uploads\/2021\/12\/i25leppin.jpg\" alt=\"\" width=\"200\" height=\"290\" srcset=\"https:\/\/www.packpapierverlag.de\/wp-content\/uploads\/2021\/12\/i25leppin.jpg 640w, https:\/\/www.packpapierverlag.de\/wp-content\/uploads\/2021\/12\/i25leppin-300x435.jpg 300w, https:\/\/www.packpapierverlag.de\/wp-content\/uploads\/2021\/12\/i25leppin-207x300.jpg 207w\" sizes=\"auto, (max-width: 200px) 100vw, 200px\" \/>Leppin: Der Gefangene, Gedichte eines alten Mannes, 44 Seiten, 4,-\u20ac (i25) &#8222;Dichter, die wirklichen Dichter, leben nicht um ihres eigenen Daseins willen, leben auch f\u00fcr die Zeitgenossen nicht. Viel sp\u00e4ter schl\u00e4gt dann jemand einen verschollenen schmalen Band auf, und die T\u00fcren des Lebens gehen f\u00fcr beide auf, f\u00fcr den stummen Sprecher, f\u00fcr den stummen Zuh\u00f6rer. Es ist dann nicht mehr der Ruhm, es ist das Gr\u00f6\u00dfere: die Unsterblichkeit. Paul Leppins Verse warten auf ihre Leser von 1988.&#8220; schrieb die &#8222;Prager Presse&#8220; 1938, also 50 Jahre zuvor.<\/p>\n<p>&nbsp;<\/p>\n","protected":false},"excerpt":{"rendered":"<p>Leppin: Der Gefangene, Gedichte eines alten Mannes, 44 Seiten, 4,-\u20ac [&hellip;] &hellip; <a href=\"https:\/\/www.packpapierverlag.de\/?product=leppin-der-gefangene-gedichte-4-e-i25\">Weiterlesen <span class=\"meta-nav\">&rarr;<\/span><\/a><\/p>\n","protected":false},"featured_media":15569,"template":"","meta":[],"product_brand":[],"product_cat":[18],"product_tag":[],"class_list":{"0":"post-15734","1":"product","2":"type-product","3":"status-publish","4":"has-post-thumbnail","6":"product_cat-literatur","8":"first","9":"instock","10":"shipping-taxable","11":"purchasable","12":"product-type-simple"},"_links":{"self":[{"href":"https:\/\/www.packpapierverlag.de\/index.php?rest_route=\/wp\/v2\/product\/15734","targetHints":{"allow":["GET"]}}],"collection":[{"href":"https:\/\/www.packpapierverlag.de\/index.php?rest_route=\/wp\/v2\/product"}],"about":[{"href":"https:\/\/www.packpapierverlag.de\/index.php?rest_route=\/wp\/v2\/types\/product"}],"wp:featuredmedia":[{"embeddable":true,"href":"https:\/\/www.packpapierverlag.de\/index.php?rest_route=\/wp\/v2\/media\/15569"}],"wp:attachment":[{"href":"https:\/\/www.packpapierverlag.de\/index.php?rest_route=%2Fwp%2Fv2%2Fmedia&parent=15734"}],"wp:term":[{"taxonomy":"product_brand","embeddable":true,"href":"https:\/\/www.packpapierverlag.de\/index.php?rest_route=%2Fwp%2Fv2%2Fproduct_brand&post=15734"},{"taxonomy":"product_cat","embeddable":true,"href":"https:\/\/www.packpapierverlag.de\/index.php?rest_route=%2Fwp%2Fv2%2Fproduct_cat&post=15734"},{"taxonomy":"product_tag","embeddable":true,"href":"https:\/\/www.packpapierverlag.de\/index.php?rest_route=%2Fwp%2Fv2%2Fproduct_tag&post=15734"}],"curies":[{"name":"wp","href":"https:\/\/api.w.org\/{rel}","templated":true}]}}