{"id":15738,"date":"2022-01-01T15:41:42","date_gmt":"2022-01-01T14:41:42","guid":{"rendered":"https:\/\/www.packpapierverlag.de\/?post_type=product&#038;p=15738"},"modified":"2023-11-12T21:39:05","modified_gmt":"2023-11-12T20:39:05","slug":"wienes-alles-geschriebene-bisher-quark-2-e-i31","status":"publish","type":"product","link":"https:\/\/www.packpapierverlag.de\/?product=wienes-alles-geschriebene-bisher-quark-2-e-i31","title":{"rendered":"Wienes: Alles Geschriebene bisher Quark 3,-\u20ac (i31)"},"content":{"rendered":"<p><img loading=\"lazy\" decoding=\"async\" class=\"alignleft wp-image-15572\" src=\"https:\/\/www.packpapierverlag.de\/wp-content\/uploads\/2021\/12\/i31wienes.jpg\" alt=\"\" width=\"200\" height=\"280\" srcset=\"https:\/\/www.packpapierverlag.de\/wp-content\/uploads\/2021\/12\/i31wienes.jpg 640w, https:\/\/www.packpapierverlag.de\/wp-content\/uploads\/2021\/12\/i31wienes-300x420.jpg 300w, https:\/\/www.packpapierverlag.de\/wp-content\/uploads\/2021\/12\/i31wienes-214x300.jpg 214w\" sizes=\"auto, (max-width: 200px) 100vw, 200px\" \/>Wienes: Alles Geschriebene bisher Quark 32 Seiten, 3,-\u20ac (i31) falsch geschriebene W\u00f6rter, W\u00f6rter die es gar nicht gibt, vertauschte oder auf den Kopf gestellte Buchstaben, W\u00f6rter- und Buchstabensalat, irgendwie aber doch lesbar, f\u00fcr Sprachdetektive eine Fundgrube<\/p>\n","protected":false},"excerpt":{"rendered":"<p>Wienes: Alles Geschriebene bisher Quark 32 Seiten, 3,-\u20ac (i31) falsch [&hellip;] &hellip; <a href=\"https:\/\/www.packpapierverlag.de\/?product=wienes-alles-geschriebene-bisher-quark-2-e-i31\">Weiterlesen <span class=\"meta-nav\">&rarr;<\/span><\/a><\/p>\n","protected":false},"featured_media":15572,"template":"","meta":[],"product_brand":[],"product_cat":[18],"product_tag":[],"class_list":{"0":"post-15738","1":"product","2":"type-product","3":"status-publish","4":"has-post-thumbnail","6":"product_cat-literatur","8":"first","9":"instock","10":"shipping-taxable","11":"purchasable","12":"product-type-simple"},"_links":{"self":[{"href":"https:\/\/www.packpapierverlag.de\/index.php?rest_route=\/wp\/v2\/product\/15738","targetHints":{"allow":["GET"]}}],"collection":[{"href":"https:\/\/www.packpapierverlag.de\/index.php?rest_route=\/wp\/v2\/product"}],"about":[{"href":"https:\/\/www.packpapierverlag.de\/index.php?rest_route=\/wp\/v2\/types\/product"}],"wp:featuredmedia":[{"embeddable":true,"href":"https:\/\/www.packpapierverlag.de\/index.php?rest_route=\/wp\/v2\/media\/15572"}],"wp:attachment":[{"href":"https:\/\/www.packpapierverlag.de\/index.php?rest_route=%2Fwp%2Fv2%2Fmedia&parent=15738"}],"wp:term":[{"taxonomy":"product_brand","embeddable":true,"href":"https:\/\/www.packpapierverlag.de\/index.php?rest_route=%2Fwp%2Fv2%2Fproduct_brand&post=15738"},{"taxonomy":"product_cat","embeddable":true,"href":"https:\/\/www.packpapierverlag.de\/index.php?rest_route=%2Fwp%2Fv2%2Fproduct_cat&post=15738"},{"taxonomy":"product_tag","embeddable":true,"href":"https:\/\/www.packpapierverlag.de\/index.php?rest_route=%2Fwp%2Fv2%2Fproduct_tag&post=15738"}],"curies":[{"name":"wp","href":"https:\/\/api.w.org\/{rel}","templated":true}]}}