{"id":15752,"date":"2022-01-01T18:04:47","date_gmt":"2022-01-01T17:04:47","guid":{"rendered":"https:\/\/www.packpapierverlag.de\/?post_type=product&#038;p=15752"},"modified":"2022-01-01T18:04:48","modified_gmt":"2022-01-01T17:04:48","slug":"schlemm-update-zum-neuen-ipcc-bericht-2-p182a","status":"publish","type":"product","link":"https:\/\/www.packpapierverlag.de\/?product=schlemm-update-zum-neuen-ipcc-bericht-2-p182a","title":{"rendered":"Schlemm: Update zum neuen IPCC-Bericht 2,- (p182a)"},"content":{"rendered":"<p><img loading=\"lazy\" decoding=\"async\" class=\"alignleft wp-image-15579 size-medium\" src=\"https:\/\/www.packpapierverlag.de\/wp-content\/uploads\/2021\/12\/p199schlemmIPCC-208x300.jpg\" alt=\"\" width=\"208\" height=\"300\" srcset=\"https:\/\/www.packpapierverlag.de\/wp-content\/uploads\/2021\/12\/p199schlemmIPCC-208x300.jpg 208w, https:\/\/www.packpapierverlag.de\/wp-content\/uploads\/2021\/12\/p199schlemmIPCC-300x432.jpg 300w, https:\/\/www.packpapierverlag.de\/wp-content\/uploads\/2021\/12\/p199schlemmIPCC-710x1024.jpg 710w, https:\/\/www.packpapierverlag.de\/wp-content\/uploads\/2021\/12\/p199schlemmIPCC.jpg 800w\" sizes=\"auto, (max-width: 208px) 100vw, 208px\" \/>Annette Schlemm: Update zum Klima-Umbruch, \u00fcber den neuen IPCC-Bericht, 28 Seiten, illustriert 2,- (p182a) (als Erg\u00e4nzung auch enthalten in p182 Klimawandel und Solidarit\u00e4t) Im Gegensatz zu fr\u00fcheren Sachstandsberichten wird der Klimawandel nicht mehr vorhergesagt, sondern er ist eingetroffen. Die IPCC-Berichte werden von Beginn an von der Szene der Klimawandelleugner und -verharmloser angegriffen, die Vorhersagen sind jedoch zumeist auch eingetroffen bzw. wurden \u00fcbertroffen.<\/p>\n","protected":false},"excerpt":{"rendered":"<p>Annette Schlemm: Update zum Klima-Umbruch, \u00fcber den neuen IPCC-Bericht, 28 [&hellip;] &hellip; <a href=\"https:\/\/www.packpapierverlag.de\/?product=schlemm-update-zum-neuen-ipcc-bericht-2-p182a\">Weiterlesen <span class=\"meta-nav\">&rarr;<\/span><\/a><\/p>\n","protected":false},"featured_media":15579,"template":"","meta":[],"product_brand":[],"product_cat":[6],"product_tag":[],"class_list":{"0":"post-15752","1":"product","2":"type-product","3":"status-publish","4":"has-post-thumbnail","6":"product_cat-politik-und-geschichte","8":"first","9":"instock","10":"shipping-taxable","11":"purchasable","12":"product-type-simple"},"_links":{"self":[{"href":"https:\/\/www.packpapierverlag.de\/index.php?rest_route=\/wp\/v2\/product\/15752","targetHints":{"allow":["GET"]}}],"collection":[{"href":"https:\/\/www.packpapierverlag.de\/index.php?rest_route=\/wp\/v2\/product"}],"about":[{"href":"https:\/\/www.packpapierverlag.de\/index.php?rest_route=\/wp\/v2\/types\/product"}],"wp:featuredmedia":[{"embeddable":true,"href":"https:\/\/www.packpapierverlag.de\/index.php?rest_route=\/wp\/v2\/media\/15579"}],"wp:attachment":[{"href":"https:\/\/www.packpapierverlag.de\/index.php?rest_route=%2Fwp%2Fv2%2Fmedia&parent=15752"}],"wp:term":[{"taxonomy":"product_brand","embeddable":true,"href":"https:\/\/www.packpapierverlag.de\/index.php?rest_route=%2Fwp%2Fv2%2Fproduct_brand&post=15752"},{"taxonomy":"product_cat","embeddable":true,"href":"https:\/\/www.packpapierverlag.de\/index.php?rest_route=%2Fwp%2Fv2%2Fproduct_cat&post=15752"},{"taxonomy":"product_tag","embeddable":true,"href":"https:\/\/www.packpapierverlag.de\/index.php?rest_route=%2Fwp%2Fv2%2Fproduct_tag&post=15752"}],"curies":[{"name":"wp","href":"https:\/\/api.w.org\/{rel}","templated":true}]}}