{"id":15794,"date":"2022-01-01T20:57:48","date_gmt":"2022-01-01T19:57:48","guid":{"rendered":"https:\/\/www.packpapierverlag.de\/?post_type=product&#038;p=15794"},"modified":"2022-01-01T20:57:49","modified_gmt":"2022-01-01T19:57:49","slug":"6-jahre-huettendorf-an-der-a33-v114-1","status":"publish","type":"product","link":"https:\/\/www.packpapierverlag.de\/?product=6-jahre-huettendorf-an-der-a33-v114-1","title":{"rendered":"6 Jahre H\u00fcttendorf an der A33 (v114) 1,-"},"content":{"rendered":"<p><img loading=\"lazy\" decoding=\"async\" class=\"alignleft wp-image-15614 size-medium\" src=\"https:\/\/www.packpapierverlag.de\/wp-content\/uploads\/2021\/12\/v114-Huettendorf-212x300.jpg\" alt=\"\" width=\"212\" height=\"300\" srcset=\"https:\/\/www.packpapierverlag.de\/wp-content\/uploads\/2021\/12\/v114-Huettendorf-212x300.jpg 212w, https:\/\/www.packpapierverlag.de\/wp-content\/uploads\/2021\/12\/v114-Huettendorf-300x424.jpg 300w, https:\/\/www.packpapierverlag.de\/wp-content\/uploads\/2021\/12\/v114-Huettendorf.jpg 640w\" sizes=\"auto, (max-width: 212px) 100vw, 212px\" \/>6 Jahre H\u00fcttendorf an der A33 (v114) 12 Seiten A4, 1,-\u20ac &#8211; das beste, das verr\u00fcckteste, was die anderen \u00fcber uns geschrieben haben, eine Dokumentation mit Artikeln aus Tageszeitungen, zB &#8222;Wie eine Kanne Kaffee die Justiz ein Jahr besch\u00e4ftigen kann &#8222;, H\u00fcttend\u00f6rfer eine alternative Widerstandsform, Witz ist die Hauptwaffe und mehr<\/p>\n","protected":false},"excerpt":{"rendered":"<p>6 Jahre H\u00fcttendorf an der A33 (v114) 12 Seiten A4, [&hellip;] &hellip; <a href=\"https:\/\/www.packpapierverlag.de\/?product=6-jahre-huettendorf-an-der-a33-v114-1\">Weiterlesen <span class=\"meta-nav\">&rarr;<\/span><\/a><\/p>\n","protected":false},"featured_media":15614,"template":"","meta":[],"product_brand":[],"product_cat":[9],"product_tag":[],"class_list":{"0":"post-15794","1":"product","2":"type-product","3":"status-publish","4":"has-post-thumbnail","6":"product_cat-bewegung-widerstand","8":"first","9":"instock","10":"shipping-taxable","11":"purchasable","12":"product-type-simple"},"_links":{"self":[{"href":"https:\/\/www.packpapierverlag.de\/index.php?rest_route=\/wp\/v2\/product\/15794","targetHints":{"allow":["GET"]}}],"collection":[{"href":"https:\/\/www.packpapierverlag.de\/index.php?rest_route=\/wp\/v2\/product"}],"about":[{"href":"https:\/\/www.packpapierverlag.de\/index.php?rest_route=\/wp\/v2\/types\/product"}],"wp:featuredmedia":[{"embeddable":true,"href":"https:\/\/www.packpapierverlag.de\/index.php?rest_route=\/wp\/v2\/media\/15614"}],"wp:attachment":[{"href":"https:\/\/www.packpapierverlag.de\/index.php?rest_route=%2Fwp%2Fv2%2Fmedia&parent=15794"}],"wp:term":[{"taxonomy":"product_brand","embeddable":true,"href":"https:\/\/www.packpapierverlag.de\/index.php?rest_route=%2Fwp%2Fv2%2Fproduct_brand&post=15794"},{"taxonomy":"product_cat","embeddable":true,"href":"https:\/\/www.packpapierverlag.de\/index.php?rest_route=%2Fwp%2Fv2%2Fproduct_cat&post=15794"},{"taxonomy":"product_tag","embeddable":true,"href":"https:\/\/www.packpapierverlag.de\/index.php?rest_route=%2Fwp%2Fv2%2Fproduct_tag&post=15794"}],"curies":[{"name":"wp","href":"https:\/\/api.w.org\/{rel}","templated":true}]}}