{"id":15797,"date":"2022-01-01T21:01:23","date_gmt":"2022-01-01T20:01:23","guid":{"rendered":"https:\/\/www.packpapierverlag.de\/?post_type=product&#038;p=15797"},"modified":"2022-01-01T21:09:59","modified_gmt":"2022-01-01T20:09:59","slug":"kritik-der-kritischen-theorie-56-seiten-5-e-w75","status":"publish","type":"product","link":"https:\/\/www.packpapierverlag.de\/?product=kritik-der-kritischen-theorie-56-seiten-5-e-w75","title":{"rendered":"Kritik der Kritischen Theorie, 56 Seiten, 5,-\u20ac (w75)"},"content":{"rendered":"<p data-wp-editing=\"1\"><img loading=\"lazy\" decoding=\"async\" class=\"alignleft wp-image-15616 size-medium\" src=\"https:\/\/www.packpapierverlag.de\/wp-content\/uploads\/2021\/12\/w75krit.Theorie-209x300.jpg\" alt=\"\" width=\"209\" height=\"300\" srcset=\"https:\/\/www.packpapierverlag.de\/wp-content\/uploads\/2021\/12\/w75krit.Theorie-209x300.jpg 209w, https:\/\/www.packpapierverlag.de\/wp-content\/uploads\/2021\/12\/w75krit.Theorie-300x432.jpg 300w, https:\/\/www.packpapierverlag.de\/wp-content\/uploads\/2021\/12\/w75krit.Theorie-712x1024.jpg 712w, https:\/\/www.packpapierverlag.de\/wp-content\/uploads\/2021\/12\/w75krit.Theorie.jpg 1024w\" sizes=\"auto, (max-width: 209px) 100vw, 209px\" \/>Kritik der Kritischen Theorie, 56 Seiten, 5,-\u20ac (w75) Die 10 beliebtesten Dogmen der Kritischen Theorie 1.Objektive Erkenntnis ist eine Unm\u00f6glichkeit 2. Wissen ist per se Ideologie 3. Denken ist Gewalt 4. Abstraktes Denken und Tauschprinzip passen wunderbar zusammen 5. Die schlechte Wirklichkeit ist zugleich ihre bessere M\u00f6glichkeit 6. Wissen &#8211; macht Auschwitz m\u00f6glich 7. Naturbeherrschung ist Gewalt 8. Entfremdung durch Gesellschaft verhindert Autonomie des Individuums 9. Die Kunst ist (nicht mehr) das Wahre 10. Kapitalismus zerst\u00f6rt echte Gemeinschaft &#8211; Der \u201eautorit\u00e4re Charakter\u201c &#8211; Aufkl\u00e4rung \u00fcber die Gr\u00fcnde des Mitmachens? &#8211; \u00c4sthetische Lehren aus Auschwitz &#8211; Gegen die Heteronomie der Welt &#8211; und weiteres.<\/p>\n","protected":false},"excerpt":{"rendered":"<p>Kritik der Kritischen Theorie, 56 Seiten, 5,-\u20ac (w75) Die 10 [&hellip;] &hellip; <a href=\"https:\/\/www.packpapierverlag.de\/?product=kritik-der-kritischen-theorie-56-seiten-5-e-w75\">Weiterlesen <span class=\"meta-nav\">&rarr;<\/span><\/a><\/p>\n","protected":false},"featured_media":0,"template":"","meta":[],"product_brand":[],"product_cat":[6],"product_tag":[],"class_list":{"0":"post-15797","1":"product","2":"type-product","3":"status-publish","5":"product_cat-politik-und-geschichte","7":"first","8":"instock","9":"shipping-taxable","10":"purchasable","11":"product-type-simple"},"_links":{"self":[{"href":"https:\/\/www.packpapierverlag.de\/index.php?rest_route=\/wp\/v2\/product\/15797","targetHints":{"allow":["GET"]}}],"collection":[{"href":"https:\/\/www.packpapierverlag.de\/index.php?rest_route=\/wp\/v2\/product"}],"about":[{"href":"https:\/\/www.packpapierverlag.de\/index.php?rest_route=\/wp\/v2\/types\/product"}],"wp:attachment":[{"href":"https:\/\/www.packpapierverlag.de\/index.php?rest_route=%2Fwp%2Fv2%2Fmedia&parent=15797"}],"wp:term":[{"taxonomy":"product_brand","embeddable":true,"href":"https:\/\/www.packpapierverlag.de\/index.php?rest_route=%2Fwp%2Fv2%2Fproduct_brand&post=15797"},{"taxonomy":"product_cat","embeddable":true,"href":"https:\/\/www.packpapierverlag.de\/index.php?rest_route=%2Fwp%2Fv2%2Fproduct_cat&post=15797"},{"taxonomy":"product_tag","embeddable":true,"href":"https:\/\/www.packpapierverlag.de\/index.php?rest_route=%2Fwp%2Fv2%2Fproduct_tag&post=15797"}],"curies":[{"name":"wp","href":"https:\/\/api.w.org\/{rel}","templated":true}]}}