{"id":15803,"date":"2022-01-01T21:07:16","date_gmt":"2022-01-01T20:07:16","guid":{"rendered":"https:\/\/www.packpapierverlag.de\/?post_type=product&#038;p=15803"},"modified":"2022-01-01T21:07:17","modified_gmt":"2022-01-01T20:07:17","slug":"akwesasne-notes-1974-2-3-00-zwi8","status":"publish","type":"product","link":"https:\/\/www.packpapierverlag.de\/?product=akwesasne-notes-1974-2-3-00-zwi8","title":{"rendered":"Akwesasne Notes 1974\/2, 3.00 (zwi8)"},"content":{"rendered":"<p><img loading=\"lazy\" decoding=\"async\" class=\"alignleft wp-image-15620 size-medium\" src=\"https:\/\/www.packpapierverlag.de\/wp-content\/uploads\/2021\/12\/zwi8Akwesasne-1974-2-211x300.jpg\" alt=\"\" width=\"211\" height=\"300\" srcset=\"https:\/\/www.packpapierverlag.de\/wp-content\/uploads\/2021\/12\/zwi8Akwesasne-1974-2-211x300.jpg 211w, https:\/\/www.packpapierverlag.de\/wp-content\/uploads\/2021\/12\/zwi8Akwesasne-1974-2-300x426.jpg 300w, https:\/\/www.packpapierverlag.de\/wp-content\/uploads\/2021\/12\/zwi8Akwesasne-1974-2-721x1024.jpg 721w, https:\/\/www.packpapierverlag.de\/wp-content\/uploads\/2021\/12\/zwi8Akwesasne-1974-2.jpg 800w\" sizes=\"auto, (max-width: 211px) 100vw, 211px\" \/>Akwesasne Notes 1974\/2, 48 Seiten Format A3, sehr alt, 3.00 (zwi8) (Vorsicht, das Papier ist alt und br\u00fcchig, wie man es bei Zeitungspapier nicht anders erwarten kann), sehr informativ, nat\u00fcrlich in Englisch, das Poster in der Mitte ist A2, viele Bilder, sch\u00f6ne Gedichte auf der R\u00fcckseite und auch in der Zeitung, Themen: Wounded Knee Trial &#8211; FBI Misdeeds &#8211; Wounded Knee Testimony &#8211; Religion &#8211; Custer Trials &#8211; Courtroom Clash At Sioux Falls &#8211; Pine Ridge Elections &#8211; and many more &#8230;<\/p>\n","protected":false},"excerpt":{"rendered":"<p>Akwesasne Notes 1974\/2, 48 Seiten Format A3, sehr alt, 3.00 [&hellip;] &hellip; <a href=\"https:\/\/www.packpapierverlag.de\/?product=akwesasne-notes-1974-2-3-00-zwi8\">Weiterlesen <span class=\"meta-nav\">&rarr;<\/span><\/a><\/p>\n","protected":false},"featured_media":15620,"template":"","meta":[],"product_brand":[],"product_cat":[11,40],"product_tag":[],"class_list":{"0":"post-15803","1":"product","2":"type-product","3":"status-publish","4":"has-post-thumbnail","6":"product_cat-indianer-poster-texte","7":"product_cat-zeitschriften","9":"first","10":"instock","11":"shipping-taxable","12":"purchasable","13":"product-type-simple"},"_links":{"self":[{"href":"https:\/\/www.packpapierverlag.de\/index.php?rest_route=\/wp\/v2\/product\/15803","targetHints":{"allow":["GET"]}}],"collection":[{"href":"https:\/\/www.packpapierverlag.de\/index.php?rest_route=\/wp\/v2\/product"}],"about":[{"href":"https:\/\/www.packpapierverlag.de\/index.php?rest_route=\/wp\/v2\/types\/product"}],"wp:featuredmedia":[{"embeddable":true,"href":"https:\/\/www.packpapierverlag.de\/index.php?rest_route=\/wp\/v2\/media\/15620"}],"wp:attachment":[{"href":"https:\/\/www.packpapierverlag.de\/index.php?rest_route=%2Fwp%2Fv2%2Fmedia&parent=15803"}],"wp:term":[{"taxonomy":"product_brand","embeddable":true,"href":"https:\/\/www.packpapierverlag.de\/index.php?rest_route=%2Fwp%2Fv2%2Fproduct_brand&post=15803"},{"taxonomy":"product_cat","embeddable":true,"href":"https:\/\/www.packpapierverlag.de\/index.php?rest_route=%2Fwp%2Fv2%2Fproduct_cat&post=15803"},{"taxonomy":"product_tag","embeddable":true,"href":"https:\/\/www.packpapierverlag.de\/index.php?rest_route=%2Fwp%2Fv2%2Fproduct_tag&post=15803"}],"curies":[{"name":"wp","href":"https:\/\/api.w.org\/{rel}","templated":true}]}}