{"id":17799,"date":"2024-02-04T14:57:00","date_gmt":"2024-02-04T13:57:00","guid":{"rendered":"https:\/\/www.packpapierverlag.de\/?post_type=product&#038;p=17799"},"modified":"2024-02-04T15:58:21","modified_gmt":"2024-02-04T14:58:21","slug":"arno-holz-phantasus-gedichte-60-seiten-a5-5-l46","status":"publish","type":"product","link":"https:\/\/www.packpapierverlag.de\/?product=arno-holz-phantasus-gedichte-60-seiten-a5-5-l46","title":{"rendered":"Arno Holz: Phantasus \u2013 Gedichte, 60 Seiten A5, 5,- (l46)"},"content":{"rendered":"<p><span style=\"font-size: x-large;\">l46 Arno Holz: Phantasus \u2013 Gedichte, 60 Seiten A5, 5,-<\/span><\/p>\n<p><span style=\"font-size: medium;\"><img loading=\"lazy\" decoding=\"async\" class=\"alignleft wp-image-17793\" src=\"https:\/\/www.packpapierverlag.de\/wp-content\/uploads\/2024\/02\/l46PhantasusU.jpg\" alt=\"\" width=\"238\" height=\"592\" \/>Angefangen als hungernder Dichter in seiner Dachstube im Berliner Norden, umgeben von Schmutz und Armut, sa\u00df er die N\u00e4chte wach und schrieb Gedichte, um der Not zu entkommen. Im &#8222;<i>5. Stockwerk hatte das Vorstadtelend sein Quartier<\/i>&#8222;, hei\u00dft es in dem ersten Phantasus-Gedicht (siehe auf der letzten Umschlagseite) von 1885, das zum Vorentwurf f\u00fcr den k\u00fcnftigen Phantasus-Zyklus wurde. Obwohl seine B\u00fccher wenig gekauft wurden und es ihm finanziell nie gut ging, hat Holz die <u><b>soziale Ungleichheit nicht <\/b><\/u><u><b>weiter<\/b><\/u><u><b> thematisiert<\/b><\/u>, nachdem er in Zusammenarbeit mit Johannes Schlaf eine neue Sprache gefunden hatte, den \u201eSekundenstil\u201c, d.h. eine ungek\u00fcnstelte spontane Ausdrucksweise. Der Dachstuben-Phantasus war zwar Holz\u2019 Ausgangspunkt, aber fortan ging es ihm um eine <u><b>radikale<\/b><\/u> Ver\u00e4nderung der Kunst und Literatur. Seine Begeisterung f\u00fcr den Naturalismus, seine Besch\u00e4ftigung mit Darwin und Haeckel, und die Anwendung von Haeckels biogenetischem Gesetz brachte ihn zu der \u00dcberzeugung, da\u00df er das Grundgesetz der Kunst erkannt habe, &#8222;<i>Myriaden Aeonen versank ich in die Wunder eines einzigen Thautr\u00f6pfchens<\/i>&#8222;. Er wurde ein <u><b>radikaler<\/b><\/u> Naturalist, der die neuen Erkenntnisse auf die Kunst und insbesondere die Literatur anwenden wollte. Zusammen mit Schlaf verfa\u00dfte er 1891 \u201eDie Kunst, ihr Wesen und ihre Gesetze\u201c und forderte darin einen \u201ekonsequenten Naturalismus\u201c. Das war in einer Zeit, als die \u201eexakten Naturwissenschaften\u201c und die scheinbare Berechenbarkeit der ganzen Welt im Zuge von Industrialisierung und technischem Fortschritt das Leben der Menschen pr\u00e4gte. Offenbar bestand eine historische Notwendigkeit, da\u00df Kunst und Kultur auf diese Neuerungen in Wissenschaft, Technik, Industrialisierung und Verst\u00e4dterung reagierten, wobei auch die Wahrnehmung <u><b>sozialer Ungerechtigkeit <\/b><\/u>von Bedeutung war. Holz\u2019 Interesse an diesen Dingen deutet sich schon in dem Gedicht von 18885 an: \u201eUnd wu\u00dfte nichts von seiner Noth \u2026 ein Tr\u00e4umer, ein verlorner Sohn!\u201c Ein wichtiger Grund d\u00fcrfte auch die Aufhebung des Sozialistengesetzes gewesen sein, wodurch allgemein der Eindruck entstand, dass das Thema erledigt sei, und andres in den Vordergrund treten konnte wie Symbolismus, Dekadenz, ua. Begleiterscheinungen des Fin de Siecle. Holz blieb allerdings bei dem \u201ekonsequenten Naturalismus\u201c und schrieb bis zu seinem Lebensende 1929 an den Phantasus-Gedichten. Unbeirrbar in seiner Auffassung vom Naturgesetz in Literatur und Sprache, beabsichtigte Holz \u201eaus tausend Einzelorganismen nach und nach einen riesigen Gesamtorganismus zu bilden\u201c, auch versuchte er in einer Art Zahlenmystik Gesetzm\u00e4\u00dfigkeiten in der Silbenzahl von Gedichtzeilen aufzudecken.<\/span><\/p>\n<p><a href=\"https:\/\/www.packpapierverlag.de\/wp-content\/uploads\/2024\/02\/l46Holz-Phant.1-Nachwort.pdf\"><span style=\"font-size: medium;\"><u><b>Das volllst\u00e4ndige Nachwort ist als PDF abrufbar unter: &#8230;<\/b><\/u><\/span><\/a><\/p>\n","protected":false},"excerpt":{"rendered":"<p>l46 Arno Holz: Phantasus \u2013 Gedichte, 60 Seiten A5, 5,- [&hellip;] &hellip; <a href=\"https:\/\/www.packpapierverlag.de\/?product=arno-holz-phantasus-gedichte-60-seiten-a5-5-l46\">Weiterlesen <span class=\"meta-nav\">&rarr;<\/span><\/a><\/p>\n","protected":false},"featured_media":17793,"template":"","meta":[],"product_brand":[],"product_cat":[18],"product_tag":[],"class_list":{"0":"post-17799","1":"product","2":"type-product","3":"status-publish","4":"has-post-thumbnail","6":"product_cat-literatur","8":"first","9":"instock","10":"shipping-taxable","11":"purchasable","12":"product-type-simple"},"_links":{"self":[{"href":"https:\/\/www.packpapierverlag.de\/index.php?rest_route=\/wp\/v2\/product\/17799","targetHints":{"allow":["GET"]}}],"collection":[{"href":"https:\/\/www.packpapierverlag.de\/index.php?rest_route=\/wp\/v2\/product"}],"about":[{"href":"https:\/\/www.packpapierverlag.de\/index.php?rest_route=\/wp\/v2\/types\/product"}],"wp:featuredmedia":[{"embeddable":true,"href":"https:\/\/www.packpapierverlag.de\/index.php?rest_route=\/wp\/v2\/media\/17793"}],"wp:attachment":[{"href":"https:\/\/www.packpapierverlag.de\/index.php?rest_route=%2Fwp%2Fv2%2Fmedia&parent=17799"}],"wp:term":[{"taxonomy":"product_brand","embeddable":true,"href":"https:\/\/www.packpapierverlag.de\/index.php?rest_route=%2Fwp%2Fv2%2Fproduct_brand&post=17799"},{"taxonomy":"product_cat","embeddable":true,"href":"https:\/\/www.packpapierverlag.de\/index.php?rest_route=%2Fwp%2Fv2%2Fproduct_cat&post=17799"},{"taxonomy":"product_tag","embeddable":true,"href":"https:\/\/www.packpapierverlag.de\/index.php?rest_route=%2Fwp%2Fv2%2Fproduct_tag&post=17799"}],"curies":[{"name":"wp","href":"https:\/\/api.w.org\/{rel}","templated":true}]}}