{"id":18067,"date":"2024-05-10T17:02:41","date_gmt":"2024-05-10T15:02:41","guid":{"rendered":"https:\/\/www.packpapierverlag.de\/?post_type=product&#038;p=18067"},"modified":"2024-05-10T17:02:41","modified_gmt":"2024-05-10T15:02:41","slug":"reich-massenpsychologie-des-faschismus-e137-990","status":"publish","type":"product","link":"https:\/\/www.packpapierverlag.de\/?product=reich-massenpsychologie-des-faschismus-e137-990","title":{"rendered":"Reich: Massenpsychologie des Faschismus (e137) 9,90"},"content":{"rendered":"<p><span style=\"font-size: x-large;\"><b><span style=\"font-family: Liberation Serif, serif;\"><img loading=\"lazy\" decoding=\"async\" class=\"alignleft wp-image-17904 size-medium\" src=\"https:\/\/www.packpapierverlag.de\/wp-content\/uploads\/2024\/03\/e137-Reich-Massenpsychologie-215x300.jpg\" alt=\"\" width=\"215\" height=\"300\" srcset=\"https:\/\/www.packpapierverlag.de\/wp-content\/uploads\/2024\/03\/e137-Reich-Massenpsychologie-215x300.jpg 215w, https:\/\/www.packpapierverlag.de\/wp-content\/uploads\/2024\/03\/e137-Reich-Massenpsychologie-300x419.jpg 300w, https:\/\/www.packpapierverlag.de\/wp-content\/uploads\/2024\/03\/e137-Reich-Massenpsychologie.jpg 626w\" sizes=\"auto, (max-width: 215px) 100vw, 215px\" \/>e137 <\/span><span style=\"font-family: Liberation Serif, serif;\">Wilhelm <\/span><span style=\"font-family: Liberation Serif, serif;\">Reich: Massenpsychologie <\/span><span style=\"font-family: Liberation Serif, serif;\">des Faschismus<\/span><span style=\"font-family: Liberation Serif, serif;\">, 2<\/span><span style=\"font-family: Liberation Serif, serif;\">9<\/span><span style=\"font-family: Liberation Serif, serif;\">0 Seiten a6 9,90<\/span><\/b><\/span><\/p>\n<p><span style=\"font-size: large;\"><span style=\"font-family: Liberation Serif, serif;\">Z<\/span><span style=\"font-family: Liberation Serif, serif;\">ur Sexual\u00f6konomie der politischen Reaktion und zur proletarischen Sexualpolitik. <\/span><span style=\"font-family: Liberation Serif, serif;\">D<\/span><span style=\"font-family: Liberation Serif, serif;\">er gegenw\u00e4rtige Rechtsextremismus bedient sich des Faschismus und versucht ihn in einem Ma\u00dfe wiederzubeleben, wie es das bisher in der Bundesrepublik nicht gab. Wie sich zeigt, hat daf\u00fcr Reichs Massenpsychologie ein noch nicht ausgesch\u00f6pftes Potenzial, auch wenn Sexualunterdr\u00fcckung sich heute anders als damals darstellt.<\/span><\/span><\/p>\n","protected":false},"excerpt":{"rendered":"<p>e137 Wilhelm Reich: Massenpsychologie des Faschismus, 290 Seiten a6 9,90 [&hellip;] &hellip; <a href=\"https:\/\/www.packpapierverlag.de\/?product=reich-massenpsychologie-des-faschismus-e137-990\">Weiterlesen <span class=\"meta-nav\">&rarr;<\/span><\/a><\/p>\n","protected":false},"featured_media":17904,"template":"","meta":[],"product_brand":[],"product_cat":[43],"product_tag":[],"class_list":{"0":"post-18067","1":"product","2":"type-product","3":"status-publish","4":"has-post-thumbnail","6":"product_cat-oekologie-und-politik-krieg-und-frieden","8":"first","9":"instock","10":"shipping-taxable","11":"purchasable","12":"product-type-simple"},"_links":{"self":[{"href":"https:\/\/www.packpapierverlag.de\/index.php?rest_route=\/wp\/v2\/product\/18067","targetHints":{"allow":["GET"]}}],"collection":[{"href":"https:\/\/www.packpapierverlag.de\/index.php?rest_route=\/wp\/v2\/product"}],"about":[{"href":"https:\/\/www.packpapierverlag.de\/index.php?rest_route=\/wp\/v2\/types\/product"}],"wp:featuredmedia":[{"embeddable":true,"href":"https:\/\/www.packpapierverlag.de\/index.php?rest_route=\/wp\/v2\/media\/17904"}],"wp:attachment":[{"href":"https:\/\/www.packpapierverlag.de\/index.php?rest_route=%2Fwp%2Fv2%2Fmedia&parent=18067"}],"wp:term":[{"taxonomy":"product_brand","embeddable":true,"href":"https:\/\/www.packpapierverlag.de\/index.php?rest_route=%2Fwp%2Fv2%2Fproduct_brand&post=18067"},{"taxonomy":"product_cat","embeddable":true,"href":"https:\/\/www.packpapierverlag.de\/index.php?rest_route=%2Fwp%2Fv2%2Fproduct_cat&post=18067"},{"taxonomy":"product_tag","embeddable":true,"href":"https:\/\/www.packpapierverlag.de\/index.php?rest_route=%2Fwp%2Fv2%2Fproduct_tag&post=18067"}],"curies":[{"name":"wp","href":"https:\/\/api.w.org\/{rel}","templated":true}]}}