{"id":18069,"date":"2024-05-10T17:17:12","date_gmt":"2024-05-10T15:17:12","guid":{"rendered":"https:\/\/www.packpapierverlag.de\/?post_type=product&#038;p=18069"},"modified":"2024-05-10T17:17:12","modified_gmt":"2024-05-10T15:17:12","slug":"w-reichcharakteranalyse-e139-12","status":"publish","type":"product","link":"https:\/\/www.packpapierverlag.de\/?product=w-reichcharakteranalyse-e139-12","title":{"rendered":"W.Reich:Charakteranalyse, (e139) 12,-"},"content":{"rendered":"<p><span style=\"font-family: Liberation Serif, serif;\"><span style=\"font-size: x-large;\"><b><img loading=\"lazy\" decoding=\"async\" class=\"alignleft wp-image-17906 size-medium\" src=\"https:\/\/www.packpapierverlag.de\/wp-content\/uploads\/2024\/03\/e139-Reich-Charakter-212x300.jpg\" alt=\"\" width=\"212\" height=\"300\" srcset=\"https:\/\/www.packpapierverlag.de\/wp-content\/uploads\/2024\/03\/e139-Reich-Charakter-212x300.jpg 212w, https:\/\/www.packpapierverlag.de\/wp-content\/uploads\/2024\/03\/e139-Reich-Charakter-300x424.jpg 300w, https:\/\/www.packpapierverlag.de\/wp-content\/uploads\/2024\/03\/e139-Reich-Charakter.jpg 432w\" sizes=\"auto, (max-width: 212px) 100vw, 212px\" \/>e139 Wilhelm Reich: Charakteranalyse, 292 Seiten, 12,90<\/b><\/span><\/span><\/p>\n<p><span style=\"font-family: Liberation Serif, serif;\"><span style=\"font-size: large;\">Technik und Grundlagen f\u00fcr Studierende und praktizierende Analytiker. Reich widmet sich hier den Problemen der charakterlichen \u00dcberwindungvon psychischen Konflikten: dem kindlichen Sexualkonflikt, der genitalen und neurotischen St\u00f6rung, der Phobie, der Hysterie, den Zwangshandlungen, dem Narzismus und dem Masochismus. Er spricht von Charakterpanzer, der entsteht, wenn das Subjekt sich gegen subjektive Ver\u00e4nderungen stellt und am Krankheitsgewinn festzuhalten sucht. Reich geht in der \u00dcberwindung dieser St\u00f6rung aktivischer vor als Freud, er sieht aber auch diese St\u00f6rung als vom kapitalistischen System verursacht an, soda\u00df auch diese Einsicht dem Subjekt zur \u00dcberwindung der St\u00f6rungen verhelfen kann.<\/span><\/span><\/p>\n","protected":false},"excerpt":{"rendered":"<p>e139 Wilhelm Reich: Charakteranalyse, 292 Seiten, 12,90 Technik und Grundlagen [&hellip;] &hellip; <a href=\"https:\/\/www.packpapierverlag.de\/?product=w-reichcharakteranalyse-e139-12\">Weiterlesen <span class=\"meta-nav\">&rarr;<\/span><\/a><\/p>\n","protected":false},"featured_media":17906,"template":"","meta":[],"product_brand":[],"product_cat":[73],"product_tag":[],"class_list":{"0":"post-18069","1":"product","2":"type-product","3":"status-publish","4":"has-post-thumbnail","6":"product_cat-unkategorisiert","8":"first","9":"instock","10":"shipping-taxable","11":"purchasable","12":"product-type-simple"},"_links":{"self":[{"href":"https:\/\/www.packpapierverlag.de\/index.php?rest_route=\/wp\/v2\/product\/18069","targetHints":{"allow":["GET"]}}],"collection":[{"href":"https:\/\/www.packpapierverlag.de\/index.php?rest_route=\/wp\/v2\/product"}],"about":[{"href":"https:\/\/www.packpapierverlag.de\/index.php?rest_route=\/wp\/v2\/types\/product"}],"wp:featuredmedia":[{"embeddable":true,"href":"https:\/\/www.packpapierverlag.de\/index.php?rest_route=\/wp\/v2\/media\/17906"}],"wp:attachment":[{"href":"https:\/\/www.packpapierverlag.de\/index.php?rest_route=%2Fwp%2Fv2%2Fmedia&parent=18069"}],"wp:term":[{"taxonomy":"product_brand","embeddable":true,"href":"https:\/\/www.packpapierverlag.de\/index.php?rest_route=%2Fwp%2Fv2%2Fproduct_brand&post=18069"},{"taxonomy":"product_cat","embeddable":true,"href":"https:\/\/www.packpapierverlag.de\/index.php?rest_route=%2Fwp%2Fv2%2Fproduct_cat&post=18069"},{"taxonomy":"product_tag","embeddable":true,"href":"https:\/\/www.packpapierverlag.de\/index.php?rest_route=%2Fwp%2Fv2%2Fproduct_tag&post=18069"}],"curies":[{"name":"wp","href":"https:\/\/api.w.org\/{rel}","templated":true}]}}