{"id":18073,"date":"2024-05-10T17:38:56","date_gmt":"2024-05-10T15:38:56","guid":{"rendered":"https:\/\/www.packpapierverlag.de\/?post_type=product&#038;p=18073"},"modified":"2024-05-10T17:38:56","modified_gmt":"2024-05-10T15:38:56","slug":"wolfstetter-gorbatschow-und-perestrojika-p191-7","status":"publish","type":"product","link":"https:\/\/www.packpapierverlag.de\/?product=wolfstetter-gorbatschow-und-perestrojika-p191-7","title":{"rendered":"Wolfstetter: Gorbatschow und Perestrojika (p191) 7,-"},"content":{"rendered":"<p><span style=\"font-family: Liberation Serif, serif;\"><span style=\"font-size: large;\"><b><img loading=\"lazy\" decoding=\"async\" class=\"alignleft size-full wp-image-18064\" src=\"https:\/\/www.packpapierverlag.de\/wp-content\/uploads\/2024\/05\/p191-Gorbatschow.jpg\" alt=\"\" width=\"560\" height=\"826\" srcset=\"https:\/\/www.packpapierverlag.de\/wp-content\/uploads\/2024\/05\/p191-Gorbatschow.jpg 560w, https:\/\/www.packpapierverlag.de\/wp-content\/uploads\/2024\/05\/p191-Gorbatschow-300x443.jpg 300w, https:\/\/www.packpapierverlag.de\/wp-content\/uploads\/2024\/05\/p191-Gorbatschow-203x300.jpg 203w\" sizes=\"auto, (max-width: 560px) 100vw, 560px\" \/>p<\/b><b>191 <\/b><b>Lothar <\/b><b>Wolfstetter: Gorbatschow <\/b><b>und die Perestrojika heute, <\/b><b>76 <\/b><b>Seiten<\/b><b>, 7,-<\/b> <\/span><\/span><\/p>\n<p><span style=\"font-family: Liberation Serif, serif;\"><span style=\"font-size: large;\">Die neue \u00dcbersichtsarbeit von Lothar Wolfstetter liefert eine Erkl\u00e4rung f\u00fcr die wichtigsten weltpolitischen Entwicklungen f\u00fcr die Zeit nach dem letzten Weltkrieg mit Schwerpunkt auf die Perestroika. Der Autor kommt zu dem Schlu\u00df, da\u00df die Chancen und Gelegenheiten, die die Politik Gorbatschows boten, im Westen mutwillig und fahrl\u00e4ssig vertan wurden, weil die imperialistische Haltung der Herrschenden sich in eine Fehldeutung der Situation umsetzte, deren Rechnung jetzt mit dem Ukraine-Krieg dem Westen pr\u00e4sentiert wird. <\/span><\/span><\/p>\n","protected":false},"excerpt":{"rendered":"<p>p191 Lothar Wolfstetter: Gorbatschow und die Perestrojika heute, 76 Seiten, [&hellip;] &hellip; <a href=\"https:\/\/www.packpapierverlag.de\/?product=wolfstetter-gorbatschow-und-perestrojika-p191-7\">Weiterlesen <span class=\"meta-nav\">&rarr;<\/span><\/a><\/p>\n","protected":false},"featured_media":18064,"template":"","meta":[],"product_brand":[],"product_cat":[7,43,6],"product_tag":[],"class_list":{"0":"post-18073","1":"product","2":"type-product","3":"status-publish","4":"has-post-thumbnail","6":"product_cat-anarchie-hefte-und-bucher","7":"product_cat-oekologie-und-politik-krieg-und-frieden","8":"product_cat-politik-und-geschichte","10":"first","11":"instock","12":"shipping-taxable","13":"purchasable","14":"product-type-simple"},"_links":{"self":[{"href":"https:\/\/www.packpapierverlag.de\/index.php?rest_route=\/wp\/v2\/product\/18073","targetHints":{"allow":["GET"]}}],"collection":[{"href":"https:\/\/www.packpapierverlag.de\/index.php?rest_route=\/wp\/v2\/product"}],"about":[{"href":"https:\/\/www.packpapierverlag.de\/index.php?rest_route=\/wp\/v2\/types\/product"}],"wp:featuredmedia":[{"embeddable":true,"href":"https:\/\/www.packpapierverlag.de\/index.php?rest_route=\/wp\/v2\/media\/18064"}],"wp:attachment":[{"href":"https:\/\/www.packpapierverlag.de\/index.php?rest_route=%2Fwp%2Fv2%2Fmedia&parent=18073"}],"wp:term":[{"taxonomy":"product_brand","embeddable":true,"href":"https:\/\/www.packpapierverlag.de\/index.php?rest_route=%2Fwp%2Fv2%2Fproduct_brand&post=18073"},{"taxonomy":"product_cat","embeddable":true,"href":"https:\/\/www.packpapierverlag.de\/index.php?rest_route=%2Fwp%2Fv2%2Fproduct_cat&post=18073"},{"taxonomy":"product_tag","embeddable":true,"href":"https:\/\/www.packpapierverlag.de\/index.php?rest_route=%2Fwp%2Fv2%2Fproduct_tag&post=18073"}],"curies":[{"name":"wp","href":"https:\/\/api.w.org\/{rel}","templated":true}]}}