{"id":18074,"date":"2024-05-10T17:42:37","date_gmt":"2024-05-10T15:42:37","guid":{"rendered":"https:\/\/www.packpapierverlag.de\/?post_type=product&#038;p=18074"},"modified":"2024-05-10T17:43:19","modified_gmt":"2024-05-10T15:43:19","slug":"tuwas-schuelerzeitung-4x-div-zoe06-20","status":"publish","type":"product","link":"https:\/\/www.packpapierverlag.de\/?product=tuwas-schuelerzeitung-4x-div-zoe06-20","title":{"rendered":"Tuwas Sch\u00fclerzeitung 4x div.(Z\u00d606) 20,-"},"content":{"rendered":"<p><span style=\"font-family: Liberation Serif, serif;\"><span style=\"font-size: x-large;\"><b><img loading=\"lazy\" decoding=\"async\" class=\"alignleft wp-image-18065 size-medium\" src=\"https:\/\/www.packpapierverlag.de\/wp-content\/uploads\/2024\/05\/zoe06-Tuwas-212x300.jpg\" alt=\"\" width=\"212\" height=\"300\" srcset=\"https:\/\/www.packpapierverlag.de\/wp-content\/uploads\/2024\/05\/zoe06-Tuwas-212x300.jpg 212w, https:\/\/www.packpapierverlag.de\/wp-content\/uploads\/2024\/05\/zoe06-Tuwas-300x424.jpg 300w, https:\/\/www.packpapierverlag.de\/wp-content\/uploads\/2024\/05\/zoe06-Tuwas.jpg 494w\" sizes=\"auto, (max-width: 212px) 100vw, 212px\" \/>z\u00f606 Tuwas Sch\u00fclerzeitung 4x div. 20,- <\/b><\/span><\/span><\/p>\n<p><span style=\"font-size: large;\"><u>Tuwas, Sch\u00fclerzeitung<\/u> und Jugendzeitung aus Osnabr\u00fcck mit Ablegern in M\u00fcnster und Hannover. Die Ausgabe vom Januar 1972 enth\u00e4lt Infos \u00fcber Hausbesetzungen, ua den St\u00fcrmer-Comic von Gerhard Meyerratken zur Frauenstr. 24, inzwischen gro\u00dfe Kunst! Weitere Hausbesetzungen in Frankfurt Berlin Aachen Hannover, und mehr Comics von Meyerratken, 20 Seiten A4, gibt es nur im Paket mit zusammen <u><b>4 verschiedenen Ausgaben f\u00fcr 20,-\u20ac<\/b><\/u>, aus solchen chaotischen Machwerken jugendlichen \u00dcbermuts und Oppositionsgeistes wird nie ein pazifistisches Inselb\u00e4ndchen, um die Urspr\u00fcnglichkeit einer Aktionskunst zu w\u00fcrdigen, das mache man sich bitte klar beim Betrachten von Picassos zig Friedenstauben mit Eluards Bon Mots (nos chansons appellent la paix \u2014 unsere Lieder rufen den Frieden)<\/span><\/p>\n","protected":false},"excerpt":{"rendered":"<p>z\u00f606 Tuwas Sch\u00fclerzeitung 4x div. 20,- Tuwas, Sch\u00fclerzeitung und Jugendzeitung [&hellip;] &hellip; <a href=\"https:\/\/www.packpapierverlag.de\/?product=tuwas-schuelerzeitung-4x-div-zoe06-20\">Weiterlesen <span class=\"meta-nav\">&rarr;<\/span><\/a><\/p>\n","protected":false},"featured_media":18065,"template":"","meta":[],"product_brand":[],"product_cat":[7,12,43,40],"product_tag":[],"class_list":{"0":"post-18074","1":"product","2":"type-product","3":"status-publish","4":"has-post-thumbnail","6":"product_cat-anarchie-hefte-und-bucher","7":"product_cat-jugend-umwelt","8":"product_cat-oekologie-und-politik-krieg-und-frieden","9":"product_cat-zeitschriften","11":"first","12":"instock","13":"shipping-taxable","14":"purchasable","15":"product-type-simple"},"_links":{"self":[{"href":"https:\/\/www.packpapierverlag.de\/index.php?rest_route=\/wp\/v2\/product\/18074","targetHints":{"allow":["GET"]}}],"collection":[{"href":"https:\/\/www.packpapierverlag.de\/index.php?rest_route=\/wp\/v2\/product"}],"about":[{"href":"https:\/\/www.packpapierverlag.de\/index.php?rest_route=\/wp\/v2\/types\/product"}],"wp:featuredmedia":[{"embeddable":true,"href":"https:\/\/www.packpapierverlag.de\/index.php?rest_route=\/wp\/v2\/media\/18065"}],"wp:attachment":[{"href":"https:\/\/www.packpapierverlag.de\/index.php?rest_route=%2Fwp%2Fv2%2Fmedia&parent=18074"}],"wp:term":[{"taxonomy":"product_brand","embeddable":true,"href":"https:\/\/www.packpapierverlag.de\/index.php?rest_route=%2Fwp%2Fv2%2Fproduct_brand&post=18074"},{"taxonomy":"product_cat","embeddable":true,"href":"https:\/\/www.packpapierverlag.de\/index.php?rest_route=%2Fwp%2Fv2%2Fproduct_cat&post=18074"},{"taxonomy":"product_tag","embeddable":true,"href":"https:\/\/www.packpapierverlag.de\/index.php?rest_route=%2Fwp%2Fv2%2Fproduct_tag&post=18074"}],"curies":[{"name":"wp","href":"https:\/\/api.w.org\/{rel}","templated":true}]}}