{"id":18309,"date":"2024-08-22T00:27:54","date_gmt":"2024-08-21T22:27:54","guid":{"rendered":"https:\/\/www.packpapierverlag.de\/?post_type=product&#038;p=18309"},"modified":"2024-08-22T00:31:43","modified_gmt":"2024-08-21T22:31:43","slug":"musik-von-walter-von-lingen-klangspielwiese-dvd-m02-12e","status":"publish","type":"product","link":"https:\/\/www.packpapierverlag.de\/?product=musik-von-walter-von-lingen-klangspielwiese-dvd-m02-12e","title":{"rendered":"Musik von Walter von  Lingen \/ Klangspielwiese &#8211; DVD (m02) 12\u20ac"},"content":{"rendered":"<h2>Musik von Walter von Lingen \/ Klangspielwiese &#8211; DVD (m02) 12\u20ac<\/h2>\n<p><span style=\"font-size: medium;\"><span style=\"font-family: Liberation Serif, serif;\"><span lang=\"de-DE\">&#8211; hier gibts einige CDs und eine DVD aus seinem langj\u00e4hrigen Schaffen. H\u00f6ren macht Spa\u00df, mitmachen auch, die DVD gibts sogar umsonst im Netz, (hier ist der Link: https:\/\/youtu.be\/gesVB0WesUk &#8230; <\/span><\/span><span style=\"font-family: Liberation Serif, serif;\"><span lang=\"de-DE\">oder: https:\/\/vimeo.com\/722189235<\/span><\/span><span style=\"font-family: Liberation Serif, serif;\"><span lang=\"de-DE\">) oder per Post von hier &#8230;<\/span><\/span><\/span><\/p>\n<p><span style=\"font-family: Liberation Serif, serif;\"><span style=\"font-size: medium;\">Dokumentation (ca. 45 Minuten) \u00fcber Walters kreative Arbeit, seit Winter 2022 gedreht, zusammengestellt und geschnitten von Connie Wille und Heiner Sch\u00e4fer (Havelmond- Film) vom Creativhaus Steinheim, kostet 12\u20ac <\/span><\/span><\/p>\n<p><img loading=\"lazy\" decoding=\"async\" class=\"alignleft size-full wp-image-18302\" src=\"https:\/\/www.packpapierverlag.de\/wp-content\/uploads\/2024\/08\/m02bild-dvd.jpg\" alt=\"\" width=\"640\" height=\"360\" srcset=\"https:\/\/www.packpapierverlag.de\/wp-content\/uploads\/2024\/08\/m02bild-dvd.jpg 640w, https:\/\/www.packpapierverlag.de\/wp-content\/uploads\/2024\/08\/m02bild-dvd-300x169.jpg 300w\" sizes=\"auto, (max-width: 640px) 100vw, 640px\" \/><\/p>\n","protected":false},"excerpt":{"rendered":"<p>Musik von Walter von Lingen \/ Klangspielwiese &#8211; DVD (m02) [&hellip;] &hellip; <a href=\"https:\/\/www.packpapierverlag.de\/?product=musik-von-walter-von-lingen-klangspielwiese-dvd-m02-12e\">Weiterlesen <span class=\"meta-nav\">&rarr;<\/span><\/a><\/p>\n","protected":false},"featured_media":18302,"template":"","meta":[],"product_brand":[],"product_cat":[62,19],"product_tag":[],"class_list":{"0":"post-18309","1":"product","2":"type-product","3":"status-publish","4":"has-post-thumbnail","6":"product_cat-literatur-kinder-musik","7":"product_cat-musik-liederbucher","9":"first","10":"instock","11":"shipping-taxable","12":"purchasable","13":"product-type-simple"},"_links":{"self":[{"href":"https:\/\/www.packpapierverlag.de\/index.php?rest_route=\/wp\/v2\/product\/18309","targetHints":{"allow":["GET"]}}],"collection":[{"href":"https:\/\/www.packpapierverlag.de\/index.php?rest_route=\/wp\/v2\/product"}],"about":[{"href":"https:\/\/www.packpapierverlag.de\/index.php?rest_route=\/wp\/v2\/types\/product"}],"wp:featuredmedia":[{"embeddable":true,"href":"https:\/\/www.packpapierverlag.de\/index.php?rest_route=\/wp\/v2\/media\/18302"}],"wp:attachment":[{"href":"https:\/\/www.packpapierverlag.de\/index.php?rest_route=%2Fwp%2Fv2%2Fmedia&parent=18309"}],"wp:term":[{"taxonomy":"product_brand","embeddable":true,"href":"https:\/\/www.packpapierverlag.de\/index.php?rest_route=%2Fwp%2Fv2%2Fproduct_brand&post=18309"},{"taxonomy":"product_cat","embeddable":true,"href":"https:\/\/www.packpapierverlag.de\/index.php?rest_route=%2Fwp%2Fv2%2Fproduct_cat&post=18309"},{"taxonomy":"product_tag","embeddable":true,"href":"https:\/\/www.packpapierverlag.de\/index.php?rest_route=%2Fwp%2Fv2%2Fproduct_tag&post=18309"}],"curies":[{"name":"wp","href":"https:\/\/api.w.org\/{rel}","templated":true}]}}