{"id":18327,"date":"2024-08-22T01:22:32","date_gmt":"2024-08-21T23:22:32","guid":{"rendered":"https:\/\/www.packpapierverlag.de\/?post_type=product&#038;p=18327"},"modified":"2024-08-22T01:22:33","modified_gmt":"2024-08-21T23:22:33","slug":"schwendter-zur-konkreten-utopie-gesellschaftlicher-arbeit-156-s-e147-890e","status":"publish","type":"product","link":"https:\/\/www.packpapierverlag.de\/?product=schwendter-zur-konkreten-utopie-gesellschaftlicher-arbeit-156-s-e147-890e","title":{"rendered":"Schwendter: Zur konkreten Utopie gesellschaftlicher Arbeit 156 S (e147) 8,90\u20ac"},"content":{"rendered":"<p><span style=\"font-size: x-large;\"><span style=\"color: #000000;\"><span style=\"font-family: Liberation Serif, serif;\">Schwendter: Zur konkreten Utopie gesellschaftlicher Arbeit 156 S (e147) 8,90\u20ac<\/span><\/span><\/span><\/p>\n<p><span style=\"color: #000000;\"><span style=\"font-family: Liberation Serif, serif;\"><span style=\"font-size: medium;\"><img loading=\"lazy\" decoding=\"async\" class=\"alignleft wp-image-18300 size-medium\" src=\"https:\/\/www.packpapierverlag.de\/wp-content\/uploads\/2024\/08\/e147zur-konkreten-utopie-196x300.jpg\" alt=\"\" width=\"196\" height=\"300\" srcset=\"https:\/\/www.packpapierverlag.de\/wp-content\/uploads\/2024\/08\/e147zur-konkreten-utopie-196x300.jpg 196w, https:\/\/www.packpapierverlag.de\/wp-content\/uploads\/2024\/08\/e147zur-konkreten-utopie-300x460.jpg 300w, https:\/\/www.packpapierverlag.de\/wp-content\/uploads\/2024\/08\/e147zur-konkreten-utopie.jpg 420w\" sizes=\"auto, (max-width: 196px) 100vw, 196px\" \/>Mit Beitr\u00e4gen von Volkhard Brandes, Niko Diemer, Harald Kandler, Carola Lentz, Dieter Marcello, Zissis Papadimitrou, Volker Prittwitz, Kurt Randecker, Horst Sackstetter, Winfried Thaa<\/span><\/span><\/span><\/p>\n<p><span style=\"font-family: Liberation Serif, serif;\"><span style=\"font-size: medium;\">Beitr\u00e4ge zur Arbeitstagung des sozialistischen B\u00fcros, T\u00fcbingen 23.\/ 24. Nov. 1979. U.a. \u00fcber Einsatzbedingungen und Auswirkungen von Computertechnologie auf Arbeitsbedingungen und Herrschaftsverh\u00e4ltnisse im Betrieb sowie Erfahrungen mit den K\u00e4mpfen um eine andere Arbeit.<\/span><\/span><\/p>\n<p><span style=\"color: #000000;\"><span style=\"font-family: Liberation Serif, serif;\"><span style=\"font-size: medium;\">156 S <\/span><\/span><\/span><span style=\"color: #000000;\">\u20ac <span style=\"font-family: Liberation Serif, serif;\"><span style=\"font-size: medium;\">8,90<\/span><\/span><\/span><\/p>\n","protected":false},"excerpt":{"rendered":"<p>Schwendter: Zur konkreten Utopie gesellschaftlicher Arbeit 156 S (e147) 8,90\u20ac [&hellip;] &hellip; <a href=\"https:\/\/www.packpapierverlag.de\/?product=schwendter-zur-konkreten-utopie-gesellschaftlicher-arbeit-156-s-e147-890e\">Weiterlesen <span class=\"meta-nav\">&rarr;<\/span><\/a><\/p>\n","protected":false},"featured_media":18300,"template":"","meta":[],"product_brand":[],"product_cat":[9,43],"product_tag":[],"class_list":{"0":"post-18327","1":"product","2":"type-product","3":"status-publish","4":"has-post-thumbnail","6":"product_cat-bewegung-widerstand","7":"product_cat-oekologie-und-politik-krieg-und-frieden","9":"first","10":"instock","11":"shipping-taxable","12":"purchasable","13":"product-type-simple"},"_links":{"self":[{"href":"https:\/\/www.packpapierverlag.de\/index.php?rest_route=\/wp\/v2\/product\/18327","targetHints":{"allow":["GET"]}}],"collection":[{"href":"https:\/\/www.packpapierverlag.de\/index.php?rest_route=\/wp\/v2\/product"}],"about":[{"href":"https:\/\/www.packpapierverlag.de\/index.php?rest_route=\/wp\/v2\/types\/product"}],"wp:featuredmedia":[{"embeddable":true,"href":"https:\/\/www.packpapierverlag.de\/index.php?rest_route=\/wp\/v2\/media\/18300"}],"wp:attachment":[{"href":"https:\/\/www.packpapierverlag.de\/index.php?rest_route=%2Fwp%2Fv2%2Fmedia&parent=18327"}],"wp:term":[{"taxonomy":"product_brand","embeddable":true,"href":"https:\/\/www.packpapierverlag.de\/index.php?rest_route=%2Fwp%2Fv2%2Fproduct_brand&post=18327"},{"taxonomy":"product_cat","embeddable":true,"href":"https:\/\/www.packpapierverlag.de\/index.php?rest_route=%2Fwp%2Fv2%2Fproduct_cat&post=18327"},{"taxonomy":"product_tag","embeddable":true,"href":"https:\/\/www.packpapierverlag.de\/index.php?rest_route=%2Fwp%2Fv2%2Fproduct_tag&post=18327"}],"curies":[{"name":"wp","href":"https:\/\/api.w.org\/{rel}","templated":true}]}}