{"id":18636,"date":"2025-02-02T09:58:22","date_gmt":"2025-02-02T08:58:22","guid":{"rendered":"https:\/\/www.packpapierverlag.de\/?post_type=product&#038;p=18636"},"modified":"2025-02-02T10:10:37","modified_gmt":"2025-02-02T09:10:37","slug":"ulrich-holbein-gusto-graeser-tauwind-2000-e-p195","status":"publish","type":"product","link":"https:\/\/www.packpapierverlag.de\/?product=ulrich-holbein-gusto-graeser-tauwind-2000-e-p195","title":{"rendered":"Ulrich Holbein: Gusto Gr\u00e4ser, TAUWIND  20,00 \u20ac (p195)"},"content":{"rendered":"<p><span style=\"font-size: medium;\"><span style=\"font-family: UICTFontTextStyleEmphasizedBody;\"><b>Gusto Gr\u00e4ser, DRUM TAUWIND INS WINTERLAND! TAO-WIND IN DIE HIRNFROSTIG VERFROHRENE WELT!<\/b><\/span> <span style=\"font-family: UICTFontTextStyleBody;\">Sein Leben in Wort und Bild. Hrg. v. Ulrich Holbein zs. m. Hermann M\u00fcller und Herrmann Cropp. 252 Seiten mit vielen Abb, 20,00 \u20ac <\/span><span style=\"font-family: UICTFontTextStyleBody;\">(p195)<\/span><\/span><\/p>\n<p><span style=\"font-family: UICTFontTextStyleBody;\"><span style=\"font-size: medium;\">Gusto Gr\u00e4ser (1879-1958) stammt aus der Dissentergemeinschaft in Siebenb\u00fcrgen, die im 16. Jh von den Sozzinianern gegr\u00fcndet wurde. Das ist die intellektuellste Dissentergruppe, der auch Newton angeh\u00f6rte. Graeser entschloss sich mit 18 Jahren, von nun an ein freies Leben au\u00dferhalb der Institutionen zu f\u00fchren. Er war Mitgr\u00fcnder von Monte Verita und zog danach als Naturapostel, Wanderdichter und -lehrer durch die Lande. Er verfasste viele Gedichte, Flugschriften, versah sie mit seinen Zeichnungen, besuchte andere <img loading=\"lazy\" decoding=\"async\" class=\"alignleft wp-image-18625 size-medium\" src=\"https:\/\/www.packpapierverlag.de\/wp-content\/uploads\/2025\/02\/p195-Gusto-GraeserX-218x300.jpg\" alt=\"\" width=\"218\" height=\"300\" srcset=\"https:\/\/www.packpapierverlag.de\/wp-content\/uploads\/2025\/02\/p195-Gusto-GraeserX-218x300.jpg 218w, https:\/\/www.packpapierverlag.de\/wp-content\/uploads\/2025\/02\/p195-Gusto-GraeserX-300x413.jpg 300w, https:\/\/www.packpapierverlag.de\/wp-content\/uploads\/2025\/02\/p195-Gusto-GraeserX-744x1024.jpg 744w, https:\/\/www.packpapierverlag.de\/wp-content\/uploads\/2025\/02\/p195-Gusto-GraeserX.jpg 850w\" sizes=\"auto, (max-width: 218px) 100vw, 218px\" \/>Kommunen, nahm an Vagabundenkongressen und anderen Veranstaltungen teil. Er war im Kontakt mit Hermann Hesse, der seine Erfahrungen literarisch verarbeitete. Er musste sich dauernd gegen die Beh\u00f6rden wehren, die ihm sein Leben verbieten wollten. Diese Dokumentensammlung pr\u00e4sentiert sein Wirken in umfassender Weise. Es gab in den goldenen zwanziger Jahren eine ganze Reihe solcher Wanderlehrer. Denn es war auch eine Zeit des Suchens und Aufbruchs, obwohl dann doch der fremdfinanzierte Faschismus obsiegte. Aber wir wissen noch viel zu wenig \u00fcber viele solcher Versuche. Doch dieser ist nun aufgearbeitet.<\/span><\/span><\/p>\n<p><span style=\"font-family: UICTFontTextStyleBody;\"><span style=\"font-size: medium;\">Inhalt &#8211; Herkommen, Kindheit, Siebenb\u00fcrgen, Budapest &#8211; Was mir nur schimmernd vorgeschwebt: St\u00f6rrischer Adept beim Naturpropheten Meister Diefenbach, im Himmelhof, 1898 &#8211; Donnerdrein, Du Erdensohn! Komm hervor aus dem Gewohn! 1900 &#8211; Wanderung zum Wahrheitsberg, 1900 &#8211; Mitten in der Schindustrie \u2013 Einzelauftritte von Naturmenschen, um 1904 u.f. &#8211; Der bekannte Propagandist der Nacktkultur \u2013 verhaftet! 1909 &#8211; Was w\u00fcrde Nietzsche zu diesem Dichter sagen? 1911 &#8211; Deutschlandfahrt zum Hohen Mei\u00dfner, 1913 &#8211; Abschiebung wegen Verkehrsst\u00f6rung, Hutlosigkeit, unz\u00fcchtiger Bilder usw., 1914 u.f. &#8211; Tao \u2013 Das Buch zur Genesung der Welt, 1918 &#8211; Verkappter Bettler oder freim\u00fctiger Heimatsohn? 1920 &#8211; H\u00f6hlenbewohner im Anmarsch &#8211; Messias-Seuche vor den Toren Berlins, 1922 &#8211; Der f\u00fcr Deutschlands Gesundung brennende Mann, 1926 &#8211; Dr. Uhu \u00fcber einen Urmenschen im Gerichtssaal, 1927 &#8211; Wozu ist die Landstra\u00dfe da? Vagabunden-Kongress 1929 &#8211; Uns \u2013 winkt \u2013 doch \u2013 Land \u2013 winkt urheimduftig heitre Gartenzeit, 1930 u.f. &#8211; Ein Freipass durch das Land, 1940 u.f. &#8211; Waldbold hat ja den Riesenvogel: Frei zu sein, 1956 &#8211; Das Brieflein Wunderbar, f\u00fcr schw\u00e4bische J\u00fcnglinge, 1956 &#8211; Er nannte sich einen Bildner, Nachklang 1964 &#8211; Zeittafel kommentierter Literaturquellen und Literaturempfehlungen<\/span><\/span><\/p>\n","protected":false},"excerpt":{"rendered":"<p>Gusto Gr\u00e4ser, DRUM TAUWIND INS WINTERLAND! TAO-WIND IN DIE HIRNFROSTIG [&hellip;] &hellip; <a href=\"https:\/\/www.packpapierverlag.de\/?product=ulrich-holbein-gusto-graeser-tauwind-2000-e-p195\">Weiterlesen <span class=\"meta-nav\">&rarr;<\/span><\/a><\/p>\n","protected":false},"featured_media":18625,"template":"","meta":[],"product_brand":[],"product_cat":[9,18,6],"product_tag":[],"class_list":{"0":"post-18636","1":"product","2":"type-product","3":"status-publish","4":"has-post-thumbnail","6":"product_cat-bewegung-widerstand","7":"product_cat-literatur","8":"product_cat-politik-und-geschichte","10":"first","11":"instock","12":"shipping-taxable","13":"purchasable","14":"product-type-simple"},"_links":{"self":[{"href":"https:\/\/www.packpapierverlag.de\/index.php?rest_route=\/wp\/v2\/product\/18636","targetHints":{"allow":["GET"]}}],"collection":[{"href":"https:\/\/www.packpapierverlag.de\/index.php?rest_route=\/wp\/v2\/product"}],"about":[{"href":"https:\/\/www.packpapierverlag.de\/index.php?rest_route=\/wp\/v2\/types\/product"}],"wp:featuredmedia":[{"embeddable":true,"href":"https:\/\/www.packpapierverlag.de\/index.php?rest_route=\/wp\/v2\/media\/18625"}],"wp:attachment":[{"href":"https:\/\/www.packpapierverlag.de\/index.php?rest_route=%2Fwp%2Fv2%2Fmedia&parent=18636"}],"wp:term":[{"taxonomy":"product_brand","embeddable":true,"href":"https:\/\/www.packpapierverlag.de\/index.php?rest_route=%2Fwp%2Fv2%2Fproduct_brand&post=18636"},{"taxonomy":"product_cat","embeddable":true,"href":"https:\/\/www.packpapierverlag.de\/index.php?rest_route=%2Fwp%2Fv2%2Fproduct_cat&post=18636"},{"taxonomy":"product_tag","embeddable":true,"href":"https:\/\/www.packpapierverlag.de\/index.php?rest_route=%2Fwp%2Fv2%2Fproduct_tag&post=18636"}],"curies":[{"name":"wp","href":"https:\/\/api.w.org\/{rel}","templated":true}]}}