{"id":18637,"date":"2025-02-02T10:02:15","date_gmt":"2025-02-02T09:02:15","guid":{"rendered":"https:\/\/www.packpapierverlag.de\/?post_type=product&#038;p=18637"},"modified":"2025-12-04T23:35:06","modified_gmt":"2025-12-04T22:35:06","slug":"silvia-fischer-vom-leben-ohne-geld-170-seiten-16-e-p197","status":"publish","type":"product","link":"https:\/\/www.packpapierverlag.de\/?product=silvia-fischer-vom-leben-ohne-geld-170-seiten-16-e-p197","title":{"rendered":"Silvia Fischer: Vom Leben ohne Geld, 170 Seiten, 16,-\u20ac (p197)"},"content":{"rendered":"<p><span style=\"font-family: UICTFontTextStyleBody;\"><span style=\"font-size: x-large;\">Silvia Fischer: Vom Leben ohne Geld, Der Vagabundenblog, 170 Seiten, 16,-\u20ac (p197)<\/span><\/span><\/p>\n<p>Leben ohne Geld \u00a0&#8211; ist das \u00fcberhaupt m\u00f6glich?<\/p>\n<p>Michelle wollte es wissen und erf\u00fcllte sich mit Anfang Vierzig ihren lang ersehnten Traum, ohne Geld zu leben \u00a0&#8211; in Frankreich. Vor allem war sie neugierig, wie es in Zukunft sein wird, wenn wir nichts mehr ohne die Zahl des Tieres (666) (ver-)kaufen k\u00f6nnen, wie es in der Offenbarung des Johannes geschrieben steht.<\/p>\n<p>Von ihren phantastischen Abenteuern, au\u00dfergew\u00f6hnlichen Begegnungen und ihrer besonderen Lebensart berichtet sie in ihrem Reisetagebuch.<\/p>\n<p>Leben in besetzten H\u00e4usern, bewohnbaren H\u00f6hlen und bei Menschen, die sie eingeladen haben \u00a0&#8211; ihre Erlebnisse sind so vielf\u00e4ltig wie erf\u00fcllend.<\/p>\n<p>Noch Jahre sp\u00e4ter empfindet Aussteigerin Michelle ihr Jahr ohne Geld als das gl\u00fccklichste ihres Lebens.<\/p>\n<p><span style=\"font-size: medium;\"><span style=\"font-family: UICTFontTextStyleBody;\">\u00a0<img loading=\"lazy\" decoding=\"async\" class=\"wp-image-19326 size-medium alignleft\" src=\"https:\/\/www.packpapierverlag.de\/wp-content\/uploads\/2025\/11\/p197-leben-ohne-geld-212x300.jpg\" alt=\"\" width=\"212\" height=\"300\" srcset=\"https:\/\/www.packpapierverlag.de\/wp-content\/uploads\/2025\/11\/p197-leben-ohne-geld-212x300.jpg 212w, https:\/\/www.packpapierverlag.de\/wp-content\/uploads\/2025\/11\/p197-leben-ohne-geld-300x424.jpg 300w, https:\/\/www.packpapierverlag.de\/wp-content\/uploads\/2025\/11\/p197-leben-ohne-geld-725x1024.jpg 725w, https:\/\/www.packpapierverlag.de\/wp-content\/uploads\/2025\/11\/p197-leben-ohne-geld-1088x1536.jpg 1088w, https:\/\/www.packpapierverlag.de\/wp-content\/uploads\/2025\/11\/p197-leben-ohne-geld-1450x2048.jpg 1450w, https:\/\/www.packpapierverlag.de\/wp-content\/uploads\/2025\/11\/p197-leben-ohne-geld.jpg 1755w\" sizes=\"auto, (max-width: 212px) 100vw, 212px\" \/><\/span><br \/>\n<\/span><\/p>\n<p><span style=\"font-size: medium;\"><span style=\"font-family: UICTFontTextStyleEmphasizedBody;\"><u><b>Inhalt: <\/b><\/u><\/span><span style=\"font-family: UICTFontTextStyleBody;\">Vorwort &#8211; Er\u00f6ffnung Vagabundenblog &#8211; Wieder bei Papi &#8211; Unter der Woche &#8211; Wochenende wie gehabt &#8211; Back in the city &#8211; Vom freien Willen, Druiden und Squats &#8211; Dem Sonnenuntergang entgegen &#8211; Schwimmbad ade &#8211; Von Tobsuchtsanf\u00e4llen und Nepalih\u00fcten &#8211; Ein Ungl\u00fcck kommt selten allein &#8211; Zu Besuch bei Mona &#8211; Mountains in the rain &#8211; Unverhofft kommt oft &#8211; F\u00fcr eine Woche ein Zuhause &#8211; Von verlorenen und wiedergefundenen Schlafpl\u00e4tzen &#8211; Schweizer K\u00e4se &#8211; R\u00fcckfahrt mit Unterbrechungen &#8211; Ein Geisterhaus ums andere &#8211; Schock im Squat &#8211; Squat ade &#8211; Gr\u00fcner Salat &#8211; Bergauf, bergab &#8211; Wieder auf der Stra\u00dfe &#8211; Das Ende eines Squats &#8211; Von Strand- und anderen Spazierg\u00e4ngen &#8211; Zehn Grad minus &#8211; Fr\u00f6hliche Weihnachtszeit &#8211; Zwischen den Jahren &#8211; Tunesische Hochzeit &#8211; Von H\u00f6hlen und anderen Menschen &#8211; Long way back from Hippieland &#8211; Der sch\u00f6nste Tag eines Lebens &#8211; Die Kunst des Nichtstuns &#8211; Weihnachtsmann als Talisman &#8211; Vom Himmel geschickt &#8211; Von Formel-Eins-Fahrern und \u00f6sterreichischen Zigeunern &#8211; Meeting another nomad &#8211; End of a story &#8211; Drei W\u00fcrfel Zucker und Chilipulver &#8211; Getting back &#8211; Alles gratis &#8211; Nix wie weg &#8211; Unerwartete Besucher &#8211; Nachwort &#8211; Leserstimmen<\/span><\/span><\/p>\n","protected":false},"excerpt":{"rendered":"<p>Silvia Fischer: Vom Leben ohne Geld, Der Vagabundenblog, 170 Seiten, [&hellip;] &hellip; <a href=\"https:\/\/www.packpapierverlag.de\/?product=silvia-fischer-vom-leben-ohne-geld-170-seiten-16-e-p197\">Weiterlesen <span class=\"meta-nav\">&rarr;<\/span><\/a><\/p>\n","protected":false},"featured_media":19326,"template":"","meta":[],"product_brand":[],"product_cat":[9,12,18,6,5],"product_tag":[],"class_list":{"0":"post-18637","1":"product","2":"type-product","3":"status-publish","4":"has-post-thumbnail","6":"product_cat-bewegung-widerstand","7":"product_cat-jugend-umwelt","8":"product_cat-literatur","9":"product_cat-politik-und-geschichte","10":"product_cat-selbstversorgung","12":"first","13":"instock","14":"shipping-taxable","15":"purchasable","16":"product-type-simple"},"_links":{"self":[{"href":"https:\/\/www.packpapierverlag.de\/index.php?rest_route=\/wp\/v2\/product\/18637","targetHints":{"allow":["GET"]}}],"collection":[{"href":"https:\/\/www.packpapierverlag.de\/index.php?rest_route=\/wp\/v2\/product"}],"about":[{"href":"https:\/\/www.packpapierverlag.de\/index.php?rest_route=\/wp\/v2\/types\/product"}],"wp:featuredmedia":[{"embeddable":true,"href":"https:\/\/www.packpapierverlag.de\/index.php?rest_route=\/wp\/v2\/media\/19326"}],"wp:attachment":[{"href":"https:\/\/www.packpapierverlag.de\/index.php?rest_route=%2Fwp%2Fv2%2Fmedia&parent=18637"}],"wp:term":[{"taxonomy":"product_brand","embeddable":true,"href":"https:\/\/www.packpapierverlag.de\/index.php?rest_route=%2Fwp%2Fv2%2Fproduct_brand&post=18637"},{"taxonomy":"product_cat","embeddable":true,"href":"https:\/\/www.packpapierverlag.de\/index.php?rest_route=%2Fwp%2Fv2%2Fproduct_cat&post=18637"},{"taxonomy":"product_tag","embeddable":true,"href":"https:\/\/www.packpapierverlag.de\/index.php?rest_route=%2Fwp%2Fv2%2Fproduct_tag&post=18637"}],"curies":[{"name":"wp","href":"https:\/\/api.w.org\/{rel}","templated":true}]}}