{"id":18638,"date":"2025-02-02T10:08:09","date_gmt":"2025-02-02T09:08:09","guid":{"rendered":"https:\/\/www.packpapierverlag.de\/?post_type=product&#038;p=18638"},"modified":"2025-02-02T10:08:10","modified_gmt":"2025-02-02T09:08:10","slug":"silvia-fischer-aussteigerin-im-lkw-48-seiten-3-e-p198","status":"publish","type":"product","link":"https:\/\/www.packpapierverlag.de\/?product=silvia-fischer-aussteigerin-im-lkw-48-seiten-3-e-p198","title":{"rendered":"Silvia Fischer: Aussteigerin im LKW, 48 Seiten, 3,-\u20ac  (p198)"},"content":{"rendered":"<p><span style=\"font-family: UICTFontTextStyleEmphasizedBody;\"><span style=\"font-size: x-large;\">Silvia Fischer: Wie ich als Aussteigerin im LKW in S\u00fcdfrankreich lebte, 48 Seiten, 3,-\u20ac mit 16 farbigen Fotos zum nachtr\u00e4umen. (p198)<\/span><\/span><\/p>\n<p><span style=\"font-family: UICTFontTextStyleBody;\"><span style=\"font-size: medium;\">&#8222;Hier ist die Fortsetzung meines Roadmovies &#8222;Der Vagabundenblog: Vom Leben ohne Geld&#8220;! Diesmal erz\u00e4hle ich meine phantastischen Abenteuer, die ich erlebt habe, als ich mit ein wenig Geld in einem Wagen lebte, genauer gesagt in einem halb ausgebauten LKW &#8211; und das in S\u00fcdfrankreich am Fu\u00dfe der Pyren\u00e4en! Im sogenannten Hippieland, das ich so nenne, weil dort viele Aussteiger leben, teilweise so alternativ wie ich selbst gelebt habe. <img loading=\"lazy\" decoding=\"async\" class=\"alignleft wp-image-18628 size-medium\" src=\"https:\/\/www.packpapierverlag.de\/wp-content\/uploads\/2025\/02\/p198-Aussteigerin-230x300.jpg\" alt=\"\" width=\"230\" height=\"300\" srcset=\"https:\/\/www.packpapierverlag.de\/wp-content\/uploads\/2025\/02\/p198-Aussteigerin-230x300.jpg 230w, https:\/\/www.packpapierverlag.de\/wp-content\/uploads\/2025\/02\/p198-Aussteigerin-300x390.jpg 300w, https:\/\/www.packpapierverlag.de\/wp-content\/uploads\/2025\/02\/p198-Aussteigerin.jpg 567w\" sizes=\"auto, (max-width: 230px) 100vw, 230px\" \/>Das Sch\u00f6nste dort war: Ich f\u00fchlte mich von Anfang an Zuhause. Das wie auch vieles andere war ein gro\u00dfes Geschenk, das ich mit Euch teilen m\u00f6chte!&#8220;<\/span><\/span><\/p>\n<p><span style=\"font-size: medium;\"><span style=\"font-family: UICTFontTextStyleEmphasizedBody;\"><b>Un\u00fcbersehbar handelt es sich bei den deutschen Aussteigern in S\u00fcdeuropa nicht um kulturlose Globalisierungskonsumenten, sondern, so arbeitet Silvia es heraus, um Menschen die ihre Kultur (oder Subkultur) mitgenommen haben in Sprache und allen Gewohnheiten. Das ist weder ein neuer Exotismus noch globales Einerlei, das ist unsere Kultur. Und dar\u00fcber berichtet Silvia<\/b><\/span><span style=\"font-family: UICTFontTextStyleBody;\">. <\/span><\/span><\/p>\n<p><span style=\"font-size: medium;\"><span style=\"font-family: UICTFontTextStyleEmphasizedBody;\"><u><b>INHALT:<\/b><\/u><\/span> <span style=\"font-family: UICTFontTextStyleBody;\">Neues vom Vagabundenblog &#8211; Geschichten aus der Gegend und Demos &#8211; Vom woofen und containern &#8211; \u00c4rger mit der Polizei &#8211; Carlos Castaneda &#8211; Verbrannte Autopapiere und unsere Mission &#8211; Selbstgemachtes Waschpulver und mehr &#8211; Ein Boot als Spiegel und Anonyme Alkoholiker &#8211; Wilhelm Reich und Makrobiotik &#8211; Emp\u00f6rt Euch! &#8211; \u00dcber Vereine und Jedi-Ritter &#8211; Ein neues Zuhause &#8211; Kostenlose Krankenversicherung &#8211; Containertes und Quellwasser &#8211; F\u00fcr kurze Zeit ein ruhiges Pl\u00e4tzchen &#8211; Aus mit dem ruhigen Pl\u00e4tzchen<\/span><\/span><\/p>\n","protected":false},"excerpt":{"rendered":"<p>Silvia Fischer: Wie ich als Aussteigerin im LKW in S\u00fcdfrankreich [&hellip;] &hellip; <a href=\"https:\/\/www.packpapierverlag.de\/?product=silvia-fischer-aussteigerin-im-lkw-48-seiten-3-e-p198\">Weiterlesen <span class=\"meta-nav\">&rarr;<\/span><\/a><\/p>\n","protected":false},"featured_media":18628,"template":"","meta":[],"product_brand":[],"product_cat":[9,12,18,62],"product_tag":[],"class_list":{"0":"post-18638","1":"product","2":"type-product","3":"status-publish","4":"has-post-thumbnail","6":"product_cat-bewegung-widerstand","7":"product_cat-jugend-umwelt","8":"product_cat-literatur","9":"product_cat-literatur-kinder-musik","11":"first","12":"instock","13":"shipping-taxable","14":"purchasable","15":"product-type-simple"},"_links":{"self":[{"href":"https:\/\/www.packpapierverlag.de\/index.php?rest_route=\/wp\/v2\/product\/18638","targetHints":{"allow":["GET"]}}],"collection":[{"href":"https:\/\/www.packpapierverlag.de\/index.php?rest_route=\/wp\/v2\/product"}],"about":[{"href":"https:\/\/www.packpapierverlag.de\/index.php?rest_route=\/wp\/v2\/types\/product"}],"wp:featuredmedia":[{"embeddable":true,"href":"https:\/\/www.packpapierverlag.de\/index.php?rest_route=\/wp\/v2\/media\/18628"}],"wp:attachment":[{"href":"https:\/\/www.packpapierverlag.de\/index.php?rest_route=%2Fwp%2Fv2%2Fmedia&parent=18638"}],"wp:term":[{"taxonomy":"product_brand","embeddable":true,"href":"https:\/\/www.packpapierverlag.de\/index.php?rest_route=%2Fwp%2Fv2%2Fproduct_brand&post=18638"},{"taxonomy":"product_cat","embeddable":true,"href":"https:\/\/www.packpapierverlag.de\/index.php?rest_route=%2Fwp%2Fv2%2Fproduct_cat&post=18638"},{"taxonomy":"product_tag","embeddable":true,"href":"https:\/\/www.packpapierverlag.de\/index.php?rest_route=%2Fwp%2Fv2%2Fproduct_tag&post=18638"}],"curies":[{"name":"wp","href":"https:\/\/api.w.org\/{rel}","templated":true}]}}