{"id":18827,"date":"2025-04-27T13:56:00","date_gmt":"2025-04-27T11:56:00","guid":{"rendered":"https:\/\/www.packpapierverlag.de\/?post_type=product&#038;p=18827"},"modified":"2025-05-01T23:09:39","modified_gmt":"2025-05-01T21:09:39","slug":"veronika-spanke-brief-an-nadja-144-seiten-16e-p199","status":"publish","type":"product","link":"https:\/\/www.packpapierverlag.de\/?product=veronika-spanke-brief-an-nadja-144-seiten-16e-p199","title":{"rendered":"Veronika Spanke: Brief an Nadja, 144 Seiten, 16\u20ac (p199)"},"content":{"rendered":"<p><span style=\"font-family: Liberation Serif, serif;\"><span style=\"font-size: medium;\"><span style=\"font-family: Bookman Old Style, serif;\"><span style=\"font-size: large;\"><b>Veronika Spanke<\/b><\/span><\/span><span style=\"font-family: Bookman Old Style, serif;\"><span style=\"font-size: large;\"><b>: <\/b><\/span><\/span><span style=\"font-family: Bookman Old Style, serif;\"><span style=\"font-size: large;\"><b>Briefe an Nadja +<\/b><\/span><\/span><b> <\/b><span style=\"font-family: Bookman Old Style, serif;\"><span style=\"font-size: large;\"><b>Bonustrack: Brief eines Vaters an die verlorene Tochter<\/b><\/span><\/span><\/span><\/span><\/p>\n<p>&nbsp;<\/p>\n<p><img loading=\"lazy\" decoding=\"async\" class=\"alignleft wp-image-18826 size-medium\" src=\"https:\/\/www.packpapierverlag.de\/wp-content\/uploads\/2025\/04\/p199-Veronika-225x300.jpg\" alt=\"\" width=\"225\" height=\"300\" srcset=\"https:\/\/www.packpapierverlag.de\/wp-content\/uploads\/2025\/04\/p199-Veronika-225x300.jpg 225w, https:\/\/www.packpapierverlag.de\/wp-content\/uploads\/2025\/04\/p199-Veronika-300x400.jpg 300w, https:\/\/www.packpapierverlag.de\/wp-content\/uploads\/2025\/04\/p199-Veronika.jpg 425w\" sizes=\"auto, (max-width: 225px) 100vw, 225px\" \/><\/p>\n<p><span style=\"font-family: Liberation Serif, serif;\"><span style=\"font-size: large;\">144 S. A5, 16,00 \u20ac (p199) im Selbstverlag der Autorin unter Beihilfe des Packpapierverlags Dortmund\/Osnabr\u00fcck 2025, mit Bildern der Autorin.<\/span><\/span><\/p>\n<p><span style=\"font-family: Liberation Serif, serif;\"><span style=\"font-size: medium;\">\u00a0<\/span><\/span><\/p>\n<p>&nbsp;<\/p>\n<p><span style=\"font-family: Liberation Serif, serif;\"><span style=\"font-size: large;\">&#8222;<span style=\"color: #000000;\"><span style=\"font-family: Bookman Old Style, serif;\"><b>Eine Mutter schreibt Briefe an ihre Tochter, deren ersten Schrei sie nie h\u00f6ren durfte, und schickt sie an die Adoptionsstelle, weil man ihr sagte, das Kind k\u00f6nne sie dort jederzeit einsehen. Nach 45 Jahren w\u00e4hlt die Mutter diesen ungew\u00f6hnlichen Weg und beschreibt hier ihren Schicksalsschlag sowie seine Hintergr\u00fcnde und Folgen. Wird Nadja sich melden? Wird die Mutter ihr Kind endlich in die Arme schlie\u00dfen d\u00fcrfen?&#8220;<\/b><\/span><\/span><\/span><\/span><\/p>\n<p>Beim Kirchentag Hannover 1.5.25 am Infostand des VAFK, Freitag und Samstag jeweils <img loading=\"lazy\" decoding=\"async\" class=\"wp-image-18840 size-medium alignright\" src=\"https:\/\/www.packpapierverlag.de\/wp-content\/uploads\/2025\/05\/250501Kirchentag-300x228.jpg\" alt=\"\" width=\"300\" height=\"228\" srcset=\"https:\/\/www.packpapierverlag.de\/wp-content\/uploads\/2025\/05\/250501Kirchentag-300x228.jpg 300w, https:\/\/www.packpapierverlag.de\/wp-content\/uploads\/2025\/05\/250501Kirchentag-1024x780.jpg 1024w, https:\/\/www.packpapierverlag.de\/wp-content\/uploads\/2025\/05\/250501Kirchentag-1536x1170.jpg 1536w, https:\/\/www.packpapierverlag.de\/wp-content\/uploads\/2025\/05\/250501Kirchentag-2048x1560.jpg 2048w\" sizes=\"auto, (max-width: 300px) 100vw, 300px\" \/>um 16 Uhr gibt es eine Buchvorstellung;<\/p>\n","protected":false},"excerpt":{"rendered":"<p>Veronika Spanke: Briefe an Nadja + Bonustrack: Brief eines Vaters [&hellip;] &hellip; <a href=\"https:\/\/www.packpapierverlag.de\/?product=veronika-spanke-brief-an-nadja-144-seiten-16e-p199\">Weiterlesen <span class=\"meta-nav\">&rarr;<\/span><\/a><\/p>\n","protected":false},"featured_media":18826,"template":"","meta":[],"product_brand":[],"product_cat":[10,18,43,6],"product_tag":[],"class_list":{"0":"post-18827","1":"product","2":"type-product","3":"status-publish","4":"has-post-thumbnail","6":"product_cat-erziehung","7":"product_cat-literatur","8":"product_cat-oekologie-und-politik-krieg-und-frieden","9":"product_cat-politik-und-geschichte","11":"first","12":"instock","13":"shipping-taxable","14":"purchasable","15":"product-type-simple"},"_links":{"self":[{"href":"https:\/\/www.packpapierverlag.de\/index.php?rest_route=\/wp\/v2\/product\/18827","targetHints":{"allow":["GET"]}}],"collection":[{"href":"https:\/\/www.packpapierverlag.de\/index.php?rest_route=\/wp\/v2\/product"}],"about":[{"href":"https:\/\/www.packpapierverlag.de\/index.php?rest_route=\/wp\/v2\/types\/product"}],"wp:featuredmedia":[{"embeddable":true,"href":"https:\/\/www.packpapierverlag.de\/index.php?rest_route=\/wp\/v2\/media\/18826"}],"wp:attachment":[{"href":"https:\/\/www.packpapierverlag.de\/index.php?rest_route=%2Fwp%2Fv2%2Fmedia&parent=18827"}],"wp:term":[{"taxonomy":"product_brand","embeddable":true,"href":"https:\/\/www.packpapierverlag.de\/index.php?rest_route=%2Fwp%2Fv2%2Fproduct_brand&post=18827"},{"taxonomy":"product_cat","embeddable":true,"href":"https:\/\/www.packpapierverlag.de\/index.php?rest_route=%2Fwp%2Fv2%2Fproduct_cat&post=18827"},{"taxonomy":"product_tag","embeddable":true,"href":"https:\/\/www.packpapierverlag.de\/index.php?rest_route=%2Fwp%2Fv2%2Fproduct_tag&post=18827"}],"curies":[{"name":"wp","href":"https:\/\/api.w.org\/{rel}","templated":true}]}}