{"id":19809,"date":"2026-05-03T17:12:16","date_gmt":"2026-05-03T15:12:16","guid":{"rendered":"https:\/\/www.packpapierverlag.de\/?post_type=product&#038;p=19809"},"modified":"2026-05-03T17:12:16","modified_gmt":"2026-05-03T15:12:16","slug":"horkheimer-autoritaerer-staat-juden-und-europa-126-s-790-e148","status":"publish","type":"product","link":"https:\/\/www.packpapierverlag.de\/?product=horkheimer-autoritaerer-staat-juden-und-europa-126-s-790-e148","title":{"rendered":"Horkheimer, autorit\u00e4rer Staat, Juden und Europa. 126 S. 7,90 (e148)"},"content":{"rendered":"<p><span style=\"font-family: Liberation Serif, serif;\"><span style=\"font-size: medium;\"><b>Max Horkheimer, AUTORIT\u00c4RER STAAT: Die Juden und Europa<\/b>, Vernunft und Selbsterhaltung: Aufs\u00e4tze 1939-1941. de Munter\/SR 3, 126 S. Pb, 7,90 EUR, ISBN 3-88535-544-2<\/span><\/span><span style=\"font-family: Liberation Serif, serif;\"><span style=\"font-size: medium;\"><img loading=\"lazy\" decoding=\"async\" class=\"size-medium wp-image-19775 alignleft\" src=\"https:\/\/www.packpapierverlag.de\/wp-content\/uploads\/2026\/05\/e148horkheimer-210x300.jpg\" alt=\"\" width=\"210\" height=\"300\" srcset=\"https:\/\/www.packpapierverlag.de\/wp-content\/uploads\/2026\/05\/e148horkheimer-210x300.jpg 210w, https:\/\/www.packpapierverlag.de\/wp-content\/uploads\/2026\/05\/e148horkheimer-718x1024.jpg 718w, https:\/\/www.packpapierverlag.de\/wp-content\/uploads\/2026\/05\/e148horkheimer-1077x1536.jpg 1077w, https:\/\/www.packpapierverlag.de\/wp-content\/uploads\/2026\/05\/e148horkheimer-300x428.jpg 300w, https:\/\/www.packpapierverlag.de\/wp-content\/uploads\/2026\/05\/e148horkheimer.jpg 1088w\" sizes=\"auto, (max-width: 210px) 100vw, 210px\" \/><\/span><\/span><\/p>\n<p><span style=\"font-family: Liberation Serif, serif;\"><span style=\"font-size: medium;\">Horkheimer beschreibt die autorit\u00e4re Entwicklung in den USA um 1940\/41. Dieses Buch wurde im SDS im Sommer\/Herbst 1969 hei\u00df diskutiert. Detlef Claussen schrieb dazu einen Beitrag, der dann 1970 in der neuen kritik 55\/56 publiziert wurde. \u00dcber diesen Beitrag kam es zum Streit mit Krahl und die Krahl-Gruppe l\u00f6ste sich dar\u00fcber auf. Krahl scharte dann eine neue Gruppe aus Erstsemestern um sich: die Schulungsgruppe. Mit Einigen von ihnen machte ich dann sp\u00e4ter die Edition von \u201eKrahl, Erfahrung des Bewusstseins\u201c. 1976 kam es dann im Revolution\u00e4ren Kampf in Frankfurt erneut zu einer gro\u00dfen Debatte um dieses Buch. Joschka Fischer von der Karl-Marx-Buchhandlung bestellte damals 200 Exple des Buches bei mir. Diese Debatten werde ich bald zu aktualisieren suchen.<\/span><\/span><\/p>\n","protected":false},"excerpt":{"rendered":"<p>Max Horkheimer, AUTORIT\u00c4RER STAAT: Die Juden und Europa, Vernunft und [&hellip;] &hellip; <a href=\"https:\/\/www.packpapierverlag.de\/?product=horkheimer-autoritaerer-staat-juden-und-europa-126-s-790-e148\">Weiterlesen <span class=\"meta-nav\">&rarr;<\/span><\/a><\/p>\n","protected":false},"featured_media":19775,"template":"","meta":[],"product_brand":[],"product_cat":[73],"product_tag":[],"class_list":{"0":"post-19809","1":"product","2":"type-product","3":"status-publish","4":"has-post-thumbnail","6":"product_cat-unkategorisiert","8":"first","9":"instock","10":"shipping-taxable","11":"purchasable","12":"product-type-simple"},"_links":{"self":[{"href":"https:\/\/www.packpapierverlag.de\/index.php?rest_route=\/wp\/v2\/product\/19809","targetHints":{"allow":["GET"]}}],"collection":[{"href":"https:\/\/www.packpapierverlag.de\/index.php?rest_route=\/wp\/v2\/product"}],"about":[{"href":"https:\/\/www.packpapierverlag.de\/index.php?rest_route=\/wp\/v2\/types\/product"}],"wp:featuredmedia":[{"embeddable":true,"href":"https:\/\/www.packpapierverlag.de\/index.php?rest_route=\/wp\/v2\/media\/19775"}],"wp:attachment":[{"href":"https:\/\/www.packpapierverlag.de\/index.php?rest_route=%2Fwp%2Fv2%2Fmedia&parent=19809"}],"wp:term":[{"taxonomy":"product_brand","embeddable":true,"href":"https:\/\/www.packpapierverlag.de\/index.php?rest_route=%2Fwp%2Fv2%2Fproduct_brand&post=19809"},{"taxonomy":"product_cat","embeddable":true,"href":"https:\/\/www.packpapierverlag.de\/index.php?rest_route=%2Fwp%2Fv2%2Fproduct_cat&post=19809"},{"taxonomy":"product_tag","embeddable":true,"href":"https:\/\/www.packpapierverlag.de\/index.php?rest_route=%2Fwp%2Fv2%2Fproduct_tag&post=19809"}],"curies":[{"name":"wp","href":"https:\/\/api.w.org\/{rel}","templated":true}]}}