{"id":19816,"date":"2026-05-03T17:33:31","date_gmt":"2026-05-03T15:33:31","guid":{"rendered":"https:\/\/www.packpapierverlag.de\/?post_type=product&#038;p=19816"},"modified":"2026-05-03T17:33:31","modified_gmt":"2026-05-03T15:33:31","slug":"keine-startbahn-west-20-s-1090-e153","status":"publish","type":"product","link":"https:\/\/www.packpapierverlag.de\/?product=keine-startbahn-west-20-s-1090-e153","title":{"rendered":"Keine Startbahn West, 20 S. 10,90 (e153)"},"content":{"rendered":"<p><span style=\"font-family: Liberation Serif, serif;\"><span style=\"font-size: medium;\"><strong><span style=\"color: #202c46;\">B\u00fcrgerinitiative gegen<\/span><\/strong><span style=\"color: #202c46;\"> die <\/span><strong><span style=\"color: #202c46;\">Flughafenerweiterung<\/span><\/strong><span style=\"color: #202c46;\"> Frankfurt am Main (Hg.): \u201e<\/span><strong><span style=\"color: #202c46;\">Keine Startbahn West<\/span><\/strong><span style=\"color: #202c46;\">\u201c. Argumente, Bilder und Berichte (1981), 206 Seiten. 10,90\u20ac &#8211; Themen: das H\u00fcttendorf, der Wald, das Dorf, aus Sicht eines Piloten, Arbeitspl\u00e4tze, \u00d6kologie, wie alles anfing &#8230; Flughafen-Ptozesse, christlicher Widerstand, Gewerkschaft.<\/span><\/span><\/span><img loading=\"lazy\" decoding=\"async\" class=\"size-medium wp-image-19780 alignleft\" src=\"https:\/\/www.packpapierverlag.de\/wp-content\/uploads\/2026\/05\/e153keinestartbahn-199x300.jpg\" alt=\"\" width=\"199\" height=\"300\" srcset=\"https:\/\/www.packpapierverlag.de\/wp-content\/uploads\/2026\/05\/e153keinestartbahn-199x300.jpg 199w, https:\/\/www.packpapierverlag.de\/wp-content\/uploads\/2026\/05\/e153keinestartbahn-678x1024.jpg 678w, https:\/\/www.packpapierverlag.de\/wp-content\/uploads\/2026\/05\/e153keinestartbahn-1017x1536.jpg 1017w, https:\/\/www.packpapierverlag.de\/wp-content\/uploads\/2026\/05\/e153keinestartbahn-300x453.jpg 300w, https:\/\/www.packpapierverlag.de\/wp-content\/uploads\/2026\/05\/e153keinestartbahn.jpg 1159w\" sizes=\"auto, (max-width: 199px) 100vw, 199px\" \/><\/p>\n","protected":false},"excerpt":{"rendered":"<p>B\u00fcrgerinitiative gegen die Flughafenerweiterung Frankfurt am Main (Hg.): \u201eKeine Startbahn [&hellip;] &hellip; <a href=\"https:\/\/www.packpapierverlag.de\/?product=keine-startbahn-west-20-s-1090-e153\">Weiterlesen <span class=\"meta-nav\">&rarr;<\/span><\/a><\/p>\n","protected":false},"featured_media":19780,"template":"","meta":[],"product_brand":[],"product_cat":[9,43],"product_tag":[],"class_list":{"0":"post-19816","1":"product","2":"type-product","3":"status-publish","4":"has-post-thumbnail","6":"product_cat-bewegung-widerstand","7":"product_cat-oekologie-und-politik-krieg-und-frieden","9":"first","10":"instock","11":"shipping-taxable","12":"purchasable","13":"product-type-simple"},"_links":{"self":[{"href":"https:\/\/www.packpapierverlag.de\/index.php?rest_route=\/wp\/v2\/product\/19816","targetHints":{"allow":["GET"]}}],"collection":[{"href":"https:\/\/www.packpapierverlag.de\/index.php?rest_route=\/wp\/v2\/product"}],"about":[{"href":"https:\/\/www.packpapierverlag.de\/index.php?rest_route=\/wp\/v2\/types\/product"}],"wp:featuredmedia":[{"embeddable":true,"href":"https:\/\/www.packpapierverlag.de\/index.php?rest_route=\/wp\/v2\/media\/19780"}],"wp:attachment":[{"href":"https:\/\/www.packpapierverlag.de\/index.php?rest_route=%2Fwp%2Fv2%2Fmedia&parent=19816"}],"wp:term":[{"taxonomy":"product_brand","embeddable":true,"href":"https:\/\/www.packpapierverlag.de\/index.php?rest_route=%2Fwp%2Fv2%2Fproduct_brand&post=19816"},{"taxonomy":"product_cat","embeddable":true,"href":"https:\/\/www.packpapierverlag.de\/index.php?rest_route=%2Fwp%2Fv2%2Fproduct_cat&post=19816"},{"taxonomy":"product_tag","embeddable":true,"href":"https:\/\/www.packpapierverlag.de\/index.php?rest_route=%2Fwp%2Fv2%2Fproduct_tag&post=19816"}],"curies":[{"name":"wp","href":"https:\/\/api.w.org\/{rel}","templated":true}]}}