{"id":19820,"date":"2026-05-03T17:42:38","date_gmt":"2026-05-03T15:42:38","guid":{"rendered":"https:\/\/www.packpapierverlag.de\/?post_type=product&#038;p=19820"},"modified":"2026-05-03T17:42:39","modified_gmt":"2026-05-03T15:42:39","slug":"koch-ua-erfahrungen-politischer-sozialisation-212-s-1090-e154","status":"publish","type":"product","link":"https:\/\/www.packpapierverlag.de\/?product=koch-ua-erfahrungen-politischer-sozialisation-212-s-1090-e154","title":{"rendered":"Koch ua: Erfahrungen politischer Sozialisation, 212 S. 10,90 (e154)"},"content":{"rendered":"<p><span style=\"font-family: Liberation Serif, serif;\"><span style=\"font-size: medium;\">Koch, Brandes, Stubenrauch, Erfahrungen &#8211; Sozialisten bearbeiten ihre politische Sozialisation. Mit weiteren Beitr\u00e4gen von Anna L\u00fchse, Sonja Tesch, Hermann M\u00fchleisen,\u00a0<\/span><\/span><img loading=\"lazy\" decoding=\"async\" class=\"size-medium wp-image-19781 alignleft\" src=\"https:\/\/www.packpapierverlag.de\/wp-content\/uploads\/2026\/05\/e154koch-197x300.jpg\" alt=\"\" width=\"197\" height=\"300\" srcset=\"https:\/\/www.packpapierverlag.de\/wp-content\/uploads\/2026\/05\/e154koch-197x300.jpg 197w, https:\/\/www.packpapierverlag.de\/wp-content\/uploads\/2026\/05\/e154koch-674x1024.jpg 674w, https:\/\/www.packpapierverlag.de\/wp-content\/uploads\/2026\/05\/e154koch-1011x1536.jpg 1011w, https:\/\/www.packpapierverlag.de\/wp-content\/uploads\/2026\/05\/e154koch-300x456.jpg 300w, https:\/\/www.packpapierverlag.de\/wp-content\/uploads\/2026\/05\/e154koch.jpg 1152w\" sizes=\"auto, (max-width: 197px) 100vw, 197px\" \/><span style=\"font-family: Liberation Serif, serif;\"><span style=\"font-size: medium;\">Carola Lentz, Herbert Obenland u.a. 212 Seiten, 10,90\u20ac<\/span><\/span><\/p>\n","protected":false},"excerpt":{"rendered":"<p>Koch, Brandes, Stubenrauch, Erfahrungen &#8211; Sozialisten bearbeiten ihre politische Sozialisation. [&hellip;] &hellip; <a href=\"https:\/\/www.packpapierverlag.de\/?product=koch-ua-erfahrungen-politischer-sozialisation-212-s-1090-e154\">Weiterlesen <span class=\"meta-nav\">&rarr;<\/span><\/a><\/p>\n","protected":false},"featured_media":19781,"template":"","meta":[],"product_brand":[],"product_cat":[9,6],"product_tag":[],"class_list":{"0":"post-19820","1":"product","2":"type-product","3":"status-publish","4":"has-post-thumbnail","6":"product_cat-bewegung-widerstand","7":"product_cat-politik-und-geschichte","9":"first","10":"instock","11":"shipping-taxable","12":"purchasable","13":"product-type-simple"},"_links":{"self":[{"href":"https:\/\/www.packpapierverlag.de\/index.php?rest_route=\/wp\/v2\/product\/19820","targetHints":{"allow":["GET"]}}],"collection":[{"href":"https:\/\/www.packpapierverlag.de\/index.php?rest_route=\/wp\/v2\/product"}],"about":[{"href":"https:\/\/www.packpapierverlag.de\/index.php?rest_route=\/wp\/v2\/types\/product"}],"wp:featuredmedia":[{"embeddable":true,"href":"https:\/\/www.packpapierverlag.de\/index.php?rest_route=\/wp\/v2\/media\/19781"}],"wp:attachment":[{"href":"https:\/\/www.packpapierverlag.de\/index.php?rest_route=%2Fwp%2Fv2%2Fmedia&parent=19820"}],"wp:term":[{"taxonomy":"product_brand","embeddable":true,"href":"https:\/\/www.packpapierverlag.de\/index.php?rest_route=%2Fwp%2Fv2%2Fproduct_brand&post=19820"},{"taxonomy":"product_cat","embeddable":true,"href":"https:\/\/www.packpapierverlag.de\/index.php?rest_route=%2Fwp%2Fv2%2Fproduct_cat&post=19820"},{"taxonomy":"product_tag","embeddable":true,"href":"https:\/\/www.packpapierverlag.de\/index.php?rest_route=%2Fwp%2Fv2%2Fproduct_tag&post=19820"}],"curies":[{"name":"wp","href":"https:\/\/api.w.org\/{rel}","templated":true}]}}