{"id":19829,"date":"2026-05-03T17:55:50","date_gmt":"2026-05-03T15:55:50","guid":{"rendered":"https:\/\/www.packpapierverlag.de\/?post_type=product&#038;p=19829"},"modified":"2026-05-03T17:55:50","modified_gmt":"2026-05-03T15:55:50","slug":"schwendter-ua-psychosoziale-versorgung-78-s-790-e160","status":"publish","type":"product","link":"https:\/\/www.packpapierverlag.de\/?product=schwendter-ua-psychosoziale-versorgung-78-s-790-e160","title":{"rendered":"Schwendter ua: psychosoziale Versorgung 78 S. 7,90 (e160)"},"content":{"rendered":"<p><span style=\"font-family: Liberation Serif, serif;\"><span style=\"font-size: medium;\"><b>Ro<\/b><b>lf Schwendter u a<\/b>, <b>KRITIK DER PSYCHOSOZIALEN VERSORGUNG: <\/b>mit weiteren Beitr\u00e4gen. Materialis, HDB 18-19\/IDG 19, 78 S. Folio, 7,90 EUR, ISBN 3-88535-241-9<\/span><\/span><\/p>\n<p><span style=\"font-family: Liberation Serif, serif;\"><span style=\"font-size: medium;\">In den medizinischen Einrichtungen, die psychische Erkrankungen behandeln, wird dies als abweichendes Ve<img loading=\"lazy\" decoding=\"async\" class=\"size-medium wp-image-19787 alignleft\" src=\"https:\/\/www.packpapierverlag.de\/wp-content\/uploads\/2026\/05\/e160kritik-198x300.jpg\" alt=\"\" width=\"198\" height=\"300\" srcset=\"https:\/\/www.packpapierverlag.de\/wp-content\/uploads\/2026\/05\/e160kritik-198x300.jpg 198w, https:\/\/www.packpapierverlag.de\/wp-content\/uploads\/2026\/05\/e160kritik-675x1024.jpg 675w, https:\/\/www.packpapierverlag.de\/wp-content\/uploads\/2026\/05\/e160kritik-1012x1536.jpg 1012w, https:\/\/www.packpapierverlag.de\/wp-content\/uploads\/2026\/05\/e160kritik-300x455.jpg 300w, https:\/\/www.packpapierverlag.de\/wp-content\/uploads\/2026\/05\/e160kritik.jpg 1124w\" sizes=\"auto, (max-width: 198px) 100vw, 198px\" \/>rhalten klassifiziert: etwa als Schizophrenie, manisch-depressive St\u00f6rung oder Neurotizismus. Der Um-gang damit ist aber nicht durch Gesetze geregelt. Er hat sich aber stark gewandelt gegen\u00fcber fr\u00fcher. Doch noch immer sind die Einschlie\u00dfungen in den Psychiatrien, die Verabreichungen von Psychopharmaka oder die medizinischen Eingriffe oft desastr\u00f6s. Das Heft enth\u00e4lt Thesen, Analysen und Erfahrungsberichte. Mit weiteren Beitr. v. U. Blanke, Roswitha Gebauer, Christiae Heider, A. Hofmann, A. Letz, Wilma Neuenhagen, Michelangelo Notarianni, G\u00fcnter Pabst, Rose Ostermann, Dietmar Roeschke, Helmut R\u00fcddenklau, U. Stascheit, U. Tubbesing, Reinald Wei\u00df. Die Autoren behandeln die Themen &#8222;Wohngruppenmodelle, Behindertenwerkst\u00e4tten, \u00dcbergangsheime, alternative Wohngemeinschaften, psychosoziale AGs&#8220;. Dazu kommt ein Beitrag &#8222;Zum Tode Basaglias&#8220;, dem Begr\u00fcnder der Antipsychiatrie<\/span><\/span><\/p>\n","protected":false},"excerpt":{"rendered":"<p>Rolf Schwendter u a, KRITIK DER PSYCHOSOZIALEN VERSORGUNG: mit weiteren [&hellip;] &hellip; <a href=\"https:\/\/www.packpapierverlag.de\/?product=schwendter-ua-psychosoziale-versorgung-78-s-790-e160\">Weiterlesen <span class=\"meta-nav\">&rarr;<\/span><\/a><\/p>\n","protected":false},"featured_media":19787,"template":"","meta":[],"product_brand":[],"product_cat":[9,43,6],"product_tag":[],"class_list":{"0":"post-19829","1":"product","2":"type-product","3":"status-publish","4":"has-post-thumbnail","6":"product_cat-bewegung-widerstand","7":"product_cat-oekologie-und-politik-krieg-und-frieden","8":"product_cat-politik-und-geschichte","10":"first","11":"instock","12":"shipping-taxable","13":"purchasable","14":"product-type-simple"},"_links":{"self":[{"href":"https:\/\/www.packpapierverlag.de\/index.php?rest_route=\/wp\/v2\/product\/19829","targetHints":{"allow":["GET"]}}],"collection":[{"href":"https:\/\/www.packpapierverlag.de\/index.php?rest_route=\/wp\/v2\/product"}],"about":[{"href":"https:\/\/www.packpapierverlag.de\/index.php?rest_route=\/wp\/v2\/types\/product"}],"wp:featuredmedia":[{"embeddable":true,"href":"https:\/\/www.packpapierverlag.de\/index.php?rest_route=\/wp\/v2\/media\/19787"}],"wp:attachment":[{"href":"https:\/\/www.packpapierverlag.de\/index.php?rest_route=%2Fwp%2Fv2%2Fmedia&parent=19829"}],"wp:term":[{"taxonomy":"product_brand","embeddable":true,"href":"https:\/\/www.packpapierverlag.de\/index.php?rest_route=%2Fwp%2Fv2%2Fproduct_brand&post=19829"},{"taxonomy":"product_cat","embeddable":true,"href":"https:\/\/www.packpapierverlag.de\/index.php?rest_route=%2Fwp%2Fv2%2Fproduct_cat&post=19829"},{"taxonomy":"product_tag","embeddable":true,"href":"https:\/\/www.packpapierverlag.de\/index.php?rest_route=%2Fwp%2Fv2%2Fproduct_tag&post=19829"}],"curies":[{"name":"wp","href":"https:\/\/api.w.org\/{rel}","templated":true}]}}