{"id":19840,"date":"2026-05-03T19:28:46","date_gmt":"2026-05-03T17:28:46","guid":{"rendered":"https:\/\/www.packpapierverlag.de\/?post_type=product&#038;p=19840"},"modified":"2026-05-03T19:28:47","modified_gmt":"2026-05-03T17:28:47","slug":"oskar-negt-theorie-und-praxis-heute-80-s-890-e149","status":"publish","type":"product","link":"https:\/\/www.packpapierverlag.de\/?product=oskar-negt-theorie-und-praxis-heute-80-s-890-e149","title":{"rendered":"Oskar Negt, Theorie und Praxis heute, 80 S. 8,90 (e149)"},"content":{"rendered":"<p>Oskar Negt, Theorie und Praxis heute &#8211; Ein Koloquium zur Theorie und Wirksamkeit von <img loading=\"lazy\" decoding=\"async\" class=\"size-medium wp-image-19776 alignleft\" src=\"https:\/\/www.packpapierverlag.de\/wp-content\/uploads\/2026\/05\/e149negt-213x300.jpg\" alt=\"\" width=\"213\" height=\"300\" srcset=\"https:\/\/www.packpapierverlag.de\/wp-content\/uploads\/2026\/05\/e149negt-213x300.jpg 213w, https:\/\/www.packpapierverlag.de\/wp-content\/uploads\/2026\/05\/e149negt-726x1024.jpg 726w, https:\/\/www.packpapierverlag.de\/wp-content\/uploads\/2026\/05\/e149negt-1089x1536.jpg 1089w, https:\/\/www.packpapierverlag.de\/wp-content\/uploads\/2026\/05\/e149negt-300x423.jpg 300w, https:\/\/www.packpapierverlag.de\/wp-content\/uploads\/2026\/05\/e149negt.jpg 1122w\" sizes=\"auto, (max-width: 213px) 100vw, 213px\" \/>J\u00fcrgen Habermas, mit weiteren Beitr\u00e4gen von Horster, Zimmermann, Christoph, Siebert, Sch\u00e4fer, 80 Seiten, 8,90\u20ac<\/p>\n","protected":false},"excerpt":{"rendered":"<p>Oskar Negt, Theorie und Praxis heute &#8211; Ein Koloquium zur [&hellip;] &hellip; <a href=\"https:\/\/www.packpapierverlag.de\/?product=oskar-negt-theorie-und-praxis-heute-80-s-890-e149\">Weiterlesen <span class=\"meta-nav\">&rarr;<\/span><\/a><\/p>\n","protected":false},"featured_media":19776,"template":"","meta":[],"product_brand":[],"product_cat":[9,6],"product_tag":[],"class_list":{"0":"post-19840","1":"product","2":"type-product","3":"status-publish","4":"has-post-thumbnail","6":"product_cat-bewegung-widerstand","7":"product_cat-politik-und-geschichte","9":"first","10":"instock","11":"shipping-taxable","12":"purchasable","13":"product-type-simple"},"_links":{"self":[{"href":"https:\/\/www.packpapierverlag.de\/index.php?rest_route=\/wp\/v2\/product\/19840","targetHints":{"allow":["GET"]}}],"collection":[{"href":"https:\/\/www.packpapierverlag.de\/index.php?rest_route=\/wp\/v2\/product"}],"about":[{"href":"https:\/\/www.packpapierverlag.de\/index.php?rest_route=\/wp\/v2\/types\/product"}],"wp:featuredmedia":[{"embeddable":true,"href":"https:\/\/www.packpapierverlag.de\/index.php?rest_route=\/wp\/v2\/media\/19776"}],"wp:attachment":[{"href":"https:\/\/www.packpapierverlag.de\/index.php?rest_route=%2Fwp%2Fv2%2Fmedia&parent=19840"}],"wp:term":[{"taxonomy":"product_brand","embeddable":true,"href":"https:\/\/www.packpapierverlag.de\/index.php?rest_route=%2Fwp%2Fv2%2Fproduct_brand&post=19840"},{"taxonomy":"product_cat","embeddable":true,"href":"https:\/\/www.packpapierverlag.de\/index.php?rest_route=%2Fwp%2Fv2%2Fproduct_cat&post=19840"},{"taxonomy":"product_tag","embeddable":true,"href":"https:\/\/www.packpapierverlag.de\/index.php?rest_route=%2Fwp%2Fv2%2Fproduct_tag&post=19840"}],"curies":[{"name":"wp","href":"https:\/\/api.w.org\/{rel}","templated":true}]}}