{"id":19863,"date":"2026-05-03T20:12:17","date_gmt":"2026-05-03T18:12:17","guid":{"rendered":"https:\/\/www.packpapierverlag.de\/?post_type=product&#038;p=19863"},"modified":"2026-05-03T20:12:18","modified_gmt":"2026-05-03T18:12:18","slug":"wolfstetter-trump-or-well-102-s-890-e163","status":"publish","type":"product","link":"https:\/\/www.packpapierverlag.de\/?product=wolfstetter-trump-or-well-102-s-890-e163","title":{"rendered":"Wolfstetter: TRUMP OR WELL? 102 S. 8,90 (e163)"},"content":{"rendered":"<p><span style=\"font-family: Liberation Serif, serif;\"><span style=\"font-size: medium;\"><b>Lothar Wolfstetter, TRUMP OR WELL<\/b>, BAND 2: Das ist hier die Frage. ISBN 3-88535-587-6, Materialis 2025, 102 S Spiralbindung, 21&#215;14,8 cm, 8,90 \u20ac<\/span><\/span><\/p>\n<p><span style=\"font-family: Liberation Serif, serif;\"><span style=\"font-size: medium;\"><img loading=\"lazy\" decoding=\"async\" class=\"size-medium wp-image-19790 alignleft\" src=\"https:\/\/www.packpapierverlag.de\/wp-content\/uploads\/2026\/05\/e163wolf-trump-218x300.jpg\" alt=\"\" width=\"218\" height=\"300\" srcset=\"https:\/\/www.packpapierverlag.de\/wp-content\/uploads\/2026\/05\/e163wolf-trump-218x300.jpg 218w, https:\/\/www.packpapierverlag.de\/wp-content\/uploads\/2026\/05\/e163wolf-trump-745x1024.jpg 745w, https:\/\/www.packpapierverlag.de\/wp-content\/uploads\/2026\/05\/e163wolf-trump-300x412.jpg 300w, https:\/\/www.packpapierverlag.de\/wp-content\/uploads\/2026\/05\/e163wolf-trump.jpg 977w\" sizes=\"auto, (max-width: 218px) 100vw, 218px\" \/>Inhalt: Einf\u00fchrung * ZUR ERSTEN PR\u00c4SIDENTSCHAFT VON TRUMP: Eine Insiderin packt aus * Die massiven Wahlbeeinflussungen durch Russland * ZUR ZWEITEN PR\u00c4SIDENTSCHAFT VON TRUMP: Einsichten und Aussichten &#8211; Aktuelles &#8211; Die neue Ausbeutung des Bewusstseins durch Trump &#8211; Der Triumph der Arbeitenden \u00fcber Kapital und Boden &#8211; Die Tescreal-Ideologie der Tech-Milliard\u00e4re &#8211; Die Schutzzollpolitik unter Trump * DIE ENTWICKLUNG DES US-KAPITALISMUS VON 1918 BIS HEUTE: Der USA-Imperialismus rund um den 1. Weltkrieg und bis 1933 &#8211; Der USA-Imperialismus in der Zeit nach dem 2. Weltkrieg bis 1951 &#8211; Das Vorgehen des US-Kapitalismus in Westeuropa zwischen 1952-1979 &#8211; Das Vorgehen des -Kapitalismus in Westeuropa von 1980 bis heute * CHARAKTERISTIK DER US-MACHT-ELITE: Die US-Machtelite und die m\u00f6gliche Gegenallianz heute &#8211; Der Narzissmus der US-Machtelite nach Erich Fromm <span lang=\"de-DE\">&#8211; Spot-lights auf die Tech-Milliard\u00e4re * Nachtrag zum Fordismus und Schluss<\/span><\/span><\/span><\/p>\n","protected":false},"excerpt":{"rendered":"<p>Lothar Wolfstetter, TRUMP OR WELL, BAND 2: Das ist hier [&hellip;] &hellip; <a href=\"https:\/\/www.packpapierverlag.de\/?product=wolfstetter-trump-or-well-102-s-890-e163\">Weiterlesen <span class=\"meta-nav\">&rarr;<\/span><\/a><\/p>\n","protected":false},"featured_media":19790,"template":"","meta":[],"product_brand":[],"product_cat":[9,6],"product_tag":[],"class_list":{"0":"post-19863","1":"product","2":"type-product","3":"status-publish","4":"has-post-thumbnail","6":"product_cat-bewegung-widerstand","7":"product_cat-politik-und-geschichte","9":"first","10":"instock","11":"shipping-taxable","12":"purchasable","13":"product-type-simple"},"_links":{"self":[{"href":"https:\/\/www.packpapierverlag.de\/index.php?rest_route=\/wp\/v2\/product\/19863","targetHints":{"allow":["GET"]}}],"collection":[{"href":"https:\/\/www.packpapierverlag.de\/index.php?rest_route=\/wp\/v2\/product"}],"about":[{"href":"https:\/\/www.packpapierverlag.de\/index.php?rest_route=\/wp\/v2\/types\/product"}],"wp:featuredmedia":[{"embeddable":true,"href":"https:\/\/www.packpapierverlag.de\/index.php?rest_route=\/wp\/v2\/media\/19790"}],"wp:attachment":[{"href":"https:\/\/www.packpapierverlag.de\/index.php?rest_route=%2Fwp%2Fv2%2Fmedia&parent=19863"}],"wp:term":[{"taxonomy":"product_brand","embeddable":true,"href":"https:\/\/www.packpapierverlag.de\/index.php?rest_route=%2Fwp%2Fv2%2Fproduct_brand&post=19863"},{"taxonomy":"product_cat","embeddable":true,"href":"https:\/\/www.packpapierverlag.de\/index.php?rest_route=%2Fwp%2Fv2%2Fproduct_cat&post=19863"},{"taxonomy":"product_tag","embeddable":true,"href":"https:\/\/www.packpapierverlag.de\/index.php?rest_route=%2Fwp%2Fv2%2Fproduct_tag&post=19863"}],"curies":[{"name":"wp","href":"https:\/\/api.w.org\/{rel}","templated":true}]}}