{"id":207,"date":"2010-12-05T21:43:30","date_gmt":"2010-12-05T20:43:30","guid":{"rendered":"http:\/\/www.packpapierverlag.de\/neu\/?p=207"},"modified":"2017-05-04T13:23:31","modified_gmt":"2017-05-04T11:23:31","slug":"lilli-hirserezepte","status":"publish","type":"product","link":"https:\/\/www.packpapierverlag.de\/?product=lilli-hirserezepte","title":{"rendered":"Lillis Hirse Rezepte (vegan) (p85)"},"content":{"rendered":"<p><a href=\"https:\/\/www.packpapierverlag.de\/wp-content\/uploads\/2010\/12\/Lillis-Hirserezepte.jpg\"><img loading=\"lazy\" decoding=\"async\" class=\"alignleft size-medium wp-image-2885\" title=\"Lillis Hirserezepte\" src=\"https:\/\/www.packpapierverlag.de\/wp-content\/uploads\/2010\/12\/Lillis-Hirserezepte-215x300.jpg\" alt=\"\" width=\"215\" height=\"300\" srcset=\"https:\/\/www.packpapierverlag.de\/wp-content\/uploads\/2010\/12\/Lillis-Hirserezepte-215x300.jpg 215w, https:\/\/www.packpapierverlag.de\/wp-content\/uploads\/2010\/12\/Lillis-Hirserezepte-300x418.jpg 300w, https:\/\/www.packpapierverlag.de\/wp-content\/uploads\/2010\/12\/Lillis-Hirserezepte.jpg 381w\" sizes=\"auto, (max-width: 215px) 100vw, 215px\" \/><\/a><small style=\"color: #254b4b;\"><big style=\"color: #6d246d;\"><span style=\"font-family: Helvetica,Arial,sans-serif; font-weight: bold;\">Lillis Hirse- Rezepte<\/span><\/big><br style=\"font-family: Helvetica,Arial,sans-serif;\" \/><span style=\"font-family: Helvetica,Arial,sans-serif;\">Kleine Naturkost- Brosch\u00fcre in DIN A6 mit 64 Seiten, bunt gedruckt. Packpapier- Verlag<\/span> <\/small><\/p>\n<p><small style=\"color: #254b4b;\"><span style=\"font-family: Helvetica,Arial,sans-serif;\">34 rein pflanzliche Rezepte (vegan!) mit feiner Hirse. <\/span><span style=\"font-family: Helvetica,Arial,sans-serif;\">Dazu Wissenswertes \u00fcber die Hirsepflanze und \u00fcber verfehltes Importverhalten, sowie Grimms \u201eM\u00e4rchen vom s\u00fc\u00dfen Brei\u201c.<\/span><br style=\"font-family: Helvetica,Arial,sans-serif;\" \/><span style=\"font-family: Helvetica,Arial,sans-serif; font-weight: bold; color: #6d246d;\">Inhalt:<\/span> <span style=\"font-family: Helvetica,Arial,sans-serif;\">* Hirse- Geschichten *<\/span> <span style=\"font-family: Helvetica,Arial,sans-serif;\">* Das M\u00e4rchen vom s\u00fc\u00dfen Brei *<\/span> <span style=\"font-family: Helvetica,Arial,sans-serif; font-weight: bold;\">Brei:<\/span><span style=\"font-family: Helvetica,Arial,sans-serif;\"> * Sojamilch- Brei * Grundrezept Hirse- Brei* W\u00fcrziger Brei * Kerniger Brei * Pudding * M\u00fcsli *<\/span> <span style=\"font-family: Helvetica,Arial,sans-serif; font-weight: bold;\">Topf:<\/span><span style=\"font-family: Helvetica,Arial,sans-serif;\"> * Suppe mit Tempeh * Brennesselsuppe * Gem\u00fcseeintopf * Hirse- Otto *<\/span> <span style=\"font-family: Helvetica,Arial,sans-serif; font-weight: bold;\">Pfanne:<\/span><span style=\"font-family: Helvetica,Arial,sans-serif;\"> * Gem\u00fcse- Hirse- Pfanne * Gef\u00fcllte Tomaten\/ Paprika * Bratlinge I * Bratlinge II * Bratlinge III * Backlinge * Kohlrouladen * Kl\u00f6\u00dfe * Tofukl\u00f6\u00dfe mit Wirsing * Pizza * Bananenpfannkuchen *<\/span> <span style=\"font-family: Helvetica,Arial,sans-serif; font-weight: bold;\">\u00dcberbackenes:<\/span><span style=\"font-family: Helvetica,Arial,sans-serif;\"> * Auflauf mit Sojamilch * W\u00fcrziger Auflauf * Obstauflauf * Kirschenauflauf * Tomatenauflauf * M\u00f6hrenauflauf * Auflauf mit tempeh * Hirserand *<\/span> <span style=\"font-family: Helvetica,Arial,sans-serif; font-weight: bold;\">Geb\u00e4ck:<\/span><span style=\"font-family: Helvetica,Arial,sans-serif;\"> * Tempeh-Pl\u00e4tzchen * Hirse- Flocken- Sterne * Fladen * Br\u00f6tchen Brot *<\/span><br style=\"font-family: Helvetica,Arial,sans-serif;\" \/><span style=\"font-family: Helvetica,Arial,sans-serif; font-weight: bold; color: #6d246d;\">*********************<\/span><\/small><\/p>\n","protected":false},"excerpt":{"rendered":"<p>Lillis Hirse- RezepteKleine Naturkost- Brosch\u00fcre in DIN A6 mit 64 [&hellip;] &hellip; <a href=\"https:\/\/www.packpapierverlag.de\/?product=lilli-hirserezepte\">Weiterlesen <span class=\"meta-nav\">&rarr;<\/span><\/a><\/p>\n","protected":false},"featured_media":2885,"template":"","meta":[],"product_brand":[],"product_cat":[14,15,3],"product_tag":[],"class_list":{"0":"post-207","1":"product","2":"type-product","3":"status-publish","4":"has-post-thumbnail","6":"product_cat-kleine-reihe-naturkost-broschuren","7":"product_cat-kochbucher-ernahrung-bewusstsein","8":"product_cat-produkte","10":"first","11":"instock","12":"shipping-taxable","13":"purchasable","14":"product-type-simple"},"_links":{"self":[{"href":"https:\/\/www.packpapierverlag.de\/index.php?rest_route=\/wp\/v2\/product\/207","targetHints":{"allow":["GET"]}}],"collection":[{"href":"https:\/\/www.packpapierverlag.de\/index.php?rest_route=\/wp\/v2\/product"}],"about":[{"href":"https:\/\/www.packpapierverlag.de\/index.php?rest_route=\/wp\/v2\/types\/product"}],"wp:featuredmedia":[{"embeddable":true,"href":"https:\/\/www.packpapierverlag.de\/index.php?rest_route=\/wp\/v2\/media\/2885"}],"wp:attachment":[{"href":"https:\/\/www.packpapierverlag.de\/index.php?rest_route=%2Fwp%2Fv2%2Fmedia&parent=207"}],"wp:term":[{"taxonomy":"product_brand","embeddable":true,"href":"https:\/\/www.packpapierverlag.de\/index.php?rest_route=%2Fwp%2Fv2%2Fproduct_brand&post=207"},{"taxonomy":"product_cat","embeddable":true,"href":"https:\/\/www.packpapierverlag.de\/index.php?rest_route=%2Fwp%2Fv2%2Fproduct_cat&post=207"},{"taxonomy":"product_tag","embeddable":true,"href":"https:\/\/www.packpapierverlag.de\/index.php?rest_route=%2Fwp%2Fv2%2Fproduct_tag&post=207"}],"curies":[{"name":"wp","href":"https:\/\/api.w.org\/{rel}","templated":true}]}}