{"id":209,"date":"2010-12-05T21:45:20","date_gmt":"2010-12-05T20:45:20","guid":{"rendered":"http:\/\/www.packpapierverlag.de\/neu\/?p=209"},"modified":"2017-05-04T13:23:04","modified_gmt":"2017-05-04T11:23:04","slug":"der-kleine-kuchenhimmel","status":"publish","type":"product","link":"https:\/\/www.packpapierverlag.de\/?product=der-kleine-kuchenhimmel","title":{"rendered":"Unser kleiner Kuchenhimmel Backrezepte (p22)"},"content":{"rendered":"<p><a href=\"https:\/\/www.packpapierverlag.de\/wp-content\/uploads\/2010\/12\/Kuchenhimmel.jpg\"><img loading=\"lazy\" decoding=\"async\" class=\"alignleft size-medium wp-image-2887\" title=\"Kuchenhimmel\" src=\"https:\/\/www.packpapierverlag.de\/wp-content\/uploads\/2010\/12\/Kuchenhimmel-209x300.jpg\" alt=\"\" width=\"209\" height=\"300\" srcset=\"https:\/\/www.packpapierverlag.de\/wp-content\/uploads\/2010\/12\/Kuchenhimmel-209x300.jpg 209w, https:\/\/www.packpapierverlag.de\/wp-content\/uploads\/2010\/12\/Kuchenhimmel-300x429.jpg 300w, https:\/\/www.packpapierverlag.de\/wp-content\/uploads\/2010\/12\/Kuchenhimmel-716x1024.jpg 716w, https:\/\/www.packpapierverlag.de\/wp-content\/uploads\/2010\/12\/Kuchenhimmel.jpg 1024w\" sizes=\"auto, (max-width: 209px) 100vw, 209px\" \/><\/a><small style=\"color: #004646;\"><span style=\"color: #ff9900;\"><big style=\"font-weight: bold; color: #712571;\"><span style=\"font-family: Helvetica,Arial,sans-serif;\">Unser kleiner Kuchenhimmel<\/span><\/big><span style=\"font-family: Helvetica,Arial,sans-serif; font-weight: bold;\"><br \/>\n<big>Backrezepte<\/big><\/span><\/span><br style=\"font-family: Helvetica,Arial,sans-serif;\" \/><span style=\"font-family: Helvetica,Arial,sans-serif;\">Leckere, vollwertig- vegetarische Backrezepte in gut lesbarer Handschrift. Heft mit 16 Seiten.<\/span> <span style=\"font-family: Helvetica,Arial,sans-serif;\">Herausgegeben im Packpapier Verlag Osnabr\u00fcck in Kooperation mit dem \u201eAachener Zimtstern\u201c (damaliger Bioladen mit B\u00e4ckerei)<\/span><br style=\"font-family: Helvetica,Arial,sans-serif;\" \/><span style=\"font-family: Helvetica,Arial,sans-serif; font-weight: bold;\">Inhalt:<\/span><span style=\"font-family: Helvetica,Arial,sans-serif;\"><br \/>\n* \u00dcbers Kuchenbacken * \u00dcber die Gemeinschaft der biologischen Nahrungsmittel: Vollmehl, S\u00fc\u00dfmittel * Kleine Tips: Streusel und Hefegrundteig * Muftis * Tahinkugeln * M\u00f6hrenkuchen * Mohnkuchen * Reiskuchen * Haselnu\u00dfkuchen * Apfelkuchen * Haferschnitten * Gew\u00fcrzkuchen * Sesamkekse *<\/span><span style=\"font-family: Helvetica,Arial,sans-serif; font-weight: bold; color: #006600;\"><br \/>\n<\/span><\/small><\/p>\n","protected":false},"excerpt":{"rendered":"<p>Unser kleiner Kuchenhimmel BackrezepteLeckere, vollwertig- vegetarische Backrezepte in gut lesbarer [&hellip;] &hellip; <a href=\"https:\/\/www.packpapierverlag.de\/?product=der-kleine-kuchenhimmel\">Weiterlesen <span class=\"meta-nav\">&rarr;<\/span><\/a><\/p>\n","protected":false},"featured_media":2887,"template":"","meta":[],"product_brand":[],"product_cat":[14,15,3],"product_tag":[],"class_list":{"0":"post-209","1":"product","2":"type-product","3":"status-publish","4":"has-post-thumbnail","6":"product_cat-kleine-reihe-naturkost-broschuren","7":"product_cat-kochbucher-ernahrung-bewusstsein","8":"product_cat-produkte","10":"first","11":"instock","12":"shipping-taxable","13":"purchasable","14":"product-type-simple"},"_links":{"self":[{"href":"https:\/\/www.packpapierverlag.de\/index.php?rest_route=\/wp\/v2\/product\/209","targetHints":{"allow":["GET"]}}],"collection":[{"href":"https:\/\/www.packpapierverlag.de\/index.php?rest_route=\/wp\/v2\/product"}],"about":[{"href":"https:\/\/www.packpapierverlag.de\/index.php?rest_route=\/wp\/v2\/types\/product"}],"wp:featuredmedia":[{"embeddable":true,"href":"https:\/\/www.packpapierverlag.de\/index.php?rest_route=\/wp\/v2\/media\/2887"}],"wp:attachment":[{"href":"https:\/\/www.packpapierverlag.de\/index.php?rest_route=%2Fwp%2Fv2%2Fmedia&parent=209"}],"wp:term":[{"taxonomy":"product_brand","embeddable":true,"href":"https:\/\/www.packpapierverlag.de\/index.php?rest_route=%2Fwp%2Fv2%2Fproduct_brand&post=209"},{"taxonomy":"product_cat","embeddable":true,"href":"https:\/\/www.packpapierverlag.de\/index.php?rest_route=%2Fwp%2Fv2%2Fproduct_cat&post=209"},{"taxonomy":"product_tag","embeddable":true,"href":"https:\/\/www.packpapierverlag.de\/index.php?rest_route=%2Fwp%2Fv2%2Fproduct_tag&post=209"}],"curies":[{"name":"wp","href":"https:\/\/api.w.org\/{rel}","templated":true}]}}