{"id":211,"date":"2010-12-05T21:47:28","date_gmt":"2010-12-05T20:47:28","guid":{"rendered":"http:\/\/www.packpapierverlag.de\/neu\/?p=211"},"modified":"2017-05-04T13:22:38","modified_gmt":"2017-05-04T11:22:38","slug":"kuchenpa-radieschen","status":"publish","type":"product","link":"https:\/\/www.packpapierverlag.de\/?product=kuchenpa-radieschen","title":{"rendered":"Kuchenpa &#8211; Radieschen Leichte Backrezepte ohne Ei (p47)"},"content":{"rendered":"<p><a href=\"https:\/\/www.packpapierverlag.de\/wp-content\/uploads\/2017\/04\/Kuchenparadieschen.jpg\" rel=\"attachment wp-att-7240\"><img loading=\"lazy\" decoding=\"async\" class=\"size-medium wp-image-7240 alignleft\" src=\"https:\/\/www.packpapierverlag.de\/wp-content\/uploads\/2017\/04\/Kuchenparadieschen-198x300.jpg\" alt=\"Kuchenparadieschen\" width=\"198\" height=\"300\" srcset=\"https:\/\/www.packpapierverlag.de\/wp-content\/uploads\/2017\/04\/Kuchenparadieschen-198x300.jpg 198w, https:\/\/www.packpapierverlag.de\/wp-content\/uploads\/2017\/04\/Kuchenparadieschen-300x454.jpg 300w, https:\/\/www.packpapierverlag.de\/wp-content\/uploads\/2017\/04\/Kuchenparadieschen-768x1163.jpg 768w, https:\/\/www.packpapierverlag.de\/wp-content\/uploads\/2017\/04\/Kuchenparadieschen-676x1024.jpg 676w, https:\/\/www.packpapierverlag.de\/wp-content\/uploads\/2017\/04\/Kuchenparadieschen.jpg 1024w\" sizes=\"auto, (max-width: 198px) 100vw, 198px\" \/><\/a><big style=\"color: #5b2d5b;\"><span style=\"font-family: Helvetica,Arial,sans-serif; font-weight: bold;\">Lachender M\u00f6we` s fliegendes Kuchenpa Radischen.<\/span><br style=\"font-family: Helvetica,Arial,sans-serif;\" \/><span style=\"font-family: Helvetica,Arial,sans-serif; font-weight: bold;\">Leichte Back- Rezepte aus vollem Korn, ohne Ei.<\/span><\/big><br style=\"font-family: Helvetica,Arial,sans-serif;\" \/><span style=\"font-family: Helvetica,Arial,sans-serif;\">Packpapier Nr. 47. Brosch\u00fcre, Din A 5, 32 Seiten.<\/span><br style=\"font-family: Helvetica,Arial,sans-serif;\" \/><span style=\"font-family: Helvetica,Arial,sans-serif;\">Hier wird in 25 Rezepten gezeigt, wie man ohne Ei vegetarisch backen kann.<\/span><br style=\"font-family: Helvetica,Arial,sans-serif;\" \/><span style=\"font-family: Helvetica,Arial,sans-serif;\">Folgende Rezepte sind enthalten: * Golden Temple Sahne Bananen Torte * Prasat (indische Grieskugeln) * Linzer Torte * Kokosfladen * Ceylon Torte * Flap-Jacks (Haferschnitten) * Birnen-Dattel-Kuchen * Mandelkukies * Pflaumenmustorte mit Birnen * Quark Fruchtquarktorte * Sonnentorte (3 bis 5 Schichten) * Sonne im Jang Ce Kiang * Aprikosen-Taler * Puddingkuchen * Obstkuchen * Knusper- Kekse * Christgeb\u00e4ck * Mohn-Hirse-Kuchen * Nochmals Knusper-Kekse * Mai-Torte * Nu\u00df-Konfekt * Fr\u00fcchte-Brot spezial * Nu\u00df-Ecken * Marzipan * Gisberts Dattelkuchen *<\/span><\/p>\n","protected":false},"excerpt":{"rendered":"<p>Lachender M\u00f6we` s fliegendes Kuchenpa Radischen.Leichte Back- Rezepte aus vollem [&hellip;] &hellip; <a href=\"https:\/\/www.packpapierverlag.de\/?product=kuchenpa-radieschen\">Weiterlesen <span class=\"meta-nav\">&rarr;<\/span><\/a><\/p>\n","protected":false},"featured_media":7240,"template":"","meta":[],"product_brand":[],"product_cat":[14,15,3],"product_tag":[],"class_list":{"0":"post-211","1":"product","2":"type-product","3":"status-publish","4":"has-post-thumbnail","6":"product_cat-kleine-reihe-naturkost-broschuren","7":"product_cat-kochbucher-ernahrung-bewusstsein","8":"product_cat-produkte","10":"first","11":"instock","12":"shipping-taxable","13":"purchasable","14":"product-type-simple"},"_links":{"self":[{"href":"https:\/\/www.packpapierverlag.de\/index.php?rest_route=\/wp\/v2\/product\/211","targetHints":{"allow":["GET"]}}],"collection":[{"href":"https:\/\/www.packpapierverlag.de\/index.php?rest_route=\/wp\/v2\/product"}],"about":[{"href":"https:\/\/www.packpapierverlag.de\/index.php?rest_route=\/wp\/v2\/types\/product"}],"wp:featuredmedia":[{"embeddable":true,"href":"https:\/\/www.packpapierverlag.de\/index.php?rest_route=\/wp\/v2\/media\/7240"}],"wp:attachment":[{"href":"https:\/\/www.packpapierverlag.de\/index.php?rest_route=%2Fwp%2Fv2%2Fmedia&parent=211"}],"wp:term":[{"taxonomy":"product_brand","embeddable":true,"href":"https:\/\/www.packpapierverlag.de\/index.php?rest_route=%2Fwp%2Fv2%2Fproduct_brand&post=211"},{"taxonomy":"product_cat","embeddable":true,"href":"https:\/\/www.packpapierverlag.de\/index.php?rest_route=%2Fwp%2Fv2%2Fproduct_cat&post=211"},{"taxonomy":"product_tag","embeddable":true,"href":"https:\/\/www.packpapierverlag.de\/index.php?rest_route=%2Fwp%2Fv2%2Fproduct_tag&post=211"}],"curies":[{"name":"wp","href":"https:\/\/api.w.org\/{rel}","templated":true}]}}